{"id":88,"date":"2013-08-11T19:22:53","date_gmt":"2013-08-11T19:22:53","guid":{"rendered":"http:\/\/localhost:8888\/test\/?page_id=532"},"modified":"2022-10-28T14:34:27","modified_gmt":"2022-10-28T14:34:27","slug":"kontakt","status":"publish","type":"page","link":"https:\/\/hicabistan.com\/de\/kontakt\/","title":{"rendered":"Kontakt"},"content":{"rendered":"<div class=\"row\"  id=\"row-670013696\">\n\n\n\t<div id=\"col-666322534\" class=\"col medium-6 large-6\"  >\n\t\t\t\t<div class=\"col-inner\"  >\n\t\t\t\n\t\t\t\n\n<div class=\"container section-title-container\" ><h3 class=\"section-title section-title-normal\"><b aria-hidden=\"true\"><\/b><span class=\"section-title-main\" >H\u00e4ufig gestellte Fragen<\/span><b aria-hidden=\"true\"><\/b><\/h3><\/div>\n\n<p class=\"lead\">Bitte lesen Sie unsere FAQ, bevor Sie uns eine Nachricht senden.<\/p>\n<div class=\"accordion\">\n\n\t<div id=\"accordion-1217494832\" class=\"accordion-item\">\n\t\t<a id=\"accordion-1217494832-label\" class=\"accordion-title plain\" href=\"#accordion-item-what-are-the-delivery-charges-for-orders-from-the-online-shop?\" aria-expanded=\"false\" aria-controls=\"accordion-1217494832-content\">\n\t\t\t<button class=\"toggle\" aria-label=\"Umschalten\"><i class=\"icon-angle-down\" aria-hidden=\"true\"><\/i><\/button>\n\t\t\t<span>Wie hoch sind die Versandkosten f\u00fcr Bestellungen aus dem Online-Shop?<\/span>\n\t\t<\/a>\n\t\t<div id=\"accordion-1217494832-content\" class=\"accordion-inner\" aria-labelledby=\"accordion-1217494832-label\">\n\t\t\t\n\n<p><strong>30 KG 1 Kiste 60x40x40<\/strong><\/p>\n<ol>\n<li>Frankreich, Belgien, Niederlande, \u00d6sterreich, Deutschland: 75 \u20ac<\/li>\n<li>Italien, Spanien: 100\u20ac<\/li>\n<li>D\u00e4nemark, Schweden: 110\u20ac<\/li>\n<li>England, Irland, Schottland: 180\u20ac<\/li>\n<li>USA, Kanada: 270$USD<\/li>\n<\/ol>\n\n\t\t<\/div>\n\t<\/div>\n\t\n\t<div id=\"accordion-1009610462\" class=\"accordion-item\">\n\t\t<a id=\"accordion-1009610462-label\" class=\"accordion-title plain\" href=\"#accordion-item-which-payment-methods-are-accepted-in-the-online-shop?\" aria-expanded=\"false\" aria-controls=\"accordion-1009610462-content\">\n\t\t\t<button class=\"toggle\" aria-label=\"Umschalten\"><i class=\"icon-angle-down\" aria-hidden=\"true\"><\/i><\/button>\n\t\t\t<span>Welche Zahlungsarten werden im Onlineshop akzeptiert?<\/span>\n\t\t<\/a>\n\t\t<div id=\"accordion-1009610462-content\" class=\"accordion-inner\" aria-labelledby=\"accordion-1009610462-label\">\n\t\t\t\n\n<p>Bank\u00fcberweisung, Western Union, Ria, TransferGo, TransferWise (PayPal funktioniert in der T\u00fcrkei leider seit 2016 nicht mehr)<\/p>\n\n\t\t<\/div>\n\t<\/div>\n\t\n\t<div id=\"accordion-971509154\" class=\"accordion-item\">\n\t\t<a id=\"accordion-971509154-label\" class=\"accordion-title plain\" href=\"#accordion-item-how-long-will-delivery-take?\" aria-expanded=\"false\" aria-controls=\"accordion-971509154-content\">\n\t\t\t<button class=\"toggle\" aria-label=\"Umschalten\"><i class=\"icon-angle-down\" aria-hidden=\"true\"><\/i><\/button>\n\t\t\t<span>Wie lange dauert die Lieferung?<\/span>\n\t\t<\/a>\n\t\t<div id=\"accordion-971509154-content\" class=\"accordion-inner\" aria-labelledby=\"accordion-971509154-label\">\n\t\t\t\n\n<p>Pakete nach Europa brauchen durchschnittlich 15 Tage. Lieferung in andere L\u00e4nder in durchschnittlich 1 Woche<\/p>\n\n\t\t<\/div>\n\t<\/div>\n\t\n\t<div id=\"accordion-1633868933\" class=\"accordion-item\">\n\t\t<a id=\"accordion-1633868933-label\" class=\"accordion-title plain\" href=\"#accordion-item-how-secure-is-shopping-in-the-online-shop?-is-my-data-protected?\" aria-expanded=\"false\" aria-controls=\"accordion-1633868933-content\">\n\t\t\t<button class=\"toggle\" aria-label=\"Umschalten\"><i class=\"icon-angle-down\" aria-hidden=\"true\"><\/i><\/button>\n\t\t\t<span>Wie sicher ist das Einkaufen im Online-Shop? Sind meine Daten gesch\u00fctzt?<\/span>\n\t\t<\/a>\n\t\t<div id=\"accordion-1633868933-content\" class=\"accordion-inner\" aria-labelledby=\"accordion-1633868933-label\">\n\t\t\t\n\n<p>Wir sind eines der wenigen Unternehmen, die in der T\u00fcrkei offiziell zertifiziert arbeiten. Nach erfolgter Zahlung senden wir Ihnen eine Rechnung zu. Wir bieten Zahlungen \u00fcber Geldtransferanwendungen an, nicht \u00fcber unsere Website.<\/p>\n\n\n\t\t<\/div>\n\t<\/div>\n\t\n\t<div id=\"accordion-3018759456\" class=\"accordion-item\">\n\t\t<a id=\"accordion-3018759456-label\" class=\"accordion-title plain\" href=\"#accordion-item-what-exactly-happens-after-ordering?\" aria-expanded=\"false\" aria-controls=\"accordion-3018759456-content\">\n\t\t\t<button class=\"toggle\" aria-label=\"Umschalten\"><i class=\"icon-angle-down\" aria-hidden=\"true\"><\/i><\/button>\n\t\t\t<span>Was genau passiert nach der Bestellung?<\/span>\n\t\t<\/a>\n\t\t<div id=\"accordion-3018759456-content\" class=\"accordion-inner\" aria-labelledby=\"accordion-3018759456-label\">\n\t\t\t\n\n<p>Einige Tage, nachdem Ihre Bestellung vorbereitet und versandt wurde, senden wir Ihnen die Frachtverfolgungsnummer und Sie k\u00f6nnen Ihre Bestellungen verfolgen.<\/p>\n\n\t\t<\/div>\n\t<\/div>\n\t\n\t<div id=\"accordion-1382177304\" class=\"accordion-item\">\n\t\t<a id=\"accordion-1382177304-label\" class=\"accordion-title plain\" href=\"#accordion-item-do-i-receive-an-invoice-for-my-order?\" aria-expanded=\"false\" aria-controls=\"accordion-1382177304-content\">\n\t\t\t<button class=\"toggle\" aria-label=\"Umschalten\"><i class=\"icon-angle-down\" aria-hidden=\"true\"><\/i><\/button>\n\t\t\t<span>Erhalte ich eine Rechnung f\u00fcr meine Bestellung?<\/span>\n\t\t<\/a>\n\t\t<div id=\"accordion-1382177304-content\" class=\"accordion-inner\" aria-labelledby=\"accordion-1382177304-label\">\n\t\t\t\n\n<p>Wir senden Ihnen eine Rechnung, sobald Ihre Zahlung auf unserem Konto eingegangen ist. Sie k\u00f6nnen diese Rechnung an Ihren Steuerberater senden.<\/p>\n\n\t\t<\/div>\n\t<\/div>\n\t\n\n<\/div>\n\n\t\t<\/div>\n\t\t\t\t\t<\/div>\n\n\t\n\n\t<div id=\"col-531303514\" class=\"col medium-6 large-6\"  >\n\t\t\t\t<div class=\"col-inner\"  >\n\t\t\t\n\t\t\t\n\n<div class=\"container section-title-container\" ><h3 class=\"section-title section-title-normal\"><b aria-hidden=\"true\"><\/b><span class=\"section-title-main\" >senden Sie uns eine Email<\/span><b aria-hidden=\"true\"><\/b><\/h3><\/div>\n\n<p>furkanaltunok@gmail.com<\/p>\n<p>Orucreis Mah. Teksilkent Sitesi A3 Blok No: 54 Istanbul\/Esenler<\/p>\n<p>( Hauptb\u00fcro)<\/p>\n\n\t\t<\/div>\n\t\t\t\t\t<\/div>\n\n\t\n\n<\/div>\n<p>&nbsp;<\/p>","protected":false},"excerpt":{"rendered":"","protected":false},"author":2,"featured_media":16,"parent":0,"menu_order":0,"comment_status":"closed","ping_status":"closed","template":"page-blank.php","meta":{"footnotes":""},"class_list":["post-88","page","type-page","status-publish","has-post-thumbnail","hentry"],"_links":{"self":[{"href":"https:\/\/hicabistan.com\/de\/wp-json\/wp\/v2\/pages\/88","targetHints":{"allow":["GET"]}}],"collection":[{"href":"https:\/\/hicabistan.com\/de\/wp-json\/wp\/v2\/pages"}],"about":[{"href":"https:\/\/hicabistan.com\/de\/wp-json\/wp\/v2\/types\/page"}],"author":[{"embeddable":true,"href":"https:\/\/hicabistan.com\/de\/wp-json\/wp\/v2\/users\/2"}],"replies":[{"embeddable":true,"href":"https:\/\/hicabistan.com\/de\/wp-json\/wp\/v2\/comments?post=88"}],"version-history":[{"count":0,"href":"https:\/\/hicabistan.com\/de\/wp-json\/wp\/v2\/pages\/88\/revisions"}],"wp:featuredmedia":[{"embeddable":true,"href":"https:\/\/hicabistan.com\/de\/wp-json\/wp\/v2\/media\/16"}],"wp:attachment":[{"href":"https:\/\/hicabistan.com\/de\/wp-json\/wp\/v2\/media?parent=88"}],"curies":[{"name":"wp","href":"https:\/\/api.w.org\/{rel}","templated":true}]}}