{"id":1281,"date":"2023-01-31T00:33:03","date_gmt":"2023-01-31T00:33:03","guid":{"rendered":"https:\/\/hicabistan.com\/?post_type=product&#038;p=1281"},"modified":"2024-10-09T10:45:53","modified_gmt":"2024-10-09T10:45:53","slug":"khimar-medina-seide","status":"publish","type":"product","link":"https:\/\/hicabistan.com\/de\/khimar-medina-seide\/","title":{"rendered":"Khimar Medina-Seide"},"content":{"rendered":"<div style=\"width: 480px;\" class=\"wp-video\"><video class=\"wp-video-shortcode\" id=\"video-1281-1\" width=\"480\" height=\"848\" preload=\"metadata\" controls=\"controls\"><source type=\"video\/mp4\" src=\"https:\/\/hicabistan.com\/wp-content\/uploads\/2023\/01\/WhatsApp-Video-2023-01-25-at-14.53.26.mp4?_=1\" \/><a href=\"https:\/\/hicabistan.com\/wp-content\/uploads\/2023\/01\/WhatsApp-Video-2023-01-25-at-14.53.26.mp4\">https:\/\/hicabistan.com\/wp-content\/uploads\/2023\/01\/WhatsApp-Video-2023-01-25-at-14.53.26.mp4<\/a><\/video><\/div>\n<p>G\u00f6nnen Sie sich ein Style-Upgrade mit unserer atemberaubenden Khimar Medina Silk-Kollektion! Mit leichten und atmungsaktiven Stoffen sowie zeitloser Eleganz und unvergleichlichem Stil ist diese Kollektion perfekt f\u00fcr jeden Anlass.<\/p>\n<figure id=\"attachment_1139\" aria-describedby=\"caption-attachment-1139\" style=\"width: 400px\" class=\"wp-caption alignright\"><img loading=\"lazy\" decoding=\"async\" class=\"wp-image-1139 size-medium\" src=\"https:\/\/hicabistan.com\/wp-content\/uploads\/2023\/01\/khimar-one-2-400x400.jpg\" alt=\"Khimar Medina-Seide\" width=\"400\" height=\"400\" srcset=\"https:\/\/hicabistan.com\/wp-content\/uploads\/2023\/01\/khimar-one-2-400x400.jpg 400w, https:\/\/hicabistan.com\/wp-content\/uploads\/2023\/01\/khimar-one-2-247x247.jpg 247w, https:\/\/hicabistan.com\/wp-content\/uploads\/2023\/01\/khimar-one-2-100x100.jpg 100w, https:\/\/hicabistan.com\/wp-content\/uploads\/2023\/01\/khimar-one-2-510x510.jpg 510w, https:\/\/hicabistan.com\/wp-content\/uploads\/2023\/01\/khimar-one-2-800x800.jpg 800w, https:\/\/hicabistan.com\/wp-content\/uploads\/2023\/01\/khimar-one-2-280x280.jpg 280w, https:\/\/hicabistan.com\/wp-content\/uploads\/2023\/01\/khimar-one-2-768x768.jpg 768w, https:\/\/hicabistan.com\/wp-content\/uploads\/2023\/01\/khimar-one-2-1536x1536.jpg 1536w, https:\/\/hicabistan.com\/wp-content\/uploads\/2023\/01\/khimar-one-2.jpg 1600w\" sizes=\"auto, (max-width: 400px) 100vw, 400px\" \/><figcaption id=\"caption-attachment-1139\" class=\"wp-caption-text\">Khimar Medina-Seide<\/figcaption><\/figure>\n<h1>Erfahren Sie mehr \u00fcber die Vorteile von Khimar Medina-Seide<\/h1>\n<p>Unsere Khimar Medina Silk Kollektion ist nicht nur perfekt f\u00fcr jeden Anlass, sondern bietet auch zahlreiche Vorteile. Der leichte Stoff sorgt daf\u00fcr, dass Sie den ganzen Tag k\u00fchl und bequem bleiben, und die atmungsaktiven Materialien machen dieses Set perfekt f\u00fcr Sommertage. Au\u00dferdem k\u00f6nnen Sie diese St\u00fccke mit ihren klassischen Designs leicht mit einer Vielzahl anderer Kleidungsst\u00fccke kombinieren, um das ultimative modische Ensemble f\u00fcr einen Abend oder einen besonderen Anlass zu schaffen.<\/p>\n<h2>Entdecken Sie unsere verschiedenen Stile und Kollektionen<\/h2>\n<p>Egal, ob Sie etwas Zeitloses und Anmutiges oder etwas Modernes und Mutiges suchen, unsere Gro\u00dfhandelskollektion aus Khimar Medina-Seide hat alles, was Sie brauchen. Mit zahlreichen verschiedenen Stilen und Kollektionen finden Sie das perfekte Set, das zu Ihrem Look und Lebensstil passt. Von fesselnden Drucken bis hin zu leuchtenden Unis, finden Sie den perfekten Stil f\u00fcr sich und bleiben Sie immer modisch und bequem.<\/p>\n<h2>W\u00e4hlen Sie die richtige Gr\u00f6\u00dfe f\u00fcr maximalen Komfort<\/h2>\n<p>Bei der Auswahl des perfekten Khimaar ist die Gr\u00f6\u00dfe ein wesentlicher Faktor. Der beste Weg, um die richtige Gr\u00f6\u00dfe von Khimar Medina Silk auszuw\u00e4hlen, besteht darin, Ihre K\u00f6rperma\u00dfe genau zu messen und dann unsere Gr\u00f6\u00dfentabelle zu konsultieren, um die perfekte Passform zu finden. Durch die Wahl der richtigen Gr\u00f6\u00dfe k\u00f6nnen Sie maximalen Komfort erleben und in dieser atemberaubenden Kollektion aus jedem Blickwinkel fantastisch aussehen.<\/p>\n<h2>Erleben Sie unvergleichliche Qualit\u00e4t und Langlebigkeit<\/h2>\n<p>Unsere Khimar Medina Silk Kollektion ist aus erstklassigen Materialien gefertigt, die eine erh\u00f6hte Qualit\u00e4t und au\u00dfergew\u00f6hnlichen Komfort gew\u00e4hrleisten. Diese vielseitige Kollektion ist au\u00dferdem auf Langlebigkeit ausgelegt und h\u00e4lt den Elementen stand, sodass Sie eine zeitlose Silhouette genie\u00dfen k\u00f6nnen, ohne sich durch Wetter- oder Umweltbedingungen eingeschr\u00e4nkt zu f\u00fchlen. Dank seines strapazierf\u00e4higen Designs k\u00f6nnen Sie es zu jedem Anlass tragen \u2013 von einem l\u00e4ssigen Tag bis hin zu einem eleganten Abend oder einem festlichen Event.<\/p>\n<h2>Erstellen Sie stilvolle Looks mit Leichtigkeit und Bequemlichkeit<\/h2>\n<p>Mit unserer Khimar Medina Silk-Kollektion k\u00f6nnen Sie m\u00fchelos und bequem stilvolle Looks kreieren. Der Stoff ist leicht und atmungsaktiv, was es einfach macht, Teile \u00fcbereinander zu legen, um atemberaubende Outfits zu kreieren, die zu jedem Anlass passen \u2013 von einer formellen Versammlung bis zu einem l\u00e4ssigen Tagesausflug. Die Vielseitigkeit des Khimar <a href=\"https:\/\/hicabistan.com\/de\/hijab-aus-medina-seide\/\">Medina<\/a> bedeutet, dass Sie problemlos zwischen den Looks wechseln k\u00f6nnen, was auch immer der Tag f\u00fcr Sie bereith\u00e4lt, und dabei maximalen Komfort bietet.<\/p>\n<p>&nbsp;<\/p>","protected":false},"excerpt":{"rendered":"<p>Give yourself a style upgrade with our stunning Khimar Medina Silk collection! Featuring lightweight and breathable fabrics, along with timeless elegance and unmatched style, this collection is perfect for any occasion. Learn about the Benefits of Khimar Medina Silk Our Khimar Medina Silk collection is not only perfect for any occasion but also provides numerous [&#8230;]\n","protected":false},"featured_media":1571,"comment_status":"open","ping_status":"closed","template":"","meta":[],"product_brand":[],"product_cat":[132],"product_tag":[136,135,134],"class_list":{"0":"post-1281","1":"product","2":"type-product","3":"status-publish","4":"has-post-thumbnail","6":"product_cat-khimar","7":"product_tag-khimar","8":"product_tag-khimar-medina-silk","9":"product_tag-wholesale-khimar","11":"first","12":"instock","13":"shipping-taxable","14":"purchasable","15":"product-type-simple"},"_links":{"self":[{"href":"https:\/\/hicabistan.com\/de\/wp-json\/wp\/v2\/product\/1281","targetHints":{"allow":["GET"]}}],"collection":[{"href":"https:\/\/hicabistan.com\/de\/wp-json\/wp\/v2\/product"}],"about":[{"href":"https:\/\/hicabistan.com\/de\/wp-json\/wp\/v2\/types\/product"}],"replies":[{"embeddable":true,"href":"https:\/\/hicabistan.com\/de\/wp-json\/wp\/v2\/comments?post=1281"}],"wp:featuredmedia":[{"embeddable":true,"href":"https:\/\/hicabistan.com\/de\/wp-json\/wp\/v2\/media\/1571"}],"wp:attachment":[{"href":"https:\/\/hicabistan.com\/de\/wp-json\/wp\/v2\/media?parent=1281"}],"wp:term":[{"taxonomy":"product_brand","embeddable":true,"href":"https:\/\/hicabistan.com\/de\/wp-json\/wp\/v2\/product_brand?post=1281"},{"taxonomy":"product_cat","embeddable":true,"href":"https:\/\/hicabistan.com\/de\/wp-json\/wp\/v2\/product_cat?post=1281"},{"taxonomy":"product_tag","embeddable":true,"href":"https:\/\/hicabistan.com\/de\/wp-json\/wp\/v2\/product_tag?post=1281"}],"curies":[{"name":"wp","href":"https:\/\/api.w.org\/{rel}","templated":true}]}}