{"id":1591,"date":"2023-04-06T19:00:07","date_gmt":"2023-04-06T19:00:07","guid":{"rendered":"https:\/\/hicabistan.com\/?post_type=product&#038;p=1591"},"modified":"2024-10-09T10:45:53","modified_gmt":"2024-10-09T10:45:53","slug":"taglicher-hidschab","status":"publish","type":"product","link":"https:\/\/hicabistan.com\/de\/taglicher-hidschab\/","title":{"rendered":"T\u00e4glicher Hijab"},"content":{"rendered":"<p>Daily Hijab ist ein vielseitiger und bequemer Hijab, der jeden Tag getragen werden kann. Aus hochwertigen Materialien gefertigt, ist es leicht und atmungsaktiv, wodurch es perfekt f\u00fcr den ganzen Tag geeignet ist. Der Hijab ist in einer Reihe von Farben und Stilen erh\u00e4ltlich, sodass Sie den ausw\u00e4hlen k\u00f6nnen, der am besten zu Ihrem Stil und Ihrer Pers\u00f6nlichkeit passt.<br \/>\nMerkmale:<br \/>\n\u2013 Leicht und atmungsaktiv<br \/>\n\u2013 Hochwertige Materialien<br \/>\n\u2013 Erh\u00e4ltlich in einer Reihe von Farben und Stilen<br \/>\n\u2013 Einfach zu tragen und zu stylen<br \/>\nVorteile:<br \/>\n\u2013 Bequem und vielseitig, perfekt f\u00fcr den t\u00e4glichen Gebrauch<br \/>\n\u2013 Hochwertige Materialien sorgen f\u00fcr Strapazierf\u00e4higkeit und Langlebigkeit<br \/>\n\u2013 Erh\u00e4ltlich in einer Reihe von Farben und Stilen, um Ihrem pers\u00f6nlichen Stil zu entsprechen<br \/>\n\u2013 Einfach zu tragen und zu stylen, was es zu einer gro\u00dfartigen Wahl f\u00fcr vielbesch\u00e4ftigte Frauen macht, die viel unterwegs sind.<\/p>","protected":false},"excerpt":{"rendered":"<p>Daily Hijab is a versatile and comfortable hijab that can be worn every day. Made from high-quality materials, it is lightweight and breathable, making it perfect for all-day wear. The hijab is available in a range of colors and styles, so you can choose the one that best suits your style and personality. Features: &#8211; [&#8230;]\n","protected":false},"featured_media":1592,"comment_status":"open","ping_status":"closed","template":"","meta":[],"product_brand":[],"product_cat":[121],"product_tag":[],"class_list":{"0":"post-1591","1":"product","2":"type-product","3":"status-publish","4":"has-post-thumbnail","6":"product_cat-cotton-hijab","8":"first","9":"instock","10":"shipping-taxable","11":"purchasable","12":"product-type-simple"},"_links":{"self":[{"href":"https:\/\/hicabistan.com\/de\/wp-json\/wp\/v2\/product\/1591","targetHints":{"allow":["GET"]}}],"collection":[{"href":"https:\/\/hicabistan.com\/de\/wp-json\/wp\/v2\/product"}],"about":[{"href":"https:\/\/hicabistan.com\/de\/wp-json\/wp\/v2\/types\/product"}],"replies":[{"embeddable":true,"href":"https:\/\/hicabistan.com\/de\/wp-json\/wp\/v2\/comments?post=1591"}],"wp:featuredmedia":[{"embeddable":true,"href":"https:\/\/hicabistan.com\/de\/wp-json\/wp\/v2\/media\/1592"}],"wp:attachment":[{"href":"https:\/\/hicabistan.com\/de\/wp-json\/wp\/v2\/media?parent=1591"}],"wp:term":[{"taxonomy":"product_brand","embeddable":true,"href":"https:\/\/hicabistan.com\/de\/wp-json\/wp\/v2\/product_brand?post=1591"},{"taxonomy":"product_cat","embeddable":true,"href":"https:\/\/hicabistan.com\/de\/wp-json\/wp\/v2\/product_cat?post=1591"},{"taxonomy":"product_tag","embeddable":true,"href":"https:\/\/hicabistan.com\/de\/wp-json\/wp\/v2\/product_tag?post=1591"}],"curies":[{"name":"wp","href":"https:\/\/api.w.org\/{rel}","templated":true}]}}