{"id":472,"date":"2023-08-15T19:27:34","date_gmt":"2023-08-15T19:27:34","guid":{"rendered":"https:\/\/hicabistan.com\/?post_type=product&#038;p=472"},"modified":"2024-10-09T10:45:52","modified_gmt":"2024-10-09T10:45:52","slug":"hijab-medina-seide","status":"publish","type":"product","link":"https:\/\/hicabistan.com\/de\/hijab-medina-seide\/","title":{"rendered":"Luxus-Hijab Medina-Seide"},"content":{"rendered":"<h1><strong>Gro\u00dfhandel Hijab Medina Seide<\/strong><\/h1>\n<p>Mit 63 verschiedenen Farboptionen k\u00f6nnen Sie beliebig viele Farben kaufen. Je mehr St\u00fcck Sie kaufen, desto g\u00fcnstiger wird es pro St\u00fcck. Wenn Sie nach einem Hijab-Unternehmen suchen, das Eleganz und Stil hinzuf\u00fcgt, ist die Marke Hijab Medina Silk aus Hicabistan die perfekte Wahl. Mit seinem luxuri\u00f6sen Stoff und F\u00fcnf-Sterne-Bewertungen macht es dieser Hijab einfach, gut auszusehen und gleichzeitig bescheiden zu bleiben. Lesen Sie weiter, um mehr \u00fcber Medina Silk Hijab Wholesale zu erfahren und mit unserem ultimativen Einkaufsf\u00fchrer eine fundierte Entscheidung zu treffen.<\/p>\n<figure id=\"attachment_806\" aria-describedby=\"caption-attachment-806\" style=\"width: 444px\" class=\"wp-caption alignright\"><img loading=\"lazy\" decoding=\"async\" class=\"wp-image-806\" src=\"https:\/\/hicabistan.com\/wp-content\/uploads\/2022\/11\/MRV_0023-min-600x400.jpg\" alt=\"Gro\u00dfhandel Hijab Medina Seide\" width=\"444\" height=\"296\" srcset=\"https:\/\/hicabistan.com\/wp-content\/uploads\/2022\/11\/MRV_0023-min-600x400.jpg 600w, https:\/\/hicabistan.com\/wp-content\/uploads\/2022\/11\/MRV_0023-min-scaled-247x165.jpg 247w, https:\/\/hicabistan.com\/wp-content\/uploads\/2022\/11\/MRV_0023-min-scaled-510x340.jpg 510w, https:\/\/hicabistan.com\/wp-content\/uploads\/2022\/11\/MRV_0023-min-1200x800.jpg 1200w, https:\/\/hicabistan.com\/wp-content\/uploads\/2022\/11\/MRV_0023-min-768x512.jpg 768w, https:\/\/hicabistan.com\/wp-content\/uploads\/2022\/11\/MRV_0023-min-1536x1024.jpg 1536w, https:\/\/hicabistan.com\/wp-content\/uploads\/2022\/11\/MRV_0023-min-2048x1365.jpg 2048w\" sizes=\"auto, (max-width: 444px) 100vw, 444px\" \/><figcaption id=\"caption-attachment-806\" class=\"wp-caption-text\">Gro\u00dfhandel Hijab Medina Seide<\/figcaption><\/figure>\n<h2>Was ist Medina Silk Hijab?<\/h2>\n<p>Medina Silk Hijabs sind Hijabs aus hochwertigem Seidenstoff, die eine luxuri\u00f6se und bequeme Passform bieten. Diese Hijabs gibt es in verschiedenen Farbt\u00f6nen und Stilen, wie Unifarben, Volants und Instant-Medina-Seide. Diese Hijabs sind nicht nur stilvoll und luxuri\u00f6s, sondern bieten mit einem SPF-Wert von 50+ auch hervorragenden Schutz vor Sonnenstrahlen. Mit seinem modernen Design und seiner hochwertigen Verarbeitung verleiht dieser Hijab Ihrer Garderobe einen Hauch von Eleganz.<\/p>\n<h3>Stile und Stile von Hijabs<\/h3>\n<p>Medina Silk Hijabs sind in einer Vielzahl von Stilen erh\u00e4ltlich, um zu vielen verschiedenen Looks zu passen. Egal, ob Sie einen klassischen und eleganten Look oder etwas Moderneres suchen, es gibt einen Hijab, der genau das Richtige f\u00fcr Sie ist. Einfarbige Hijabs sind perfekt f\u00fcr diejenigen, die einen schlanken, minimalistischen Stil w\u00fcnschen, w\u00e4hrend Volant-Designs eine k\u00fchnere \u00c4sthetik bieten. Dar\u00fcber hinaus verleiht Instant-Medina-Seide jedem Outfit einen Hauch von Spa\u00df und Verspieltheit. Mit diesen stilvollen Optionen k\u00f6nnen Sie ganz einfach den perfekten Hijab f\u00fcr jeden Anlass ausw\u00e4hlen.<\/p>\n<h3>Wie sind die Ausmasse?<\/h3>\n<p>Die allgemeinen Abmessungen unserer Hijabs sind 75\u00d7190. Da wir unsere Produkte mit den hochwertigsten Stoffen und N\u00e4hmethoden hergestellt haben, haben wir das Produktgewicht auf einem idealen Niveau gehalten. Wir machen nur 190 cm, weil das Produkt schwerer ist. Sie k\u00f6nnen 200 cm bei verschiedenen Hijab-Gro\u00dfh\u00e4ndlern finden, aber das Gewicht ist leichter und die Stoffqualit\u00e4t ist geringer.<\/p>\n<h4><strong>Kennen Sie Ihre Stoffe und Qualit\u00e4t<\/strong><\/h4>\n<p>Beim Kauf eines Hijab Medina Silk im Gro\u00dfhandel ist es wichtig zu wissen, welche Art von Stoffen und Qualit\u00e4t Sie erhalten. Medina Seiden-Hijabs sind aus 100% nat\u00fcrlicher Maulbeerseide hergestellt, die stark, leicht und langlebig ist. Hochwertige Seide ist au\u00dferdem atmungsaktiv und leicht und kann Sie bei warmem Wetter k\u00fchl halten. Dar\u00fcber hinaus sind sie in einer Vielzahl von Texturen wie mattem Satin oder Chiffon erh\u00e4ltlich, die Luxus verleihen. Suchen Sie nach Hijabs mit getesteten Farbstoffen, um sicherzustellen, dass die Farbe l\u00e4nger h\u00e4lt.<\/p>\n<h5><em><strong>Pflege und Wartung f\u00fcr Hijab Medina Silk<\/strong><\/em><\/h5>\n<p>Die Pflegehinweise f\u00fcr Ihren Medina-Seidenschal h\u00e4ngen davon ab, aus welchem Stoff er besteht. Im Allgemeinen ist es besser, Ihren Hijab von Hand in kaltem Wasser zu waschen und ihn zum Trocknen aufh\u00e4ngen, da Maschinenw\u00e4sche den empfindlichen Stoff besch\u00e4digen kann. Verwenden Sie immer ein mildes Reinigungsmittel und befolgen Sie die Anweisungen, die Ihrem Hijab beiliegen. Einige Stoffe erfordern m\u00f6glicherweise spezielle Pflegemethoden wie B\u00fcgeln oder chemische Reinigung.<\/p>","protected":false},"excerpt":{"rendered":"<p>Wholesale Hijab Medina Silk With 63 different color options, you can buy any number of colors you want. The more pieces you buy, the cheaper it is per piece. If you&#8217;re looking for a hijab company that adds elegance and style, the Hicabistan brand Hijab Medina Silk is the perfect choice. With its luxurious fabric [&#8230;]\n","protected":false},"featured_media":6459,"comment_status":"open","ping_status":"closed","template":"","meta":[],"product_brand":[],"product_cat":[72],"product_tag":[105,107,106],"class_list":{"0":"post-472","1":"product","2":"type-product","3":"status-publish","4":"has-post-thumbnail","6":"product_cat-medina-silk-hijab","7":"product_tag-hijab-medina-silk","8":"product_tag-medina-silk-hijab","9":"product_tag-wholesale-hijab-medina-silk","11":"first","12":"instock","13":"shipping-taxable","14":"purchasable","15":"product-type-simple"},"_links":{"self":[{"href":"https:\/\/hicabistan.com\/de\/wp-json\/wp\/v2\/product\/472","targetHints":{"allow":["GET"]}}],"collection":[{"href":"https:\/\/hicabistan.com\/de\/wp-json\/wp\/v2\/product"}],"about":[{"href":"https:\/\/hicabistan.com\/de\/wp-json\/wp\/v2\/types\/product"}],"replies":[{"embeddable":true,"href":"https:\/\/hicabistan.com\/de\/wp-json\/wp\/v2\/comments?post=472"}],"wp:featuredmedia":[{"embeddable":true,"href":"https:\/\/hicabistan.com\/de\/wp-json\/wp\/v2\/media\/6459"}],"wp:attachment":[{"href":"https:\/\/hicabistan.com\/de\/wp-json\/wp\/v2\/media?parent=472"}],"wp:term":[{"taxonomy":"product_brand","embeddable":true,"href":"https:\/\/hicabistan.com\/de\/wp-json\/wp\/v2\/product_brand?post=472"},{"taxonomy":"product_cat","embeddable":true,"href":"https:\/\/hicabistan.com\/de\/wp-json\/wp\/v2\/product_cat?post=472"},{"taxonomy":"product_tag","embeddable":true,"href":"https:\/\/hicabistan.com\/de\/wp-json\/wp\/v2\/product_tag?post=472"}],"curies":[{"name":"wp","href":"https:\/\/api.w.org\/{rel}","templated":true}]}}