{"id":5740,"date":"2023-04-27T00:07:11","date_gmt":"2023-04-27T00:07:11","guid":{"rendered":"https:\/\/hicabistan.com\/?post_type=product&#038;p=5740"},"modified":"2024-10-09T10:45:53","modified_gmt":"2024-10-09T10:45:53","slug":"luxurioser-sandfarbener-hijab-abaya-braun","status":"publish","type":"product","link":"https:\/\/hicabistan.com\/de\/luxurioser-sandfarbener-hijab-abaya-braun\/","title":{"rendered":"Lux Sandy Hijab Abaya Braun"},"content":{"rendered":"<div>Produktinformationen<\/div>\n<div><\/div>\n<div>Vorderl\u00e4nge: 120 cm<\/div>\n<div>R\u00fcckenl\u00e4nge: 147 cm<\/div>\n<div><\/div>\n<div><\/div>\n<div>Unser Abaya-Kleid der neuen Saison wurde speziell f\u00fcr Sie entworfen. Unser Lux Sandy Hijab Abaya Brown hat eine eigene Haube. Aus Sandy-Stoff. Es ist recht ger\u00e4umig und komfortabel. Verschiedene Farben sind verf\u00fcgbar. Standardgr\u00f6\u00dfe<\/div>\n<div><\/div>\n<div>Stoffinformationen<\/div>\n<div><\/div>\n<div>95% Polyester<\/div>\n<div>5% Baumwolle<\/div>\n<div><\/div>\n<div><\/div>\n<div>Modellinformationen<\/div>\n<div><\/div>\n<div>H\u00f6he: 167 cm<\/div>\n<div>Brustumfang: 83 cm<\/div>\n<div>Taille: 62 cm<\/div>\n<div>H\u00fcfte: 93 cm<\/div>\n<div><\/div>\n<div>Das Produkt auf dem Modell ist \u2013 Standard \u2013 Gr\u00f6\u00dfe.<\/div>","protected":false},"excerpt":{"rendered":"<p>\u200bProduct Information Front Length: 120 cm Back Length: 147 cm Our new season abaya dress has been specially designed for you. Our Lux Sandy Hijab Abaya Brown has its own bonnet. Made of Sandy fabric. It is quite spacious and comfortable. Different colors are available. Standart Size Fabric Information 95% Polyester 5% Cotton Model Information [&#8230;]\n","protected":false},"featured_media":5743,"comment_status":"open","ping_status":"closed","template":"","meta":[],"product_brand":[],"product_cat":[82],"product_tag":[],"class_list":{"0":"post-5740","1":"product","2":"type-product","3":"status-publish","4":"has-post-thumbnail","6":"product_cat-abaya","8":"first","9":"instock","10":"shipping-taxable","11":"purchasable","12":"product-type-simple"},"_links":{"self":[{"href":"https:\/\/hicabistan.com\/de\/wp-json\/wp\/v2\/product\/5740","targetHints":{"allow":["GET"]}}],"collection":[{"href":"https:\/\/hicabistan.com\/de\/wp-json\/wp\/v2\/product"}],"about":[{"href":"https:\/\/hicabistan.com\/de\/wp-json\/wp\/v2\/types\/product"}],"replies":[{"embeddable":true,"href":"https:\/\/hicabistan.com\/de\/wp-json\/wp\/v2\/comments?post=5740"}],"wp:featuredmedia":[{"embeddable":true,"href":"https:\/\/hicabistan.com\/de\/wp-json\/wp\/v2\/media\/5743"}],"wp:attachment":[{"href":"https:\/\/hicabistan.com\/de\/wp-json\/wp\/v2\/media?parent=5740"}],"wp:term":[{"taxonomy":"product_brand","embeddable":true,"href":"https:\/\/hicabistan.com\/de\/wp-json\/wp\/v2\/product_brand?post=5740"},{"taxonomy":"product_cat","embeddable":true,"href":"https:\/\/hicabistan.com\/de\/wp-json\/wp\/v2\/product_cat?post=5740"},{"taxonomy":"product_tag","embeddable":true,"href":"https:\/\/hicabistan.com\/de\/wp-json\/wp\/v2\/product_tag?post=5740"}],"curies":[{"name":"wp","href":"https:\/\/api.w.org\/{rel}","templated":true}]}}