{"id":5816,"date":"2023-05-26T12:05:10","date_gmt":"2023-05-26T12:05:10","guid":{"rendered":"https:\/\/hicabistan.com\/?post_type=product&#038;p=5816"},"modified":"2024-10-09T10:45:55","modified_gmt":"2024-10-09T10:45:55","slug":"schwarzer-hijab-badeanzug-mit-weisem-blattmuster","status":"publish","type":"product","link":"https:\/\/hicabistan.com\/de\/schwarzer-hijab-badeanzug-mit-weisem-blattmuster\/","title":{"rendered":"Wei\u00dfer Hijab-Badeanzug mit Blattmuster in Schwarz"},"content":{"rendered":"<div>Produktinformation<\/div>\n<div><\/div>\n<div>-Es besteht aus drei Teilen.<\/div>\n<div>-Es hat einen vertikalen Kragen.<\/div>\n<div>-Langer Arm oben, langes unteres Schl\u00fcsselbein<\/div>\n<div>-Ungef\u00fcttert<\/div>\n<div>-Es sieht man drinnen nicht an.<\/div>\n<div><\/div>\n<div>SPITZE<\/div>\n<div><\/div>\n<div>H\u00f6he: 95 cm<\/div>\n<div>Brustumfang: 88 cm<\/div>\n<div>Taille: 108 cm<\/div>\n<div><\/div>\n<div>UNTERE<\/div>\n<div><\/div>\n<div>H\u00f6he: 95 cm<\/div>\n<div>Brustumfang: 52 cm<\/div>\n<div>Taille: 30 cm<\/div>\n<div><\/div>\n<div>Das Produkt auf dem Modell hat die Gr\u00f6\u00dfe S.<\/div>\n<div><\/div>\n<div>Stoffinformationen<\/div>\n<div><\/div>\n<div>100% Polyester<\/div>\n<div><\/div>\n<div>Wir empfehlen Ihnen, die folgenden Punkte zu beachten, um Ihr Produkt \u00fcber einen l\u00e4ngeren Zeitraum verwenden zu k\u00f6nnen.<\/div>\n<div>Bewahren Sie Ihren Badeanzug nicht nass in einer geschlossenen Plastikt\u00fcte auf.<\/div>\n<div>Fluoreszierende Farben verblassen durch die Einwirkung von Sonnenlicht, Poolchlor und Meersalz schneller als andere Farben. Dieses Ergebnis ist nat\u00fcrlich.<\/div>\n<div>Halten Sie nicht mehr als eine Farbe gleichzeitig feucht. Trocknen Sie Ihren Badeanzug, indem Sie ihn in den Schatten legen und nicht in die direkte Sonne.<\/div>\n<div>Es ist bekannt, dass das in Schwimmb\u00e4dern zur Gew\u00e4hrleistung der Hygiene verwendete Chlor den Stoff der Badebekleidung sch\u00e4digt. (G\u00e4hnen \u2013 schnelles Verblassen)<\/div>\n<div>Waschen Sie Ihren Badeanzug nach jedem Gebrauch von Hand mit wei\u00dfer Seife und warmem Wasser.<\/div>\n<div>Waschen Sie Ihren Badeanzug nicht in der Waschmaschine und mit hei\u00dfem Wasser, da er sonst seine Wasserdichtigkeit und Wasserabweisung verliert und nicht auf der Haut haftet.<\/div>\n<div>Verwenden Sie keine Waschmittel, Bleichmittel und andere Bleichmittel.<\/div>\n<div>Alle Stoffe fusseln durch Reibung. Sch\u00fctzen Sie Ihren Badeanzug daher vor Oberfl\u00e4chenkontakten und Oberfl\u00e4chen, auf denen er getragen werden kann.<\/div>","protected":false},"excerpt":{"rendered":"<p>Product Information -It consists of three parts. -It has a vertical collar. -Long arm top long bottom collar bone -Unlined -It doesn&#8217;t show inside. TOP Height: 95 cm Bust: 88cm Waist: 108cm LOWER Height: 95 cm Bust: 52cm Waist: 30cm The product on the model is &#8211; S &#8211; size. Fabric Information 100% Polyester We [&#8230;]\n","protected":false},"featured_media":5819,"comment_status":"open","ping_status":"closed","template":"","meta":[],"product_brand":[],"product_cat":[102],"product_tag":[],"class_list":{"0":"post-5816","1":"product","2":"type-product","3":"status-publish","4":"has-post-thumbnail","6":"product_cat-burkini","8":"first","9":"instock","10":"shipping-taxable","11":"purchasable","12":"product-type-variable"},"_links":{"self":[{"href":"https:\/\/hicabistan.com\/de\/wp-json\/wp\/v2\/product\/5816","targetHints":{"allow":["GET"]}}],"collection":[{"href":"https:\/\/hicabistan.com\/de\/wp-json\/wp\/v2\/product"}],"about":[{"href":"https:\/\/hicabistan.com\/de\/wp-json\/wp\/v2\/types\/product"}],"replies":[{"embeddable":true,"href":"https:\/\/hicabistan.com\/de\/wp-json\/wp\/v2\/comments?post=5816"}],"wp:featuredmedia":[{"embeddable":true,"href":"https:\/\/hicabistan.com\/de\/wp-json\/wp\/v2\/media\/5819"}],"wp:attachment":[{"href":"https:\/\/hicabistan.com\/de\/wp-json\/wp\/v2\/media?parent=5816"}],"wp:term":[{"taxonomy":"product_brand","embeddable":true,"href":"https:\/\/hicabistan.com\/de\/wp-json\/wp\/v2\/product_brand?post=5816"},{"taxonomy":"product_cat","embeddable":true,"href":"https:\/\/hicabistan.com\/de\/wp-json\/wp\/v2\/product_cat?post=5816"},{"taxonomy":"product_tag","embeddable":true,"href":"https:\/\/hicabistan.com\/de\/wp-json\/wp\/v2\/product_tag?post=5816"}],"curies":[{"name":"wp","href":"https:\/\/api.w.org\/{rel}","templated":true}]}}