{"id":5854,"date":"2023-05-26T12:21:46","date_gmt":"2023-05-26T12:21:46","guid":{"rendered":"https:\/\/hicabistan.com\/?post_type=product&#038;p=5854"},"modified":"2024-10-09T10:45:55","modified_gmt":"2024-10-09T10:45:55","slug":"schwarzer-schlichter-badeanzug-mit-halbem-reisverschluss-und-schleier","status":"publish","type":"product","link":"https:\/\/hicabistan.com\/de\/schwarzer-schlichter-badeanzug-mit-halbem-reisverschluss-und-schleier\/","title":{"rendered":"Einfarbiger, verschleierender Badeanzug mit halbem Rei\u00dfverschluss, Schwarz"},"content":{"rendered":"<div>Produktinformation<\/div>\n<div><\/div>\n<div>-Es besteht aus vier Teilen.<\/div>\n<div>-Lang\u00e4rmliges Oberteil, langes Unterteil, Haube, Bustier<\/div>\n<div>- Wird innen nicht angezeigt<\/div>\n<div><\/div>\n<div>SPITZE<\/div>\n<div><\/div>\n<div>H\u00f6he: 94 cm<\/div>\n<div>Brustumfang: 88 cm<\/div>\n<div>Taille: 78 cm<\/div>\n<div><\/div>\n<div>UNTERE<\/div>\n<div><\/div>\n<div>H\u00f6he: 97 cm<\/div>\n<div>Taille: 56 cm<\/div>\n<div>Bein: 30 cm<\/div>\n<div><\/div>\n<div>Das Produkt auf dem Modell hat die Gr\u00f6\u00dfe S.<\/div>\n<div><\/div>\n<div>Stoffinformationen<\/div>\n<div><\/div>\n<div>100% Polyester<\/div>\n<div><\/div>\n<div>Wir empfehlen Ihnen, die folgenden Punkte zu beachten, um Ihr Produkt \u00fcber einen l\u00e4ngeren Zeitraum verwenden zu k\u00f6nnen.<\/div>\n<div>Bewahren Sie Ihren Badeanzug nicht nass in einer geschlossenen Plastikt\u00fcte auf.<\/div>\n<div>Fluoreszierende Farben verblassen durch die Einwirkung von Sonnenlicht, Poolchlor und Meersalz schneller als andere Farben. Dieses Ergebnis ist nat\u00fcrlich.<\/div>\n<div>Halten Sie nicht mehr als eine Farbe gleichzeitig feucht. Trocknen Sie Ihren Badeanzug, indem Sie ihn in den Schatten legen und nicht in die direkte Sonne.<\/div>\n<div>Es ist bekannt, dass das in Schwimmb\u00e4dern zur Gew\u00e4hrleistung der Hygiene verwendete Chlor den Stoff der Badebekleidung sch\u00e4digt. (G\u00e4hnen \u2013 schnelles Verblassen)<\/div>\n<div>Waschen Sie Ihren Badeanzug nach jedem Gebrauch von Hand mit wei\u00dfer Seife und warmem Wasser.<\/div>\n<div>Waschen Sie Ihren Badeanzug nicht in der Waschmaschine und mit hei\u00dfem Wasser, da er sonst seine Wasserdichtigkeit und Wasserabweisung verliert und nicht auf der Haut haftet.<\/div>\n<div>Verwenden Sie keine Waschmittel, Bleichmittel und andere Bleichmittel.<\/div>\n<div>Alle Stoffe fusseln durch Reibung. Sch\u00fctzen Sie Ihren Badeanzug daher vor Oberfl\u00e4chenkontakten und Oberfl\u00e4chen, auf denen er getragen werden kann.<\/div>","protected":false},"excerpt":{"rendered":"<p>Product Information -It consists of four parts. -Long sleeve top, long bottom, bonnet, bustier -Doesn&#8217;t show inside TOP Height: 94 cm Bust: 88cm Waist: 78cm LOWER Height: 97 cm Waist: 56cm Leg: 30 cm The product on the model is &#8211; S &#8211; size. Fabric Information 100% Polyester We recommend that you pay attention to [&#8230;]\n","protected":false},"featured_media":5862,"comment_status":"open","ping_status":"closed","template":"","meta":[],"product_brand":[],"product_cat":[102],"product_tag":[],"class_list":{"0":"post-5854","1":"product","2":"type-product","3":"status-publish","4":"has-post-thumbnail","6":"product_cat-burkini","8":"first","9":"instock","10":"shipping-taxable","11":"purchasable","12":"product-type-variable"},"_links":{"self":[{"href":"https:\/\/hicabistan.com\/de\/wp-json\/wp\/v2\/product\/5854","targetHints":{"allow":["GET"]}}],"collection":[{"href":"https:\/\/hicabistan.com\/de\/wp-json\/wp\/v2\/product"}],"about":[{"href":"https:\/\/hicabistan.com\/de\/wp-json\/wp\/v2\/types\/product"}],"replies":[{"embeddable":true,"href":"https:\/\/hicabistan.com\/de\/wp-json\/wp\/v2\/comments?post=5854"}],"wp:featuredmedia":[{"embeddable":true,"href":"https:\/\/hicabistan.com\/de\/wp-json\/wp\/v2\/media\/5862"}],"wp:attachment":[{"href":"https:\/\/hicabistan.com\/de\/wp-json\/wp\/v2\/media?parent=5854"}],"wp:term":[{"taxonomy":"product_brand","embeddable":true,"href":"https:\/\/hicabistan.com\/de\/wp-json\/wp\/v2\/product_brand?post=5854"},{"taxonomy":"product_cat","embeddable":true,"href":"https:\/\/hicabistan.com\/de\/wp-json\/wp\/v2\/product_cat?post=5854"},{"taxonomy":"product_tag","embeddable":true,"href":"https:\/\/hicabistan.com\/de\/wp-json\/wp\/v2\/product_tag?post=5854"}],"curies":[{"name":"wp","href":"https:\/\/api.w.org\/{rel}","templated":true}]}}