{"id":5959,"date":"2023-08-22T12:20:18","date_gmt":"2023-08-22T12:20:18","guid":{"rendered":"https:\/\/hicabistan.com\/?post_type=product&#038;p=5959"},"modified":"2024-10-09T10:45:55","modified_gmt":"2024-10-09T10:45:55","slug":"layla-doppel-abaya-jazz-khaki","status":"publish","type":"product","link":"https:\/\/hicabistan.com\/de\/layla-doppel-abaya-jazz-khaki\/","title":{"rendered":"Layla Double Abaya Jazz Khaki"},"content":{"rendered":"<h2 style=\"text-align: center;\">Layla Double Abaya Jazz Khaki<\/h2>\n<ul>\n<li>Das Produkt ist saisonal. Das Produkt besteht aus zwei Teilen, dem Innenkleid und der Abaya. Die Taille ist mit einem G\u00fcrtel versehen und die \u00c4rmelb\u00fcndchen sind breit. Es ist eine bequeme Hijabi-Abaya.<\/li>\n<li>L\u00e4nge: Innenkleid: 143 cm, \u00e4u\u00dfere Abaya: 150 cm<\/li>\n<li>Stoffmerkmal: Es besteht aus Aerobin-Stoff (JAZZ).<\/li>\n<li>Es wird empfohlen, die Gr\u00f6\u00dfe zu bestellen, die Sie normalerweise verwenden.<\/li>\n<li>Modellabmessungen: Gr\u00f6\u00dfe 38 \/ H\u00f6he 1,68 cm \/ H\u00fcfte 90 cm \/ Taille 77 cm \/ Brustumfang 90 cm<\/li>\n<li>Waschanleitung: Es sollte auf links bei 30\u00b0 (niedrigste Stufe) gewaschen werden.<\/li>\n<li>Aufgrund der Aufnahme kann es zu Farbunterschieden in der Produktfarbe kommen<\/li>\n<\/ul>","protected":false},"excerpt":{"rendered":"<p>Layla Double Abaya Jazz Khaki The product is seasonal. The product consists of two parts, the inner dress and the abaya. The waist is belted and the sleeve cuffs are wide. It is a comfortable hijabi abaya. Length: Inner Dress: 143cm Outer Abaya: 150cm Fabric Feature: It is made of Aerobin( JAZZ) fabric. It is [&#8230;]\n","protected":false},"featured_media":5965,"comment_status":"closed","ping_status":"closed","template":"","meta":[],"product_brand":[],"product_cat":[82],"product_tag":[],"class_list":{"0":"post-5959","1":"product","2":"type-product","3":"status-publish","4":"has-post-thumbnail","6":"product_cat-abaya","8":"first","9":"instock","10":"sale","11":"shipping-taxable","12":"purchasable","13":"product-type-variable"},"_links":{"self":[{"href":"https:\/\/hicabistan.com\/de\/wp-json\/wp\/v2\/product\/5959","targetHints":{"allow":["GET"]}}],"collection":[{"href":"https:\/\/hicabistan.com\/de\/wp-json\/wp\/v2\/product"}],"about":[{"href":"https:\/\/hicabistan.com\/de\/wp-json\/wp\/v2\/types\/product"}],"replies":[{"embeddable":true,"href":"https:\/\/hicabistan.com\/de\/wp-json\/wp\/v2\/comments?post=5959"}],"wp:featuredmedia":[{"embeddable":true,"href":"https:\/\/hicabistan.com\/de\/wp-json\/wp\/v2\/media\/5965"}],"wp:attachment":[{"href":"https:\/\/hicabistan.com\/de\/wp-json\/wp\/v2\/media?parent=5959"}],"wp:term":[{"taxonomy":"product_brand","embeddable":true,"href":"https:\/\/hicabistan.com\/de\/wp-json\/wp\/v2\/product_brand?post=5959"},{"taxonomy":"product_cat","embeddable":true,"href":"https:\/\/hicabistan.com\/de\/wp-json\/wp\/v2\/product_cat?post=5959"},{"taxonomy":"product_tag","embeddable":true,"href":"https:\/\/hicabistan.com\/de\/wp-json\/wp\/v2\/product_tag?post=5959"}],"curies":[{"name":"wp","href":"https:\/\/api.w.org\/{rel}","templated":true}]}}