{"id":596,"date":"2023-01-05T15:14:11","date_gmt":"2023-01-05T15:14:11","guid":{"rendered":"https:\/\/hicabistan.com\/?post_type=product&#038;p=596"},"modified":"2024-10-09T10:45:54","modified_gmt":"2024-10-09T10:45:54","slug":"gebetskleid-aus-premium-jersey","status":"publish","type":"product","link":"https:\/\/hicabistan.com\/de\/gebetskleid-aus-premium-jersey\/","title":{"rendered":"Premium-Jersey-Gebetskleid"},"content":{"rendered":"<h1>Was ist das beste Material f\u00fcr Gebetskleider im Gro\u00dfhandel?<\/h1>\n<p>Auf dem Markt werden Dutzende verschiedener Stoffe verwendet. Das meistverkaufte Produkt in Bezug auf Stoff und Qualit\u00e4t ist jedoch das zweiteilige Gebetskleid aus Premium Jersey.<\/p>\n<figure id=\"attachment_597\" aria-describedby=\"caption-attachment-597\" style=\"width: 267px\" class=\"wp-caption alignright\"><img loading=\"lazy\" decoding=\"async\" class=\"size-medium wp-image-597\" src=\"https:\/\/hicabistan.com\/wp-content\/uploads\/2023\/01\/74890794-9ce5-4ff9-8db3-c0145826d8bd-267x400.jpg\" alt=\"Gro\u00dfhandel Gebetskleid\" width=\"267\" height=\"400\" srcset=\"https:\/\/hicabistan.com\/wp-content\/uploads\/2023\/01\/74890794-9ce5-4ff9-8db3-c0145826d8bd-267x400.jpg 267w, https:\/\/hicabistan.com\/wp-content\/uploads\/2023\/01\/74890794-9ce5-4ff9-8db3-c0145826d8bd-247x371.jpg 247w, https:\/\/hicabistan.com\/wp-content\/uploads\/2023\/01\/74890794-9ce5-4ff9-8db3-c0145826d8bd-510x765.jpg 510w, https:\/\/hicabistan.com\/wp-content\/uploads\/2023\/01\/74890794-9ce5-4ff9-8db3-c0145826d8bd-533x800.jpg 533w, https:\/\/hicabistan.com\/wp-content\/uploads\/2023\/01\/74890794-9ce5-4ff9-8db3-c0145826d8bd-768x1152.jpg 768w, https:\/\/hicabistan.com\/wp-content\/uploads\/2023\/01\/74890794-9ce5-4ff9-8db3-c0145826d8bd-1024x1536.jpg 1024w, https:\/\/hicabistan.com\/wp-content\/uploads\/2023\/01\/74890794-9ce5-4ff9-8db3-c0145826d8bd.jpg 1200w\" sizes=\"auto, (max-width: 267px) 100vw, 267px\" \/><figcaption id=\"caption-attachment-597\" class=\"wp-caption-text\">Gro\u00dfhandel Gebetskleid<\/figcaption><\/figure>\n<h2>Wird es nur beim Beten verwendet?<\/h2>\n<p>Sie k\u00f6nnen es nicht nur beim Beten verwenden, sondern auch beim Ausgehen, indem Sie ein tragen <a title=\"Abaja\" href=\"https:\/\/hicabistan.com\/de\/abaya\/\">Abaja<\/a>. Es ist ein Preis-Leistungs-Produkt, das problemlos in 4 Jahreszeiten verwendet werden kann. Muss in Ihrem Gesch\u00e4ft haben.<\/p>\n<h3>Reinigung und Pflege von Gebetskleidern<\/h3>\n<p>Es ist notwendig, auf die Bedingungen der Verschleierung im Gebet zu achten, das eine der obligatorischen Handlungen der Anbetung f\u00fcr Muslime ist. Es ist auch w\u00fcnschenswert, dass der Ort der Anbetung und die Kleidung sauber sind. Wichtig ist dabei, dass die h\u00e4ufig zu reinigende Gebetskleidung pflegeleicht ist. Produkte, die aus Stoffen hergestellt werden, die keine chemische Reinigung erfordern, sind im Allgemeinen schmutzabweisend. Es sollte darauf geachtet werden, Kleidung mit Lycra und flexibler Struktur bei niedrigen Temperaturen zu waschen, damit sie nicht einl\u00e4uft. Wenn B\u00fcgeln erforderlich ist, wird empfohlen, bei niedriger Temperatur zu verarbeiten.<br \/>\nFarbige und gemusterte Produkte sollten ohne direkte Sonneneinstrahlung getrocknet werden.<\/p>\n<h3>Was tragen Muslime beim Beten?<\/h3>\n<p>Im Islam m\u00fcssen Sie Ihre Gebete nicht nur in Hijab-Gebetskleidung verrichten. Sie k\u00f6nnen in Ihrer t\u00e4glichen Kleidung beten, wenn Sie drau\u00dfen oder zu Besuch sind. Wenn Sie sich wohler f\u00fchlen m\u00f6chten, k\u00f6nnen Sie mit dem tragbaren Gebetskleid beten. Da alle Produkte in diesem Sale leicht sind, passen sie problemlos in Ihre Taschen und sind einfach zu tragen.<\/p>\n<h3>Wie ist der Einkaufsprozess im Gro\u00dfhandel?<\/h3>\n<p>Viele Gro\u00dfhandelsfabriken und -unternehmen auf der ganzen Welt verkaufen ihre Produkte in Serie. Als Unternehmen aus Hicabistan verkaufen wir kein Produkt in Serie. Sie k\u00f6nnen die gew\u00fcnschte Farbe in der gew\u00fcnschten Menge kaufen und mit anderen Produkten mischen. Auf diese Weise unterst\u00fctzen wir Boutiquen, die neue Gesch\u00e4fte er\u00f6ffnen, oder Unternehmen, die von zu Hause aus verkaufen.<\/p>","protected":false},"excerpt":{"rendered":"<p>What is the best wholesale prayer dress material? Dozens of different fabrics are used in the market. However, the best selling product in terms of fabric and quality is the two piece prayer dress produced with Premium Jersey. Is it only used when praying? You can use it not only while praying, but also when [&#8230;]\n","protected":false},"featured_media":598,"comment_status":"open","ping_status":"closed","template":"","meta":[],"product_brand":[],"product_cat":[98],"product_tag":[],"class_list":{"0":"post-596","1":"product","2":"type-product","3":"status-publish","4":"has-post-thumbnail","6":"product_cat-wholesale-prayer-dress","8":"first","9":"instock","10":"shipping-taxable","11":"purchasable","12":"product-type-simple"},"_links":{"self":[{"href":"https:\/\/hicabistan.com\/de\/wp-json\/wp\/v2\/product\/596","targetHints":{"allow":["GET"]}}],"collection":[{"href":"https:\/\/hicabistan.com\/de\/wp-json\/wp\/v2\/product"}],"about":[{"href":"https:\/\/hicabistan.com\/de\/wp-json\/wp\/v2\/types\/product"}],"replies":[{"embeddable":true,"href":"https:\/\/hicabistan.com\/de\/wp-json\/wp\/v2\/comments?post=596"}],"wp:featuredmedia":[{"embeddable":true,"href":"https:\/\/hicabistan.com\/de\/wp-json\/wp\/v2\/media\/598"}],"wp:attachment":[{"href":"https:\/\/hicabistan.com\/de\/wp-json\/wp\/v2\/media?parent=596"}],"wp:term":[{"taxonomy":"product_brand","embeddable":true,"href":"https:\/\/hicabistan.com\/de\/wp-json\/wp\/v2\/product_brand?post=596"},{"taxonomy":"product_cat","embeddable":true,"href":"https:\/\/hicabistan.com\/de\/wp-json\/wp\/v2\/product_cat?post=596"},{"taxonomy":"product_tag","embeddable":true,"href":"https:\/\/hicabistan.com\/de\/wp-json\/wp\/v2\/product_tag?post=596"}],"curies":[{"name":"wp","href":"https:\/\/api.w.org\/{rel}","templated":true}]}}