{"id":5995,"date":"2023-08-22T12:10:33","date_gmt":"2023-08-22T12:10:33","guid":{"rendered":"https:\/\/hicabistan.com\/?post_type=product&#038;p=5995"},"modified":"2024-10-09T10:45:55","modified_gmt":"2024-10-09T10:45:55","slug":"satin-kimono-abaya-blue","status":"publish","type":"product","link":"https:\/\/hicabistan.com\/de\/satin-kimono-abaya-blue\/","title":{"rendered":"Satin-Kimono Abaya Blau"},"content":{"rendered":"<h2 style=\"text-align: center;\">Satin-Kimono Abaya Blau<\/h2>\n<ul>\n<li>Das Produkt ist saisonal. Die offenen \u00c4rmelb\u00fcndchen vorne sind elastisch und in der Taille mit einem G\u00fcrtel versehen. Das stilvollste Abaya-Kimono-Oversize-Modell, eine bequeme Kombination ist bei Ihnen.<\/li>\n<li>L\u00e4nge: 142 cm<\/li>\n<li>Stoffmerkmal: Aus Satinstoff.<\/li>\n<li>Es wird empfohlen, die Gr\u00f6\u00dfe zu bestellen, die Sie normalerweise verwenden.<\/li>\n<li>Modellabmessungen: Gr\u00f6\u00dfe 38 \/ H\u00f6he 1,68 cm \/ H\u00fcfte 90 cm \/ Taille 77 cm \/ Brustumfang 90 cm<\/li>\n<li>Waschanleitung: Es sollte auf links bei 30\u00b0 (niedrigste Stufe) gewaschen werden.<\/li>\n<li>Aufgrund der Aufnahme kann es zu Tonunterschieden in der Produktfarbe kommen.<\/li>\n<\/ul>","protected":false},"excerpt":{"rendered":"<p>Satin Kimono Abaya Blue The product is seasonal. Open front sleeve cuffs are elasticated and belted at the waist. The most stylish abaya kimono oversize model , comfortable combination is with you. Length: 142cm Fabric Feature: Made of satin fabric. It is recommended to order the size you normally use. Model Dimensions: Size 38 \/ [&#8230;]\n","protected":false},"featured_media":6003,"comment_status":"closed","ping_status":"closed","template":"","meta":[],"product_brand":[],"product_cat":[82],"product_tag":[],"class_list":{"0":"post-5995","1":"product","2":"type-product","3":"status-publish","4":"has-post-thumbnail","6":"product_cat-abaya","8":"first","9":"instock","10":"sale","11":"shipping-taxable","12":"purchasable","13":"product-type-variable"},"_links":{"self":[{"href":"https:\/\/hicabistan.com\/de\/wp-json\/wp\/v2\/product\/5995","targetHints":{"allow":["GET"]}}],"collection":[{"href":"https:\/\/hicabistan.com\/de\/wp-json\/wp\/v2\/product"}],"about":[{"href":"https:\/\/hicabistan.com\/de\/wp-json\/wp\/v2\/types\/product"}],"replies":[{"embeddable":true,"href":"https:\/\/hicabistan.com\/de\/wp-json\/wp\/v2\/comments?post=5995"}],"wp:featuredmedia":[{"embeddable":true,"href":"https:\/\/hicabistan.com\/de\/wp-json\/wp\/v2\/media\/6003"}],"wp:attachment":[{"href":"https:\/\/hicabistan.com\/de\/wp-json\/wp\/v2\/media?parent=5995"}],"wp:term":[{"taxonomy":"product_brand","embeddable":true,"href":"https:\/\/hicabistan.com\/de\/wp-json\/wp\/v2\/product_brand?post=5995"},{"taxonomy":"product_cat","embeddable":true,"href":"https:\/\/hicabistan.com\/de\/wp-json\/wp\/v2\/product_cat?post=5995"},{"taxonomy":"product_tag","embeddable":true,"href":"https:\/\/hicabistan.com\/de\/wp-json\/wp\/v2\/product_tag?post=5995"}],"curies":[{"name":"wp","href":"https:\/\/api.w.org\/{rel}","templated":true}]}}