{"id":6053,"date":"2023-08-22T12:25:34","date_gmt":"2023-08-22T12:25:34","guid":{"rendered":"https:\/\/hicabistan.com\/?post_type=product&#038;p=6053"},"modified":"2024-10-09T10:45:55","modified_gmt":"2024-10-09T10:45:55","slug":"jeida-abaya-jazz-beige","status":"publish","type":"product","link":"https:\/\/hicabistan.com\/de\/jeida-abaya-jazz-beige\/","title":{"rendered":"Jeida Abaya Jazz Beige"},"content":{"rendered":"<h2 style=\"text-align: center;\">Jeida Abaya Jazz Beige<\/h2>\n<ul>\n<li>Das Produkt ist saisonal. Das Produkt ist ein Fahrradhalsband und auf der R\u00fcckseite befindet sich ein Knopf zur einfachen Bedienung. Die \u00c4rmel sind Fledermaus\u00e4rmel und die \u00c4rmelb\u00fcndchen sind detailliert. Es handelt sich um ein ungef\u00fcttertes, bequemes Abaya-Modell in \u00dcbergr\u00f6\u00dfe.<\/li>\n<li>L\u00e4nge: 147 cm<\/li>\n<li>Stoffmerkmal: Es besteht aus Aerobin-Stoff.<\/li>\n<li>Da das Produkt vollst\u00e4ndig geformt ist, wird empfohlen, die Gr\u00f6\u00dfe zu bestellen, die Sie normalerweise verwenden.<\/li>\n<li>Modellabmessungen: Gr\u00f6\u00dfe 38 \/ H\u00f6he 1,68 cm \/ H\u00fcfte 90 cm \/ Taille 77 cm \/ Brustumfang 90 cm<\/li>\n<li>Waschanleitung: Es sollte auf links bei 30\u00b0 (niedrigste Stufe) gewaschen werden.<\/li>\n<li>Aufgrund der Aufnahme kann es zu Tonunterschieden in der Produktfarbe kommen.<\/li>\n<\/ul>","protected":false},"excerpt":{"rendered":"<p>Jeida Abaya Jazz Beige The product is seasonal. The product is a bicycle collar and there is a button on the back for easy use. The sleeves are bat sleeves and the sleeve cuffs are detailed. It is an unlined, overrsize comfortable abaya model. Length: 147cm Fabric Feature: It is made of aerobin fabric. Since [&#8230;]\n","protected":false},"featured_media":6059,"comment_status":"closed","ping_status":"closed","template":"","meta":[],"product_brand":[],"product_cat":[82],"product_tag":[],"class_list":{"0":"post-6053","1":"product","2":"type-product","3":"status-publish","4":"has-post-thumbnail","6":"product_cat-abaya","8":"first","9":"instock","10":"sale","11":"shipping-taxable","12":"purchasable","13":"product-type-variable"},"_links":{"self":[{"href":"https:\/\/hicabistan.com\/de\/wp-json\/wp\/v2\/product\/6053","targetHints":{"allow":["GET"]}}],"collection":[{"href":"https:\/\/hicabistan.com\/de\/wp-json\/wp\/v2\/product"}],"about":[{"href":"https:\/\/hicabistan.com\/de\/wp-json\/wp\/v2\/types\/product"}],"replies":[{"embeddable":true,"href":"https:\/\/hicabistan.com\/de\/wp-json\/wp\/v2\/comments?post=6053"}],"wp:featuredmedia":[{"embeddable":true,"href":"https:\/\/hicabistan.com\/de\/wp-json\/wp\/v2\/media\/6059"}],"wp:attachment":[{"href":"https:\/\/hicabistan.com\/de\/wp-json\/wp\/v2\/media?parent=6053"}],"wp:term":[{"taxonomy":"product_brand","embeddable":true,"href":"https:\/\/hicabistan.com\/de\/wp-json\/wp\/v2\/product_brand?post=6053"},{"taxonomy":"product_cat","embeddable":true,"href":"https:\/\/hicabistan.com\/de\/wp-json\/wp\/v2\/product_cat?post=6053"},{"taxonomy":"product_tag","embeddable":true,"href":"https:\/\/hicabistan.com\/de\/wp-json\/wp\/v2\/product_tag?post=6053"}],"curies":[{"name":"wp","href":"https:\/\/api.w.org\/{rel}","templated":true}]}}