{"id":614,"date":"2024-04-15T09:51:05","date_gmt":"2024-04-15T09:51:05","guid":{"rendered":"https:\/\/hicabistan.com\/?post_type=product&#038;p=614"},"modified":"2024-10-16T10:40:45","modified_gmt":"2024-10-16T10:40:45","slug":"premium-jersey-hijab","status":"publish","type":"product","link":"https:\/\/hicabistan.com\/de\/premium-jersey-hijab\/","title":{"rendered":"Premium-Jersey-Hijab"},"content":{"rendered":"<p>Suchen Sie nach Gro\u00dfhandels-Hijabs, die Sie modisch und bequem halten? Von klassischem Basic-Schwarz bis hin zu leuchtenden, leuchtenden Farben ist unsere Kollektion von dehnbaren Jersey-Hijabs in einer Vielzahl von Stilen und Gr\u00f6\u00dfen erh\u00e4ltlich. Kaufen Sie jetzt ein, um eine Option zu finden, die zu Ihrem Gesch\u00e4ft und Budget passt!<\/p>\n<figure id=\"attachment_6493\" aria-describedby=\"caption-attachment-6493\" style=\"width: 225px\" class=\"wp-caption alignright\"><img loading=\"lazy\" decoding=\"async\" class=\"wp-image-6493 size-medium\" src=\"https:\/\/hicabistan.com\/wp-content\/uploads\/2023\/01\/premium-jersey-hijab-3-225x400.jpg\" alt=\"Premium-Jersey-Hijab\" width=\"225\" height=\"400\" srcset=\"https:\/\/hicabistan.com\/wp-content\/uploads\/2023\/01\/premium-jersey-hijab-3-225x400.jpg 225w, https:\/\/hicabistan.com\/wp-content\/uploads\/2023\/01\/premium-jersey-hijab-3-450x800.jpg 450w, https:\/\/hicabistan.com\/wp-content\/uploads\/2023\/01\/premium-jersey-hijab-3-768x1365.jpg 768w, https:\/\/hicabistan.com\/wp-content\/uploads\/2023\/01\/premium-jersey-hijab-3-864x1536.jpg 864w, https:\/\/hicabistan.com\/wp-content\/uploads\/2023\/01\/premium-jersey-hijab-3-7x12.jpg 7w, https:\/\/hicabistan.com\/wp-content\/uploads\/2023\/01\/premium-jersey-hijab-3-247x439.jpg 247w, https:\/\/hicabistan.com\/wp-content\/uploads\/2023\/01\/premium-jersey-hijab-3-510x907.jpg 510w, https:\/\/hicabistan.com\/wp-content\/uploads\/2023\/01\/premium-jersey-hijab-3.jpg 1080w\" sizes=\"auto, (max-width: 225px) 100vw, 225px\" \/><figcaption id=\"caption-attachment-6493\" class=\"wp-caption-text\">Premium-Jersey-Hijab<\/figcaption><\/figure>\n<h1>Finden Sie heraus, welche Arten von Premium-Jersey-Hijabs erh\u00e4ltlich sind<\/h1>\n<p>Wir bieten eine Reihe von Hijabs aus leichtem Jersey-Material an. Diese beinhalten <a href=\"https:\/\/hicabistan.com\/de\/sandy-lycra-jersey-hijab\/\">Hijabs aus Lycra-Jersey<\/a>, Instant-Jersey-Hijabs und Undercap-Hauben, mit denen Sie Ihr Haar in Sekundenschnelle bedecken k\u00f6nnen. Alle unsere Styles sind auf maximale Bedeckung und Benutzerfreundlichkeit f\u00fcr den Alltag ausgelegt. Egal, welchen Stil Sie suchen, wir haben etwas, das perfekt zu Ihren Bed\u00fcrfnissen passt.<\/p>\n<h2>\u00dcberpr\u00fcfen Sie die Qualit\u00e4t und Haltbarkeit der Stoffoptionen<\/h2>\n<p>Qualit\u00e4t ist wichtig bei der Auswahl des Hijab-Materials, und in unserem Gesch\u00e4ft verwenden wir nur die hochwertigsten leichten Jersey-Materialien f\u00fcr maximale Abdeckung und Komfort. Unsere Hijabs sind auch professionell gefertigt, um Haltbarkeit und lange Lebensdauer zu gew\u00e4hrleisten. \u00dcberpr\u00fcfen Sie die Stoffoptionen und stellen Sie sicher, dass Sie das Beste f\u00fcr Ihr Geld bekommen, indem Sie sich f\u00fcr hochwertige Materialien entscheiden.<\/p>\n<h2>Vergleichen Sie die Preise, um das beste Preis-Leistungs-Verh\u00e4ltnis f\u00fcr Ihren Hijab-Kauf zu erhalten<\/h2>\n<p>Beim Kauf Ihres Hijabs ist der Preis ein wichtiger Faktor, den Sie ber\u00fccksichtigen sollten. Um das Beste f\u00fcr Ihr Geld zu bekommen, vergleichen Sie die Preise verschiedener Gesch\u00e4fte, die den gleichen Stil und das gleiche Material von Hijab anbieten. Die meisten unserer Hijabs sind preislich sehr konkurrenzf\u00e4hig, aber es ist immer ratsam, Ihre Nachforschungen anzustellen, um sicherzustellen, dass Sie das beste Angebot erhalten. Sehen Sie sich Bewertungen von anderen Kunden an, die zuvor Gro\u00dfhandels-Hijabs gekauft haben, da dies eine gro\u00dfartige M\u00f6glichkeit ist, festzustellen, welches Gesch\u00e4ft den gr\u00f6\u00dften Wert f\u00fcr Ihren Einkauf bietet.<\/p>\n<h3>\u00dcberpr\u00fcfen Sie die Lieferzeiten und R\u00fcckgaberichtlinien, bevor Sie Ihre Auswahl treffen<\/h3>\n<p>Bevor Sie eine endg\u00fcltige Entscheidung zu Ihren Premium-Jersey-Hijab-Gro\u00dfhandelsk\u00e4ufen treffen, \u00fcberpr\u00fcfen Sie unbedingt die Lieferzeiten und R\u00fcckgaberichtlinien des Gesch\u00e4fts, in dem Sie einkaufen. Unter Ber\u00fccksichtigung von Faktoren wie der Entfernung zwischen dem Gesch\u00e4ft und Ihrer Adresse sowie \u00c4nderungen der \u00f6rtlichen Gegebenheiten sollten Sie immer im Voraus planen, um Unannehmlichkeiten oder Verz\u00f6gerungen zu vermeiden. Ber\u00fccksichtigen Sie au\u00dferdem die R\u00fcckgaberichtlinien Ihres ausgew\u00e4hlten Gesch\u00e4fts im Falle von fehlerhaften Artikeln oder falschen Gr\u00f6\u00dfen \u2013 auf diese Weise k\u00f6nnen Sie bei Bedarf sicher einkaufen.<\/p>\n<p>&nbsp;<\/p>","protected":false},"excerpt":{"rendered":"<p>Looking for wholesale hijabs that will keep you fashionable and comfortable? From classic basic black to bright vibrant colors, our collection of stretchy jersey hijabs comes in a variety of styles and sizes. Shop now to find an option that fits your store and budget! Find Out What Types of Premium Jersey Hijabs Are Available [&#8230;]\n","protected":false},"featured_media":6496,"comment_status":"open","ping_status":"closed","template":"","meta":[],"product_brand":[],"product_cat":[74],"product_tag":[],"class_list":{"0":"post-614","1":"product","2":"type-product","3":"status-publish","4":"has-post-thumbnail","6":"product_cat-jersey-hijab","8":"first","9":"instock","10":"shipping-taxable","11":"purchasable","12":"product-type-simple"},"_links":{"self":[{"href":"https:\/\/hicabistan.com\/de\/wp-json\/wp\/v2\/product\/614","targetHints":{"allow":["GET"]}}],"collection":[{"href":"https:\/\/hicabistan.com\/de\/wp-json\/wp\/v2\/product"}],"about":[{"href":"https:\/\/hicabistan.com\/de\/wp-json\/wp\/v2\/types\/product"}],"replies":[{"embeddable":true,"href":"https:\/\/hicabistan.com\/de\/wp-json\/wp\/v2\/comments?post=614"}],"wp:featuredmedia":[{"embeddable":true,"href":"https:\/\/hicabistan.com\/de\/wp-json\/wp\/v2\/media\/6496"}],"wp:attachment":[{"href":"https:\/\/hicabistan.com\/de\/wp-json\/wp\/v2\/media?parent=614"}],"wp:term":[{"taxonomy":"product_brand","embeddable":true,"href":"https:\/\/hicabistan.com\/de\/wp-json\/wp\/v2\/product_brand?post=614"},{"taxonomy":"product_cat","embeddable":true,"href":"https:\/\/hicabistan.com\/de\/wp-json\/wp\/v2\/product_cat?post=614"},{"taxonomy":"product_tag","embeddable":true,"href":"https:\/\/hicabistan.com\/de\/wp-json\/wp\/v2\/product_tag?post=614"}],"curies":[{"name":"wp","href":"https:\/\/api.w.org\/{rel}","templated":true}]}}