{"id":6145,"date":"2023-08-16T15:57:24","date_gmt":"2023-08-16T15:57:24","guid":{"rendered":"https:\/\/hicabistan.com\/?post_type=product&#038;p=6145"},"modified":"2024-10-09T10:45:55","modified_gmt":"2024-10-09T10:45:55","slug":"abaya-perles-brown","status":"publish","type":"product","link":"https:\/\/hicabistan.com\/de\/abaya-perles-brown\/","title":{"rendered":"Abaya Perlen Braun"},"content":{"rendered":"<h2 style=\"text-align: center;\">ABAYA PERLES BRAUN<\/h2>\n<h2><\/h2>\n<p style=\"text-align: left;\"><strong>Produktinformation<\/strong><\/p>\n<p>&nbsp;<\/p>\n<p><strong>H\u00f6he<\/strong>: 133 cm<br \/>\n<strong>B\u00fcste<\/strong>: 106 cm<br \/>\n<strong>Taille<\/strong>: 102 cm<\/p>\n<div>\n<div><\/div>\n<div>Die neue Abaya mit Perlenausschnitt ist mit ihrer bequemen und praktischen Struktur bei Ihnen. Unser Kleid, das an den Handgelenken gekn\u00f6pft wird, hat einen Rei\u00dfverschluss auf der R\u00fcckseite. Unser Kleid, die erste Wahl f\u00fcr schlichte Eleganz, wird ein unverzichtbares St\u00fcck in Ihrem Kleiderschrank sein. Verschiedene Farbvarianten sind erh\u00e4ltlich.<\/div>\n<div><\/div>\n<div><\/div>\n<div><b>Materialinformationen<\/b><\/div>\n<div><b>\u00a0<\/b><\/div>\n<div>\u00a0%65 Cotton<\/div>\n<div><b>\u00a0<\/b>%35 Poliester\u200b\u200b\u200b<\/div>\n<div><\/div>\n<div><\/div>\n<div><b>Modellinformationen<\/b><\/div>\n<div><b>\u00a0<\/b><\/div>\n<div><b>H\u00f6he:<\/b><b>\u00a0<\/b>165 cm<\/div>\n<div>\n<div><b>B\u00fcste :<\/b>\u00a086 cm<\/div>\n<div><b>Taille:<\/b><b>\u00a0\u00a0<\/b>67 cm<\/div>\n<div><b>H\u00fcfte <\/b><b>:\u00a0<\/b>85 cm<\/div>\n<div><\/div>\n<div><\/div>\n<\/div>\n<\/div>\n<p>Das Produkt auf dem Modell ist \u2013 <strong>36<\/strong> \u2013 Gr\u00f6\u00dfe.\u200b<\/p>","protected":false},"excerpt":{"rendered":"<p>ABAYA PERLES BROWN Product information &nbsp; Height: 133 cm Bust: 106cm Waist: 102cm The new season abaya with pearl neckline is with you with its comfortable and useful structure. Our dress, which is buttoned at the wrists, has a zipper on the back. Our dress, which is the first choice of simple elegance, will be [&#8230;]\n","protected":false},"featured_media":6112,"comment_status":"closed","ping_status":"closed","template":"","meta":[],"product_brand":[],"product_cat":[82],"product_tag":[],"class_list":{"0":"post-6145","1":"product","2":"type-product","3":"status-publish","4":"has-post-thumbnail","6":"product_cat-abaya","8":"first","9":"instock","10":"sale","11":"shipping-taxable","12":"purchasable","13":"product-type-variable"},"_links":{"self":[{"href":"https:\/\/hicabistan.com\/de\/wp-json\/wp\/v2\/product\/6145","targetHints":{"allow":["GET"]}}],"collection":[{"href":"https:\/\/hicabistan.com\/de\/wp-json\/wp\/v2\/product"}],"about":[{"href":"https:\/\/hicabistan.com\/de\/wp-json\/wp\/v2\/types\/product"}],"replies":[{"embeddable":true,"href":"https:\/\/hicabistan.com\/de\/wp-json\/wp\/v2\/comments?post=6145"}],"wp:featuredmedia":[{"embeddable":true,"href":"https:\/\/hicabistan.com\/de\/wp-json\/wp\/v2\/media\/6112"}],"wp:attachment":[{"href":"https:\/\/hicabistan.com\/de\/wp-json\/wp\/v2\/media?parent=6145"}],"wp:term":[{"taxonomy":"product_brand","embeddable":true,"href":"https:\/\/hicabistan.com\/de\/wp-json\/wp\/v2\/product_brand?post=6145"},{"taxonomy":"product_cat","embeddable":true,"href":"https:\/\/hicabistan.com\/de\/wp-json\/wp\/v2\/product_cat?post=6145"},{"taxonomy":"product_tag","embeddable":true,"href":"https:\/\/hicabistan.com\/de\/wp-json\/wp\/v2\/product_tag?post=6145"}],"curies":[{"name":"wp","href":"https:\/\/api.w.org\/{rel}","templated":true}]}}