{"id":6229,"date":"2023-08-21T18:18:24","date_gmt":"2023-08-21T18:18:24","guid":{"rendered":"https:\/\/hicabistan.com\/?post_type=product&#038;p=6229"},"modified":"2024-10-09T10:45:54","modified_gmt":"2024-10-09T10:45:54","slug":"abaya-mit-ruschenschultern-in-fuchsie","status":"publish","type":"product","link":"https:\/\/hicabistan.com\/de\/abaya-mit-ruschenschultern-in-fuchsie\/","title":{"rendered":"Abaya mit R\u00fcschenschultern in Fuchsie"},"content":{"rendered":"<h2 style=\"text-align: center;\">Abaya mit R\u00fcschenschultern in Fuchsie<\/h2>\n<div><strong>Produktinformation<\/strong><\/div>\n<div><\/div>\n<div><strong>H\u00f6he:<\/strong> 140 cm<\/div>\n<div><strong>B\u00fcste:<\/strong> 86 cm<\/div>\n<div><strong>Taille:<\/strong> 84 cm<\/div>\n<div><\/div>\n<div>Das Kleid der neuen Saison hat eine ger\u00fcschte Schulterpartie. Unser Kleid, welches einen dominanten Kragen hat, verf\u00fcgt \u00fcber einen Nackenknopf. Unser Kleid ist mit einem G\u00fcrtel versehen. Einen G\u00fcrtelsteg gibt es nicht. Unser Kleid, welches Ihnen schlichte Eleganz bietet, wird Ihr Lieblingsst\u00fcck.<\/div>\n<div><\/div>\n<div><strong>Stoffinformationen<\/strong><\/div>\n<div><\/div>\n<div>50% Viskose<\/div>\n<div>45% Polyester<\/div>\n<div>5% Lycra<\/div>\n<div><\/div>\n<div><strong>Modellinformationen<\/strong><\/div>\n<div><\/div>\n<div><strong>H\u00f6he:<\/strong> 164 cm<\/div>\n<div><strong>B\u00fcste:<\/strong>85 cm<\/div>\n<div><strong>Taille:<\/strong> 64 cm<\/div>\n<div><strong>H\u00fcfte:<\/strong> 92 cm<\/div>\n<div><\/div>\n<div>Das Produkt auf dem Modell ist \u2013<strong> 36<\/strong> - Gr\u00f6\u00dfe.<\/div>","protected":false},"excerpt":{"rendered":"<p>Frilly Shoulder Abaya Fuchsia Product information Height: 140 cm Bust: 86cm Waist: 84cm The new season dress has a ruffled shoulder. Our dress, which has a dominant collar, has a neck button. Our dress is belted. There is no belt bridge. Our dress, which offers you simple elegance, will be your favorite piece. Fabric Information [&#8230;]\n","protected":false},"featured_media":6210,"comment_status":"closed","ping_status":"closed","template":"","meta":[],"product_brand":[],"product_cat":[83],"product_tag":[],"class_list":{"0":"post-6229","1":"product","2":"type-product","3":"status-publish","4":"has-post-thumbnail","6":"product_cat-islamic-dress","8":"first","9":"instock","10":"sale","11":"shipping-taxable","12":"purchasable","13":"product-type-variable"},"_links":{"self":[{"href":"https:\/\/hicabistan.com\/de\/wp-json\/wp\/v2\/product\/6229","targetHints":{"allow":["GET"]}}],"collection":[{"href":"https:\/\/hicabistan.com\/de\/wp-json\/wp\/v2\/product"}],"about":[{"href":"https:\/\/hicabistan.com\/de\/wp-json\/wp\/v2\/types\/product"}],"replies":[{"embeddable":true,"href":"https:\/\/hicabistan.com\/de\/wp-json\/wp\/v2\/comments?post=6229"}],"wp:featuredmedia":[{"embeddable":true,"href":"https:\/\/hicabistan.com\/de\/wp-json\/wp\/v2\/media\/6210"}],"wp:attachment":[{"href":"https:\/\/hicabistan.com\/de\/wp-json\/wp\/v2\/media?parent=6229"}],"wp:term":[{"taxonomy":"product_brand","embeddable":true,"href":"https:\/\/hicabistan.com\/de\/wp-json\/wp\/v2\/product_brand?post=6229"},{"taxonomy":"product_cat","embeddable":true,"href":"https:\/\/hicabistan.com\/de\/wp-json\/wp\/v2\/product_cat?post=6229"},{"taxonomy":"product_tag","embeddable":true,"href":"https:\/\/hicabistan.com\/de\/wp-json\/wp\/v2\/product_tag?post=6229"}],"curies":[{"name":"wp","href":"https:\/\/api.w.org\/{rel}","templated":true}]}}