{"id":6390,"date":"2023-08-22T12:08:00","date_gmt":"2023-08-22T12:08:00","guid":{"rendered":"https:\/\/hicabistan.com\/?post_type=product&#038;p=6390"},"modified":"2024-10-09T10:45:54","modified_gmt":"2024-10-09T10:45:54","slug":"mika-kimono-schwarzes-muster","status":"publish","type":"product","link":"https:\/\/hicabistan.com\/de\/mika-kimono-schwarzes-muster\/","title":{"rendered":"Mika Kimono Schwarzes Muster"},"content":{"rendered":"<h2 style=\"text-align: center;\">Mika Kimono Schwarzes Muster<\/h2>\n<ul>\n<li>Das Produkt ist saisonal. Das Produkt ist ohne Rei\u00dfverschluss, ohne sch\u00e4bigen Knopf. Es ist mit G\u00fcrtel versehen.1 Gr\u00f6\u00dfe: 36-38-40 2 Gr\u00f6\u00dfe: 42-44-46<\/li>\n<li>L\u00e4nge: 120cm<\/li>\n<li>Stoffmerkmal: Es besteht aus Leinenstoff.<\/li>\n<li>Da das Produkt vollst\u00e4ndig geformt ist, wird empfohlen, die Gr\u00f6\u00dfe zu bestellen, die Sie normalerweise verwenden.<\/li>\n<li>Modellabmessungen: Gr\u00f6\u00dfe 38 \/ H\u00f6he 1,68 cm \/ H\u00fcfte 90 cm \/ Taille 77 cm \/ Brustumfang 90 cm<\/li>\n<li>Waschanleitung: Es sollte auf links bei 30\u00b0 (niedrigste Stufe) gewaschen werden.<\/li>\n<li>Aufgrund der Aufnahme kann es zu Tonunterschieden in der Produktfarbe kommen.<\/li>\n<\/ul>","protected":false},"excerpt":{"rendered":"<p>Mika Kimono Black Pattern The product is seasonal. The product is without a zipper, without a shabby button. It is belted.1 Size: 36-38-40 2 Size: 42-44-46 Length: 120cm Fabric Feature: It is made of linen fabric. Since the product is full mold, it is recommended to order the size you normally use. Model Dimensions: Size [&#8230;]\n","protected":false},"featured_media":6373,"comment_status":"closed","ping_status":"closed","template":"","meta":[],"product_brand":[],"product_cat":[183],"product_tag":[],"class_list":{"0":"post-6390","1":"product","2":"type-product","3":"status-publish","4":"has-post-thumbnail","6":"product_cat-kimono","8":"first","9":"instock","10":"shipping-taxable","11":"purchasable","12":"product-type-variable"},"_links":{"self":[{"href":"https:\/\/hicabistan.com\/de\/wp-json\/wp\/v2\/product\/6390","targetHints":{"allow":["GET"]}}],"collection":[{"href":"https:\/\/hicabistan.com\/de\/wp-json\/wp\/v2\/product"}],"about":[{"href":"https:\/\/hicabistan.com\/de\/wp-json\/wp\/v2\/types\/product"}],"replies":[{"embeddable":true,"href":"https:\/\/hicabistan.com\/de\/wp-json\/wp\/v2\/comments?post=6390"}],"wp:featuredmedia":[{"embeddable":true,"href":"https:\/\/hicabistan.com\/de\/wp-json\/wp\/v2\/media\/6373"}],"wp:attachment":[{"href":"https:\/\/hicabistan.com\/de\/wp-json\/wp\/v2\/media?parent=6390"}],"wp:term":[{"taxonomy":"product_brand","embeddable":true,"href":"https:\/\/hicabistan.com\/de\/wp-json\/wp\/v2\/product_brand?post=6390"},{"taxonomy":"product_cat","embeddable":true,"href":"https:\/\/hicabistan.com\/de\/wp-json\/wp\/v2\/product_cat?post=6390"},{"taxonomy":"product_tag","embeddable":true,"href":"https:\/\/hicabistan.com\/de\/wp-json\/wp\/v2\/product_tag?post=6390"}],"curies":[{"name":"wp","href":"https:\/\/api.w.org\/{rel}","templated":true}]}}