{"id":6399,"date":"2023-08-23T06:22:10","date_gmt":"2023-08-23T06:22:10","guid":{"rendered":"https:\/\/hicabistan.com\/?post_type=product&#038;p=6399"},"modified":"2024-10-09T10:45:54","modified_gmt":"2024-10-09T10:45:54","slug":"benutzerdefinierte-etiketten","status":"publish","type":"product","link":"https:\/\/hicabistan.com\/de\/benutzerdefinierte-etiketten\/","title":{"rendered":"Benutzerdefinierte Etiketten"},"content":{"rendered":"<h2 style=\"text-align: center;\">BENUTZERDEFINIERTE ETIKETTEN<\/h2>\n<p>Verbessern Sie Ihr Branding und Ihre Organisation mit unseren au\u00dfergew\u00f6hnlichen Custom Labels. Unsere individuell gestalteten Etiketten werden mit Pr\u00e4zision gefertigt und erf\u00fcllen Ihre individuellen Anforderungen. Sie bieten eine nahtlose Kombination aus \u00c4sthetik und Funktionalit\u00e4t.<\/p>\n<p>Hauptmerkmale:<\/p>\n<ul>\n<li>Personalisiertes Design: Erfassen Sie die Essenz Ihrer Marke, indem Sie Etiketten erstellen, die perfekt zu Ihrer visuellen Identit\u00e4t passen. Von Farben bis zur Typografie ist jedes Element anpassbar.<\/li>\n<li>Vielseitige Materialien: W\u00e4hlen Sie aus einer Reihe hochwertiger Materialien, die f\u00fcr verschiedene Oberfl\u00e4chen und Umgebungen geeignet sind. Ob Produktverpackungen oder Werbematerialien \u2013 unsere Etiketten haften zuverl\u00e4ssig.<\/li>\n<li>Ma\u00dfgeschneiderte Gr\u00f6\u00dfen und Formen: Verabschieden Sie sich von den Einschr\u00e4nkungen durch Standardformen und -gr\u00f6\u00dfen. Unsere individuellen Etiketten k\u00f6nnen in jeder beliebigen Gr\u00f6\u00dfe gefertigt werden, sodass Sie einen bleibenden Eindruck hinterlassen.<\/li>\n<li>Langlebige Oberfl\u00e4chen: W\u00e4hlen Sie aus einer Vielzahl von Oberfl\u00e4chen, darunter gl\u00e4nzend, matt und mehr, um die Haltbarkeit und optische Attraktivit\u00e4t zu verbessern.<\/li>\n<li>Schnelle Bearbeitung: Wir wissen, wie wichtig das Timing ist. Erleben Sie schnelle Produktion und Lieferung ohne Kompromisse bei der Qualit\u00e4t.<\/li>\n<\/ul>\n<p>Anwendungen:<\/p>\n<ul>\n<li>Produkt-Branding: Heben Sie Ihre Produkte in den Regalen mit Etiketten hervor, die die Geschichte und Werte Ihrer Marke verk\u00f6rpern.<\/li>\n<li>Veranstaltungen und Werbeaktionen: Von Werbegeschenken bis hin zu Firmenveranstaltungen verleihen unsere individuellen Etiketten Ihren Werbema\u00dfnahmen eine professionelle Note.<\/li>\n<li>Organisatorische Effizienz: Optimieren Sie Abl\u00e4ufe durch die Verwendung benutzerdefinierter Etiketten f\u00fcr die Bestandsverwaltung, Kategorisierung und Nachverfolgung.<\/li>\n<\/ul>\n<p>Warum unsere individuellen Etiketten? Mit unserem hohen Qualit\u00e4tsanspruch und unserer Innovationskraft haben wir uns einen hervorragenden Ruf erarbeitet. Unser engagiertes Team arbeitet eng mit Ihnen zusammen, um Ihre Vision zu verstehen und umzusetzen. Erleben Sie die Wirkung personalisierter Etiketten, die Ihre Zielgruppe begeistern und einen bleibenden Eindruck hinterlassen.<\/p>\n<p>Entdecken Sie grenzenlose M\u00f6glichkeiten mit unserem Produkt \u201cIndividuelle Etiketten\u201d. Verwandeln Sie Ihre Ideen in greifbare, ansprechende Etiketten, die Ihre Marke perfekt widerspiegeln. Kontaktieren Sie uns noch heute, um die unz\u00e4hligen Individualisierungsm\u00f6glichkeiten zu entdecken und Ihre Etikettenw\u00fcnsche umzusetzen.<\/p>","protected":false},"excerpt":{"rendered":"<p><strong>Dieses Produkt wird separat verkauft. Das N\u00e4hen ist nicht im Preis inbegriffen.\u00a0<\/strong><\/p>","protected":false},"featured_media":6404,"comment_status":"closed","ping_status":"closed","template":"","meta":[],"product_brand":[],"product_cat":[180],"product_tag":[],"class_list":{"0":"post-6399","1":"product","2":"type-product","3":"status-publish","4":"has-post-thumbnail","6":"product_cat-print-service","8":"first","9":"instock","10":"shipping-taxable","11":"purchasable","12":"product-type-variable"},"_links":{"self":[{"href":"https:\/\/hicabistan.com\/de\/wp-json\/wp\/v2\/product\/6399","targetHints":{"allow":["GET"]}}],"collection":[{"href":"https:\/\/hicabistan.com\/de\/wp-json\/wp\/v2\/product"}],"about":[{"href":"https:\/\/hicabistan.com\/de\/wp-json\/wp\/v2\/types\/product"}],"replies":[{"embeddable":true,"href":"https:\/\/hicabistan.com\/de\/wp-json\/wp\/v2\/comments?post=6399"}],"wp:featuredmedia":[{"embeddable":true,"href":"https:\/\/hicabistan.com\/de\/wp-json\/wp\/v2\/media\/6404"}],"wp:attachment":[{"href":"https:\/\/hicabistan.com\/de\/wp-json\/wp\/v2\/media?parent=6399"}],"wp:term":[{"taxonomy":"product_brand","embeddable":true,"href":"https:\/\/hicabistan.com\/de\/wp-json\/wp\/v2\/product_brand?post=6399"},{"taxonomy":"product_cat","embeddable":true,"href":"https:\/\/hicabistan.com\/de\/wp-json\/wp\/v2\/product_cat?post=6399"},{"taxonomy":"product_tag","embeddable":true,"href":"https:\/\/hicabistan.com\/de\/wp-json\/wp\/v2\/product_tag?post=6399"}],"curies":[{"name":"wp","href":"https:\/\/api.w.org\/{rel}","templated":true}]}}