{"id":6443,"date":"2023-08-21T09:30:31","date_gmt":"2023-08-21T09:30:31","guid":{"rendered":"https:\/\/hicabistan.com\/?post_type=product&#038;p=6443"},"modified":"2024-10-09T10:45:54","modified_gmt":"2024-10-09T10:45:54","slug":"alexa-abaya-marineblau","status":"publish","type":"product","link":"https:\/\/hicabistan.com\/de\/alexa-abaya-marineblau\/","title":{"rendered":"Alexa Abaya Marineblau"},"content":{"rendered":"<h2 style=\"text-align: center;\">Alexa Abaya Marineblau<\/h2>\n<ul>\n<li>Das Produkt ist saisonal. Das Produkt ist ungef\u00fcttert. Es hat einen runden Ausschnitt und wird hinten gekn\u00f6pft. Die Taille ist elastisch und mit einem G\u00fcrtel versehen. Die \u00c4rmelb\u00fcndchen sind mit Volants versehen und die R\u00f6cke sind in Form einer Mawlana ge\u00f6ffnet.<\/li>\n<li>L\u00e4nge: 137cm<\/li>\n<li>Stoffmerkmal: Es besteht aus Frottee-Baumwollstoff.<\/li>\n<li>Modellabmessungen: Gr\u00f6\u00dfe 38 \/ H\u00f6he 1,68 cm \/ H\u00fcfte 90 cm \/ Taille 77 cm \/ Brustumfang 90 cm<\/li>\n<li>Waschanleitung: Es sollte auf links bei 30\u00b0 (niedrigste Stufe) gewaschen werden.<\/li>\n<li>Aufgrund der Aufnahme kann es zu Tonunterschieden in der Produktfarbe kommen.<\/li>\n<\/ul>","protected":false},"excerpt":{"rendered":"<p>Alexa Abaya Navy Blue The product is seasonal. The product is unlined. It has a round neckline and is buttoned at the back. The waist is elastic and belted. The sleeve cuffs are flounced and the skirts are opened in the form of a mawlana. Length: 137cm Fabric Feature: It is made of Terry Cotton [&#8230;]\n","protected":false},"featured_media":6430,"comment_status":"closed","ping_status":"closed","template":"","meta":[],"product_brand":[],"product_cat":[82,83],"product_tag":[],"class_list":{"0":"post-6443","1":"product","2":"type-product","3":"status-publish","4":"has-post-thumbnail","6":"product_cat-abaya","7":"product_cat-islamic-dress","9":"first","10":"instock","11":"sale","12":"shipping-taxable","13":"purchasable","14":"product-type-variable"},"_links":{"self":[{"href":"https:\/\/hicabistan.com\/de\/wp-json\/wp\/v2\/product\/6443","targetHints":{"allow":["GET"]}}],"collection":[{"href":"https:\/\/hicabistan.com\/de\/wp-json\/wp\/v2\/product"}],"about":[{"href":"https:\/\/hicabistan.com\/de\/wp-json\/wp\/v2\/types\/product"}],"replies":[{"embeddable":true,"href":"https:\/\/hicabistan.com\/de\/wp-json\/wp\/v2\/comments?post=6443"}],"wp:featuredmedia":[{"embeddable":true,"href":"https:\/\/hicabistan.com\/de\/wp-json\/wp\/v2\/media\/6430"}],"wp:attachment":[{"href":"https:\/\/hicabistan.com\/de\/wp-json\/wp\/v2\/media?parent=6443"}],"wp:term":[{"taxonomy":"product_brand","embeddable":true,"href":"https:\/\/hicabistan.com\/de\/wp-json\/wp\/v2\/product_brand?post=6443"},{"taxonomy":"product_cat","embeddable":true,"href":"https:\/\/hicabistan.com\/de\/wp-json\/wp\/v2\/product_cat?post=6443"},{"taxonomy":"product_tag","embeddable":true,"href":"https:\/\/hicabistan.com\/de\/wp-json\/wp\/v2\/product_tag?post=6443"}],"curies":[{"name":"wp","href":"https:\/\/api.w.org\/{rel}","templated":true}]}}