{"id":901,"date":"2023-01-19T19:00:05","date_gmt":"2023-01-19T19:00:05","guid":{"rendered":"https:\/\/hicabistan.com\/?post_type=product&#038;p=901"},"modified":"2024-10-09T10:45:55","modified_gmt":"2024-10-09T10:45:55","slug":"ethnic-patterned-burkini-black","status":"publish","type":"product","link":"https:\/\/hicabistan.com\/de\/ethnic-patterned-burkini-black\/","title":{"rendered":"Ethnisch gemusterter Burkini schwarz"},"content":{"rendered":"<div>Produktinformation<\/div>\n<div><\/div>\n<div>-Es besteht aus vier Teilen.<\/div>\n<div>-Der Versand erfolgt mit Langarm-Top, langem Unterteil, M\u00fctze, Bustier<\/div>\n<div>- Ungef\u00fcttert, nicht durchsichtig<\/div>\n<div><\/div>\n<div>-Spitze<\/div>\n<div>H\u00f6he: 95 cm<\/div>\n<div>Brustumfang: 104 cm<\/div>\n<div>Taille: 100 cm<\/div>\n<div><\/div>\n<div>-Untere<\/div>\n<div>H\u00f6he: 97 cm<\/div>\n<div>Taille: 78 cm<\/div>\n<div>Bein: 34 cm<\/div>\n<div><\/div>\n<div>\u00a0 Die Gr\u00f6\u00dfe \u00fcber dem Modell ist \u2013 3XL \u2013 Gr\u00f6\u00dfe.<\/div>\n<div><\/div>\n<div>Stoffinformationen<\/div>\n<div><\/div>\n<div>88% Polyester<\/div>\n<div>12% Elastan<\/div>","protected":false},"excerpt":{"rendered":"<p>Product information -It consists of four parts. -Shipping is provided with long sleeve top, long bottom, bonnet, bustier -Unlined, no see-through -Top Height : 95 cm Bust : 104 cm Waist : 100 cm -Lower Height: 97 cm Waist : 78 cm Leg: 34 cm \u00a0 The size above the model is &#8211; 3XL &#8211; [&#8230;]\n","protected":false},"featured_media":906,"comment_status":"open","ping_status":"closed","template":"","meta":[],"product_brand":[],"product_cat":[102],"product_tag":[116,118,119],"class_list":{"0":"post-901","1":"product","2":"type-product","3":"status-publish","4":"has-post-thumbnail","6":"product_cat-burkini","7":"product_tag-burkini","8":"product_tag-swimwear-hijab","9":"product_tag-wholesale-burkini","11":"first","12":"instock","13":"shipping-taxable","14":"purchasable","15":"product-type-variable"},"_links":{"self":[{"href":"https:\/\/hicabistan.com\/de\/wp-json\/wp\/v2\/product\/901","targetHints":{"allow":["GET"]}}],"collection":[{"href":"https:\/\/hicabistan.com\/de\/wp-json\/wp\/v2\/product"}],"about":[{"href":"https:\/\/hicabistan.com\/de\/wp-json\/wp\/v2\/types\/product"}],"replies":[{"embeddable":true,"href":"https:\/\/hicabistan.com\/de\/wp-json\/wp\/v2\/comments?post=901"}],"wp:featuredmedia":[{"embeddable":true,"href":"https:\/\/hicabistan.com\/de\/wp-json\/wp\/v2\/media\/906"}],"wp:attachment":[{"href":"https:\/\/hicabistan.com\/de\/wp-json\/wp\/v2\/media?parent=901"}],"wp:term":[{"taxonomy":"product_brand","embeddable":true,"href":"https:\/\/hicabistan.com\/de\/wp-json\/wp\/v2\/product_brand?post=901"},{"taxonomy":"product_cat","embeddable":true,"href":"https:\/\/hicabistan.com\/de\/wp-json\/wp\/v2\/product_cat?post=901"},{"taxonomy":"product_tag","embeddable":true,"href":"https:\/\/hicabistan.com\/de\/wp-json\/wp\/v2\/product_tag?post=901"}],"curies":[{"name":"wp","href":"https:\/\/api.w.org\/{rel}","templated":true}]}}