{"id":557,"date":"2023-01-04T14:01:27","date_gmt":"2023-01-04T14:01:27","guid":{"rendered":"https:\/\/hicabistan.com\/?page_id=557"},"modified":"2026-03-22T19:34:52","modified_gmt":"2026-03-22T19:34:52","slug":"gastos-de-envio","status":"publish","type":"page","link":"https:\/\/hicabistan.com\/es\/gastos-de-envio\/","title":{"rendered":"Los gastos de env\u00edo"},"content":{"rendered":"<div id=\"page-header-1814161540\" class=\"page-header-wrapper\">\n  <div class=\"page-title dark featured-title\">\n\n        <div class=\"page-title-bg\">\n      <div class=\"title-bg fill bg-fill\"\n        data-parallax-container=\".page-title\"\n        data-parallax-background\n data-parallax=\"-\">\n      <\/div>\n      <div class=\"title-overlay fill\"><\/div>\n    <\/div>\n    \n    <div class=\"page-title-inner container align-center flex-row medium-flex-wrap\" >\n              <div class=\"title-wrapper flex-col text-left medium-text-center\">\n          <h1 class=\"entry-title mb-0\">\n            Los gastos de env\u00edo          <\/h1>\n        <\/div>\n                    <div class=\"title-content flex-col flex-right text-right medium-text-center\">\n        <div class=\"title-share pt-half pb-half\"><div class=\"social-icons share-icons share-row relative icon-style-outline\" ><a href=\"whatsapp:\/\/send?text=Delivery%20Charges - https:\/\/hicabistan.com\/es\/gastos-de-envio\/\" data-action=\"share\/whatsapp\/share\" class=\"icon button circle is-outline tooltip whatsapp show-for-medium\" title=\"Compartir en WhatsApp\" aria-label=\"Compartir en WhatsApp\"><i class=\"icon-whatsapp\" aria-hidden=\"true\"><\/i><\/a><a href=\"https:\/\/www.facebook.com\/sharer.php?u=https:\/\/hicabistan.com\/es\/gastos-de-envio\/\" data-label=\"Facebook\" onclick=\"window.open(this.href,this.title,'width=500,height=500,top=300px,left=300px'); return false;\" target=\"_blank\" class=\"icon button circle is-outline tooltip facebook\" title=\"Compartir en Facebook\" aria-label=\"Compartir en Facebook\" rel=\"noopener nofollow\"><i class=\"icon-facebook\" aria-hidden=\"true\"><\/i><\/a><a href=\"https:\/\/twitter.com\/share?url=https:\/\/hicabistan.com\/es\/gastos-de-envio\/\" onclick=\"window.open(this.href,this.title,'width=500,height=500,top=300px,left=300px'); return false;\" target=\"_blank\" class=\"icon button circle is-outline tooltip twitter\" title=\"Compartir en Twitter\" aria-label=\"Compartir en Twitter\" rel=\"noopener nofollow\"><i class=\"icon-twitter\" aria-hidden=\"true\"><\/i><\/a><a href=\"mailto:?subject=Delivery%20Charges&body=Check%20this%20out%3A%20https%3A%2F%2Fhicabistan.com%2Fes%2Fgastos-de-envio%2F\" class=\"icon button circle is-outline tooltip email\" title=\"Env\u00eda por correo electr\u00f3nico\" aria-label=\"Env\u00eda por correo electr\u00f3nico\" rel=\"nofollow\"><i class=\"icon-envelop\" aria-hidden=\"true\"><\/i><\/a><a href=\"https:\/\/pinterest.com\/pin\/create\/button?url=https:\/\/hicabistan.com\/es\/gastos-de-envio\/&media&description=Delivery%20Charges\" onclick=\"window.open(this.href,this.title,'width=500,height=500,top=300px,left=300px'); return false;\" target=\"_blank\" class=\"icon button circle is-outline tooltip pinterest\" title=\"Pinear en Pinterest\" aria-label=\"Pinear en Pinterest\" rel=\"noopener nofollow\"><i class=\"icon-pinterest\" aria-hidden=\"true\"><\/i><\/a><a href=\"https:\/\/www.linkedin.com\/shareArticle?mini=true&url=https:\/\/hicabistan.com\/es\/gastos-de-envio\/&title=Delivery%20Charges\" onclick=\"window.open(this.href,this.title,'width=500,height=500,top=300px,left=300px'); return false;\" target=\"_blank\" class=\"icon button circle is-outline tooltip linkedin\" title=\"Compartir en LinkedIn\" aria-label=\"Compartir en LinkedIn\" rel=\"noopener nofollow\"><i class=\"icon-linkedin\" aria-hidden=\"true\"><\/i><\/a><\/div><\/div>      <\/div>\n    <\/div>\n\n     \n<style>\n#page-header-1814161540 .featured-title {\n  background-color: rgba(61, 61, 61, 0.744);\n}\n<\/style>\n  <\/div>\n    <\/div>\n  \n\n<div class=\"row\"  id=\"row-377556411\">\n\n\n\t<div id=\"col-672548114\" class=\"col medium-4 small-12 large-4\"  >\n\t\t\t\t<div class=\"col-inner\"  >\n\t\t\t\n\t\t\t\n\n<div class=\"pricing-table-wrapper\">\n  <div class=\"pricing-table ux_price_table text-center box-shadow-3-hover featured-table\">\n    <div class=\"pricing-table-header\">\n      <div class=\"title uppercase strong\">Europa<\/div>\n      <div class=\"price is-xxlarge\">\u20ac85<\/div>\n              <div class=\"description is-small\">\n          Francia, Alemania, Pa\u00edses Bajos, B\u00e9lgica, Austria        <\/div>\n          <\/div>\n    <div class=\"pricing-table-items items\">\n      \n\n<div class=\"bullet-item tooltip has-hover\" title=\"1 caja puede llevar 30 KG. Incluso si su pedido es de 15 kg, pagar\u00e1 el mismo precio\"><span class=\"text\">hasta 30 KG<\/span><span class=\"tag-label bullet-more-info circle\">?<\/span><\/div>\n\n<div class=\"bullet-item\" title=\"\"><span class=\"text\">Entrega puerta a puerta<\/span><\/div>\n\n<div class=\"bullet-item\" title=\"\"><span class=\"text\">Sin tarifa adicional de aduana o impuestos<\/span><\/div>\n\n<div class=\"bullet-item tooltip has-hover\" title=\"El tiempo de entrega puede variar dependiendo de la situaci\u00f3n aduanera.\"><span class=\"text\">Tiempo de entrega 15 d\u00edas<\/span><span class=\"tag-label bullet-more-info circle\">?<\/span><\/div>\n\n<div class=\"bullet-item\" title=\"\"><span class=\"text\">con DPD y GLS<\/span><\/div>\n\n\n    <\/div>\n      <\/div>\n<\/div>\n\n\n\n\t\t<\/div>\n\t\t\t\t\t<\/div>\n\n\t\n\n\t<div id=\"col-274949607\" class=\"col medium-4 small-12 large-4\"  >\n\t\t\t\t<div class=\"col-inner\"  >\n\t\t\t\n\t\t\t\n\n<div class=\"pricing-table-wrapper\">\n  <div class=\"pricing-table ux_price_table text-center box-shadow-3-hover\">\n    <div class=\"pricing-table-header\">\n      <div class=\"title uppercase strong\">Europa<\/div>\n      <div class=\"price is-xxlarge\">\u20ac110<\/div>\n              <div class=\"description is-small\">\n          Italia, Espa\u00f1a        <\/div>\n          <\/div>\n    <div class=\"pricing-table-items items\">\n      \n\n<div class=\"bullet-item tooltip has-hover\" title=\"1 caja puede llevar 30 KG. Incluso si su pedido es de 15 kg, pagar\u00e1 el mismo precio\"><span class=\"text\">hasta 30 KG<\/span><span class=\"tag-label bullet-more-info circle\">?<\/span><\/div>\n\n<div class=\"bullet-item\" title=\"\"><span class=\"text\">Entrega puerta a puerta<\/span><\/div>\n\n<div class=\"bullet-item\" title=\"\"><span class=\"text\">Sin tarifa adicional de aduana o impuestos<\/span><\/div>\n\n<div class=\"bullet-item tooltip has-hover\" title=\"El tiempo de entrega puede variar dependiendo de la situaci\u00f3n aduanera.\"><span class=\"text\">Tiempo de entrega 15 d\u00edas<\/span><span class=\"tag-label bullet-more-info circle\">?<\/span><\/div>\n\n<div class=\"bullet-item\" title=\"\"><span class=\"text\">con DPD y GLS<\/span><\/div>\n\n\n    <\/div>\n      <\/div>\n<\/div>\n\n\n\n\t\t<\/div>\n\t\t\t\t\t<\/div>\n\n\t\n\n\t<div id=\"col-493524253\" class=\"col medium-4 small-12 large-4\"  >\n\t\t\t\t<div class=\"col-inner\"  >\n\t\t\t\n\t\t\t\n\n<div class=\"pricing-table-wrapper\">\n  <div class=\"pricing-table ux_price_table text-center box-shadow-3-hover\">\n    <div class=\"pricing-table-header\">\n      <div class=\"title uppercase strong\">Europa<\/div>\n      <div class=\"price is-xxlarge\">\u20ac125<\/div>\n              <div class=\"description is-small\">\n          Dinamarca, Suecia        <\/div>\n          <\/div>\n    <div class=\"pricing-table-items items\">\n      \n\n<div class=\"bullet-item tooltip has-hover\" title=\"1 caja puede llevar 30 KG. Incluso si su pedido es de 15 kg, pagar\u00e1 el mismo precio\"><span class=\"text\">hasta 30 KG<\/span><span class=\"tag-label bullet-more-info circle\">?<\/span><\/div>\n\n<div class=\"bullet-item\" title=\"\"><span class=\"text\">Entrega puerta a puerta<\/span><\/div>\n\n<div class=\"bullet-item\" title=\"\"><span class=\"text\">Sin tarifa adicional de aduana o impuestos<\/span><\/div>\n\n<div class=\"bullet-item tooltip has-hover\" title=\"El tiempo de entrega puede variar dependiendo de la situaci\u00f3n aduanera.\"><span class=\"text\">Tiempo de entrega 15 d\u00edas<\/span><span class=\"tag-label bullet-more-info circle\">?<\/span><\/div>\n\n<div class=\"bullet-item\" title=\"\"><span class=\"text\">con DPD y GLS<\/span><\/div>\n\n\n    <\/div>\n      <\/div>\n<\/div>\n\n\n\n\t\t<\/div>\n\t\t\t\t\t<\/div>\n\n\t\n\n<\/div>\n<div class=\"row\"  id=\"row-1375295237\">\n\n\n\t<div id=\"col-1567204525\" class=\"col medium-4 small-12 large-4\"  >\n\t\t\t\t<div class=\"col-inner\"  >\n\t\t\t\n\t\t\t\n\n<div class=\"pricing-table-wrapper\">\n  <div class=\"pricing-table ux_price_table text-center box-shadow-3-hover featured-table\">\n    <div class=\"pricing-table-header\">\n      <div class=\"title uppercase strong\">EE.UU.-CANAD\u00c1<\/div>\n      <div class=\"price is-xxlarge\">$180<\/div>\n              <div class=\"description is-small\">\n          Todas las ciudades y regiones        <\/div>\n          <\/div>\n    <div class=\"pricing-table-items items\">\n      \n\n<div class=\"bullet-item tooltip has-hover\" title=\"1 caja puede llevar 30 KG. Incluso si su pedido es de 15 kg, pagar\u00e1 el mismo precio\"><span class=\"text\">hasta 30 KG<\/span><span class=\"tag-label bullet-more-info circle\">?<\/span><\/div>\n\n<div class=\"bullet-item\" title=\"\"><span class=\"text\">Entrega puerta a puerta<\/span><\/div>\n\n<div class=\"bullet-item tooltip has-hover\" title=\"Es posible que se apliquen impuestos en la aduana canadiense\"><span class=\"text\">Es posible que se apliquen impuestos en la aduana canadiense<\/span><span class=\"tag-label bullet-more-info circle\">?<\/span><\/div>\n\n<div class=\"bullet-item tooltip has-hover\" title=\"El tiempo de entrega puede variar dependiendo de la situaci\u00f3n aduanera.\"><span class=\"text\">Tiempo de entrega 1-7 d\u00edas<\/span><span class=\"tag-label bullet-more-info circle\">?<\/span><\/div>\n\n<div class=\"bullet-item\" title=\"\"><span class=\"text\">con UPS y FedEx<\/span><\/div>\n\n\n    <\/div>\n      <\/div>\n<\/div>\n\n\n\n\t\t<\/div>\n\t\t\t\t\t<\/div>\n\n\t\n\n\t<div id=\"col-1205925069\" class=\"col medium-4 small-12 large-4\"  >\n\t\t\t\t<div class=\"col-inner\"  >\n\t\t\t\n\t\t\t\n\n<div class=\"pricing-table-wrapper\">\n  <div class=\"pricing-table ux_price_table text-center box-shadow-3-hover\">\n    <div class=\"pricing-table-header\">\n      <div class=\"title uppercase strong\">EMIRATOS-SAUD\u00cd<\/div>\n      <div class=\"price is-xxlarge\">$130<\/div>\n              <div class=\"description is-small\">\n          Dubai, Abu Dhabi, todos los saud\u00edes        <\/div>\n          <\/div>\n    <div class=\"pricing-table-items items\">\n      \n\n<div class=\"bullet-item tooltip has-hover\" title=\"1 caja puede llevar 30 KG. Incluso si su pedido es de 15 kg, pagar\u00e1 el mismo precio\"><span class=\"text\">hasta 30 KG<\/span><span class=\"tag-label bullet-more-info circle\">?<\/span><\/div>\n\n<div class=\"bullet-item\" title=\"\"><span class=\"text\">Entrega puerta a puerta<\/span><\/div>\n\n<div class=\"bullet-item\" title=\"\"><span class=\"text\">Se pueden aplicar impuestos<\/span><\/div>\n\n<div class=\"bullet-item tooltip has-hover\" title=\"El tiempo de entrega puede variar dependiendo de la situaci\u00f3n aduanera.\"><span class=\"text\">Tiempo de entrega 1-7 d\u00edas<\/span><span class=\"tag-label bullet-more-info circle\">?<\/span><\/div>\n\n<div class=\"bullet-item\" title=\"\"><span class=\"text\">con UPS y FedEx<\/span><\/div>\n\n\n    <\/div>\n      <\/div>\n<\/div>\n\n\n\n\t\t<\/div>\n\t\t\t\t\t<\/div>\n\n\t\n\n\t<div id=\"col-742394839\" class=\"col medium-4 small-12 large-4\"  >\n\t\t\t\t<div class=\"col-inner\"  >\n\t\t\t\n\t\t\t\n\n<div class=\"pricing-table-wrapper\">\n  <div class=\"pricing-table ux_price_table text-center box-shadow-3-hover\">\n    <div class=\"pricing-table-header\">\n      <div class=\"title uppercase strong\">REINO UNIDO<\/div>\n      <div class=\"price is-xxlarge\">\u00a3155<\/div>\n              <div class=\"description is-small\">\n          Inglaterra, Irlanda, Escocia        <\/div>\n          <\/div>\n    <div class=\"pricing-table-items items\">\n      \n\n<div class=\"bullet-item tooltip has-hover\" title=\"1 caja puede llevar 30 KG. Incluso si su pedido es de 15 kg, pagar\u00e1 el mismo precio\"><span class=\"text\">hasta 30 KG<\/span><span class=\"tag-label bullet-more-info circle\">?<\/span><\/div>\n\n<div class=\"bullet-item\" title=\"\"><span class=\"text\">Entrega puerta a puerta<\/span><\/div>\n\n<div class=\"bullet-item\" title=\"\"><span class=\"text\">Se pueden aplicar impuestos<\/span><\/div>\n\n<div class=\"bullet-item tooltip has-hover\" title=\"El tiempo de entrega puede variar dependiendo de la situaci\u00f3n aduanera.\"><span class=\"text\">Tiempo de entrega 1-7 d\u00edas<\/span><span class=\"tag-label bullet-more-info circle\">?<\/span><\/div>\n\n<div class=\"bullet-item\" title=\"\"><span class=\"text\">con UPS y FedEx<\/span><\/div>\n\n\n    <\/div>\n      <\/div>\n<\/div>\n\n\n\n\t\t<\/div>\n\t\t\t\t\t<\/div>\n\n\t\n\n<\/div>\n\n  <div class=\"banner has-hover has-parallax\" id=\"banner-643065698\">\n          <div class=\"banner-inner fill\">\n        <div class=\"banner-bg fill\" data-parallax=\"-5\" data-parallax-container=\".banner\" data-parallax-background>\n            <img loading=\"lazy\" decoding=\"async\" width=\"1020\" height=\"680\" src=\"https:\/\/hicabistan.com\/wp-content\/uploads\/2023\/01\/paper-box-packaging-delivery-concept-min-1200x800.jpg\" class=\"bg attachment-large size-large\" alt=\"entrega\" \/>                                    \n                    <\/div>\n\t\t\n        <div class=\"banner-layers container\">\n            <div class=\"fill banner-link\"><\/div>            \n\n   <div id=\"text-box-1159225760\" class=\"text-box banner-layer x50 md-x50 lg-x50 y90 md-y90 lg-y90 res-text\">\n                     <div data-animate=\"fadeInRight\">           <div class=\"text-box-content text dark\">\n              \n              <div class=\"text-inner text-center\">\n                  \n\n\t<div id=\"text-3605012908\" class=\"text\">\n\t\t\n\n<h3 class=\"uppercase\"><strong>Garant\u00eda de entrega 100%<\/strong><\/h3>\n<p>Todos los productos que enviamos est\u00e1n asegurados y, en caso de p\u00e9rdida, se le reembolsar\u00e1 su dinero o se le enviar\u00e1n sus productos nuevamente.<\/p>\n\t\t\n<style>\n#text-3605012908 {\n  text-align: center;\n  color: rgb(0,0,0);\n}\n#text-3605012908 > * {\n  color: rgb(0,0,0);\n}\n<\/style>\n\t<\/div>\n\t\n\n              <\/div>\n           <\/div>\n       <\/div>                     \n<style>\n#text-box-1159225760 {\n  width: 40%;\n}\n#text-box-1159225760 .text-box-content {\n  font-size: 100%;\n}\n<\/style>\n    <\/div>\n \n\n        <\/div>\n      <\/div>\n\n            \n<style>\n#banner-643065698 {\n  padding-top: 234px;\n}\n#banner-643065698 .banner-bg img {\n  object-position: 40% 60%;\n}\n<\/style>\n  <\/div>","protected":false},"excerpt":{"rendered":"","protected":false},"author":2,"featured_media":0,"parent":0,"menu_order":0,"comment_status":"closed","ping_status":"closed","template":"","meta":{"footnotes":""},"class_list":["post-557","page","type-page","status-publish","hentry"],"_links":{"self":[{"href":"https:\/\/hicabistan.com\/es\/wp-json\/wp\/v2\/pages\/557","targetHints":{"allow":["GET"]}}],"collection":[{"href":"https:\/\/hicabistan.com\/es\/wp-json\/wp\/v2\/pages"}],"about":[{"href":"https:\/\/hicabistan.com\/es\/wp-json\/wp\/v2\/types\/page"}],"author":[{"embeddable":true,"href":"https:\/\/hicabistan.com\/es\/wp-json\/wp\/v2\/users\/2"}],"replies":[{"embeddable":true,"href":"https:\/\/hicabistan.com\/es\/wp-json\/wp\/v2\/comments?post=557"}],"version-history":[{"count":2,"href":"https:\/\/hicabistan.com\/es\/wp-json\/wp\/v2\/pages\/557\/revisions"}],"predecessor-version":[{"id":6775,"href":"https:\/\/hicabistan.com\/es\/wp-json\/wp\/v2\/pages\/557\/revisions\/6775"}],"wp:attachment":[{"href":"https:\/\/hicabistan.com\/es\/wp-json\/wp\/v2\/media?parent=557"}],"curies":[{"name":"wp","href":"https:\/\/api.w.org\/{rel}","templated":true}]}}