{"id":88,"date":"2013-08-11T19:22:53","date_gmt":"2013-08-11T19:22:53","guid":{"rendered":"http:\/\/localhost:8888\/test\/?page_id=532"},"modified":"2022-10-28T14:34:27","modified_gmt":"2022-10-28T14:34:27","slug":"contacto","status":"publish","type":"page","link":"https:\/\/hicabistan.com\/es\/contacto\/","title":{"rendered":"Contacto"},"content":{"rendered":"<div class=\"row\"  id=\"row-1411841518\">\n\n\n\t<div id=\"col-1397379282\" class=\"col medium-6 large-6\"  >\n\t\t\t\t<div class=\"col-inner\"  >\n\t\t\t\n\t\t\t\n\n<div class=\"container section-title-container\" ><h3 class=\"section-title section-title-normal\"><b aria-hidden=\"true\"><\/b><span class=\"section-title-main\" >Preguntas frecuentes<\/span><b aria-hidden=\"true\"><\/b><\/h3><\/div>\n\n<p class=\"lead\">Lea nuestras preguntas frecuentes antes de enviarnos un mensaje.<\/p>\n<div class=\"accordion\">\n\n\t<div id=\"accordion-3894201140\" class=\"accordion-item\">\n\t\t<a id=\"accordion-3894201140-label\" class=\"accordion-title plain\" href=\"#accordion-item-what-are-the-delivery-charges-for-orders-from-the-online-shop?\" aria-expanded=\"false\" aria-controls=\"accordion-3894201140-content\">\n\t\t\t<button class=\"toggle\" aria-label=\"Palanca\"><i class=\"icon-angle-down\" aria-hidden=\"true\"><\/i><\/button>\n\t\t\t<span>\u00bfCu\u00e1les son los gastos de env\u00edo de los pedidos de la Tienda Online?<\/span>\n\t\t<\/a>\n\t\t<div id=\"accordion-3894201140-content\" class=\"accordion-inner\" aria-labelledby=\"accordion-3894201140-label\">\n\t\t\t\n\n<p><strong>30 KG 1 Caja 60x40x40<\/strong><\/p>\n<ol>\n<li>Francia,B\u00e9lgica,Holanda,Austria,Alemania : 75\u20ac<\/li>\n<li>Italia, Espa\u00f1a : 100\u20ac<\/li>\n<li>Dinamarca, Suecia : 110\u20ac<\/li>\n<li>Inglaterra, Irlanda, Escocia : 180\u20ac<\/li>\n<li>Estados Unidos, Canad\u00e1: 270$USD<\/li>\n<\/ol>\n\n\t\t<\/div>\n\t<\/div>\n\t\n\t<div id=\"accordion-3421531629\" class=\"accordion-item\">\n\t\t<a id=\"accordion-3421531629-label\" class=\"accordion-title plain\" href=\"#accordion-item-which-payment-methods-are-accepted-in-the-online-shop?\" aria-expanded=\"false\" aria-controls=\"accordion-3421531629-content\">\n\t\t\t<button class=\"toggle\" aria-label=\"Palanca\"><i class=\"icon-angle-down\" aria-hidden=\"true\"><\/i><\/button>\n\t\t\t<span>\u00bfQu\u00e9 m\u00e9todos de pago se aceptan en la Tienda Online?<\/span>\n\t\t<\/a>\n\t\t<div id=\"accordion-3421531629-content\" class=\"accordion-inner\" aria-labelledby=\"accordion-3421531629-label\">\n\t\t\t\n\n<p>Transferencia bancaria, Western Union, Ria, TransferGo, TransferWise (lamentablemente, PayPal no funciona en Turqu\u00eda desde 2016)<\/p>\n\n\t\t<\/div>\n\t<\/div>\n\t\n\t<div id=\"accordion-3906025973\" class=\"accordion-item\">\n\t\t<a id=\"accordion-3906025973-label\" class=\"accordion-title plain\" href=\"#accordion-item-how-long-will-delivery-take?\" aria-expanded=\"false\" aria-controls=\"accordion-3906025973-content\">\n\t\t\t<button class=\"toggle\" aria-label=\"Palanca\"><i class=\"icon-angle-down\" aria-hidden=\"true\"><\/i><\/button>\n\t\t\t<span>\u00bfCu\u00e1nto tardar\u00e1 la entrega?<\/span>\n\t\t<\/a>\n\t\t<div id=\"accordion-3906025973-content\" class=\"accordion-inner\" aria-labelledby=\"accordion-3906025973-label\">\n\t\t\t\n\n<p>Los paquetes a Europa tardan un promedio de 15 d\u00edas. Entrega a otros pa\u00edses en un promedio de 1 semana<\/p>\n\n\t\t<\/div>\n\t<\/div>\n\t\n\t<div id=\"accordion-2513909260\" class=\"accordion-item\">\n\t\t<a id=\"accordion-2513909260-label\" class=\"accordion-title plain\" href=\"#accordion-item-how-secure-is-shopping-in-the-online-shop?-is-my-data-protected?\" aria-expanded=\"false\" aria-controls=\"accordion-2513909260-content\">\n\t\t\t<button class=\"toggle\" aria-label=\"Palanca\"><i class=\"icon-angle-down\" aria-hidden=\"true\"><\/i><\/button>\n\t\t\t<span>\u00bfQu\u00e9 tan segura es comprar en la Tienda Online? \u00bfMis datos est\u00e1n protegidos?<\/span>\n\t\t<\/a>\n\t\t<div id=\"accordion-2513909260-content\" class=\"accordion-inner\" aria-labelledby=\"accordion-2513909260-label\">\n\t\t\t\n\n<p>Somos una de las pocas empresas que trabajan con certificaci\u00f3n oficial en Turqu\u00eda. Despu\u00e9s de realizar sus pagos, le enviaremos una factura. Proporcionamos pagos desde aplicaciones de transferencia de dinero, no a trav\u00e9s de nuestro sitio web.<\/p>\n\n\n\t\t<\/div>\n\t<\/div>\n\t\n\t<div id=\"accordion-2678378766\" class=\"accordion-item\">\n\t\t<a id=\"accordion-2678378766-label\" class=\"accordion-title plain\" href=\"#accordion-item-what-exactly-happens-after-ordering?\" aria-expanded=\"false\" aria-controls=\"accordion-2678378766-content\">\n\t\t\t<button class=\"toggle\" aria-label=\"Palanca\"><i class=\"icon-angle-down\" aria-hidden=\"true\"><\/i><\/button>\n\t\t\t<span>\u00bfQu\u00e9 sucede exactamente despu\u00e9s de realizar el pedido?<\/span>\n\t\t<\/a>\n\t\t<div id=\"accordion-2678378766-content\" class=\"accordion-inner\" aria-labelledby=\"accordion-2678378766-label\">\n\t\t\t\n\n<p>Unos d\u00edas despu\u00e9s de que se prepare y env\u00ede su pedido, le enviaremos el n\u00famero de seguimiento de la carga y podr\u00e1 realizar un seguimiento de sus pedidos.<\/p>\n\n\t\t<\/div>\n\t<\/div>\n\t\n\t<div id=\"accordion-1227970661\" class=\"accordion-item\">\n\t\t<a id=\"accordion-1227970661-label\" class=\"accordion-title plain\" href=\"#accordion-item-do-i-receive-an-invoice-for-my-order?\" aria-expanded=\"false\" aria-controls=\"accordion-1227970661-content\">\n\t\t\t<button class=\"toggle\" aria-label=\"Palanca\"><i class=\"icon-angle-down\" aria-hidden=\"true\"><\/i><\/button>\n\t\t\t<span>\u00bfRecibo una factura por mi pedido?<\/span>\n\t\t<\/a>\n\t\t<div id=\"accordion-1227970661-content\" class=\"accordion-inner\" aria-labelledby=\"accordion-1227970661-label\">\n\t\t\t\n\n<p>Le enviaremos una factura tan pronto como se reciba su pago en nuestra cuenta. Puede enviar esta factura a su contador.<\/p>\n\n\t\t<\/div>\n\t<\/div>\n\t\n\n<\/div>\n\n\t\t<\/div>\n\t\t\t\t\t<\/div>\n\n\t\n\n\t<div id=\"col-2095011108\" class=\"col medium-6 large-6\"  >\n\t\t\t\t<div class=\"col-inner\"  >\n\t\t\t\n\t\t\t\n\n<div class=\"container section-title-container\" ><h3 class=\"section-title section-title-normal\"><b aria-hidden=\"true\"><\/b><span class=\"section-title-main\" >envianos un email<\/span><b aria-hidden=\"true\"><\/b><\/h3><\/div>\n\n<p>furkanaltunok@gmail.com<\/p>\n<p>Orucreis Mah. Teksilkent Sitesi A3 Blok No: 54 Estambul\/Esenler<\/p>\n<p>( Oficina principal)<\/p>\n\n\t\t<\/div>\n\t\t\t\t\t<\/div>\n\n\t\n\n<\/div>\n<p>&nbsp;<\/p>","protected":false},"excerpt":{"rendered":"","protected":false},"author":2,"featured_media":16,"parent":0,"menu_order":0,"comment_status":"closed","ping_status":"closed","template":"page-blank.php","meta":{"footnotes":""},"class_list":["post-88","page","type-page","status-publish","has-post-thumbnail","hentry"],"_links":{"self":[{"href":"https:\/\/hicabistan.com\/es\/wp-json\/wp\/v2\/pages\/88","targetHints":{"allow":["GET"]}}],"collection":[{"href":"https:\/\/hicabistan.com\/es\/wp-json\/wp\/v2\/pages"}],"about":[{"href":"https:\/\/hicabistan.com\/es\/wp-json\/wp\/v2\/types\/page"}],"author":[{"embeddable":true,"href":"https:\/\/hicabistan.com\/es\/wp-json\/wp\/v2\/users\/2"}],"replies":[{"embeddable":true,"href":"https:\/\/hicabistan.com\/es\/wp-json\/wp\/v2\/comments?post=88"}],"version-history":[{"count":0,"href":"https:\/\/hicabistan.com\/es\/wp-json\/wp\/v2\/pages\/88\/revisions"}],"wp:featuredmedia":[{"embeddable":true,"href":"https:\/\/hicabistan.com\/es\/wp-json\/wp\/v2\/media\/16"}],"wp:attachment":[{"href":"https:\/\/hicabistan.com\/es\/wp-json\/wp\/v2\/media?parent=88"}],"curies":[{"name":"wp","href":"https:\/\/api.w.org\/{rel}","templated":true}]}}