{"id":90,"date":"2013-08-11T19:06:15","date_gmt":"2013-08-11T19:06:15","guid":{"rendered":"http:\/\/localhost:8888\/test\/?page_id=520"},"modified":"2022-10-28T14:15:16","modified_gmt":"2022-10-28T14:15:16","slug":"acerca-de","status":"publish","type":"page","link":"https:\/\/hicabistan.com\/es\/acerca-de\/","title":{"rendered":"Acerca de"},"content":{"rendered":"<div class=\"banner has-hover has-parallax\" id=\"banner-1536928577\">\n          <div class=\"banner-inner fill\">\n        <div class=\"banner-bg fill\" data-parallax=\"-3\" data-parallax-container=\".banner\" data-parallax-background>\n            <img loading=\"lazy\" decoding=\"async\" width=\"1000\" height=\"650\" src=\"https:\/\/hicabistan.com\/wp-content\/uploads\/2016\/08\/dummy-2.jpg\" class=\"bg attachment-large size-large\" alt=\"\" \/>                        <div class=\"overlay\"><\/div>            \n                    <\/div>\n\t\t\n        <div class=\"banner-layers container\">\n            <div class=\"fill banner-link\"><\/div>            \n\n   <div id=\"text-box-1736531356\" class=\"text-box banner-layer x50 md-x50 lg-x50 y80 md-y80 lg-y80 res-text\">\n                                <div class=\"text-box-content text dark\">\n              \n              <div class=\"text-inner text-center\">\n                  \n\n<h1 class=\"lead\">Sobre nosotros<\/h1>\n<p class=\"lead\">&nbsp;<\/p>\n\n              <\/div>\n           <\/div>\n                            \n<style>\n#text-box-1736531356 {\n  width: 60%;\n}\n#text-box-1736531356 .text-box-content {\n  font-size: 100%;\n}\n<\/style>\n    <\/div>\n \n\n        <\/div>\n      <\/div>\n\n            \n<style>\n#banner-1536928577 {\n  padding-top: 500px;\n}\n#banner-1536928577 .overlay {\n  background-color: rgba(0, 0, 0, 0.49);\n}\n@media (min-width:550px) {\n  #banner-1536928577 {\n    padding-top: 507px;\n  }\n}\n<\/style>\n  <\/div>\n\n\n<div class=\"row\"  id=\"row-818214473\">\n\n\n\t<div id=\"col-582366421\" class=\"col small-12 large-12\"  >\n\t\t\t\t<div class=\"col-inner\"  >\n\t\t\t\n\t\t\t\n\n\t<div id=\"text-3245652125\" class=\"text\">\n\t\t\n\n<p class=\"lead text-center\"><strong><img loading=\"lazy\" decoding=\"async\" class=\"alignnone  wp-image-270 alignright\" src=\"https:\/\/hicabistan.com\/wp-content\/uploads\/2022\/04\/light-mode-png.png\" alt=\"hicabistanlogo\" width=\"244\" height=\"66\" srcset=\"https:\/\/hicabistan.com\/wp-content\/uploads\/2022\/04\/light-mode-png.png 318w, https:\/\/hicabistan.com\/wp-content\/uploads\/2022\/04\/light-mode-png-247x67.png 247w\" sizes=\"auto, (max-width: 244px) 100vw, 244px\" \/><\/strong><\/p>\n<h3 class=\"lead text-center\">Nuestra empresa, que ha estado produciendo textiles y telas desde 2001, ha ingresado al sector Modesty desde 2004. Nuestra f\u00e1brica mayorista de hijab, que primero se abri\u00f3 a pa\u00edses asi\u00e1ticos y luego a Europa, Am\u00e9rica y Australia, ha sido conocida como una de las mejores f\u00e1bricas. en el sector desde hace muchos a\u00f1os.<\/h3>\n<p>&nbsp;<\/p>\n<h3><img loading=\"lazy\" decoding=\"async\" class=\"size-medium wp-image-308 alignright\" src=\"https:\/\/hicabistan.com\/wp-content\/uploads\/2022\/04\/altin-varakli-osmanli-ferace-ve-sal-1299-60610-323771-30-B-267x400.jpg\" alt=\"abaya1\" width=\"267\" height=\"400\" srcset=\"https:\/\/hicabistan.com\/wp-content\/uploads\/2022\/04\/altin-varakli-osmanli-ferace-ve-sal-1299-60610-323771-30-B-267x400.jpg 267w, https:\/\/hicabistan.com\/wp-content\/uploads\/2022\/04\/altin-varakli-osmanli-ferace-ve-sal-1299-60610-323771-30-B-247x371.jpg 247w, https:\/\/hicabistan.com\/wp-content\/uploads\/2022\/04\/altin-varakli-osmanli-ferace-ve-sal-1299-60610-323771-30-B-510x765.jpg 510w, https:\/\/hicabistan.com\/wp-content\/uploads\/2022\/04\/altin-varakli-osmanli-ferace-ve-sal-1299-60610-323771-30-B-533x800.jpg 533w, https:\/\/hicabistan.com\/wp-content\/uploads\/2022\/04\/altin-varakli-osmanli-ferace-ve-sal-1299-60610-323771-30-B-768x1152.jpg 768w, https:\/\/hicabistan.com\/wp-content\/uploads\/2022\/04\/altin-varakli-osmanli-ferace-ve-sal-1299-60610-323771-30-B-1024x1536.jpg 1024w, https:\/\/hicabistan.com\/wp-content\/uploads\/2022\/04\/altin-varakli-osmanli-ferace-ve-sal-1299-60610-323771-30-B-600x900.jpg 600w, https:\/\/hicabistan.com\/wp-content\/uploads\/2022\/04\/altin-varakli-osmanli-ferace-ve-sal-1299-60610-323771-30-B.jpg 1200w\" sizes=\"auto, (max-width: 267px) 100vw, 267px\" \/><\/h3>\n<h3>Con m\u00e1s de 5000 productos en stock, ofrecemos a nuestros clientes una amplia gama de productos. Podemos realizar producciones especiales para nuestros clientes si as\u00ed lo desean. Nuestra primera prioridad con nuestros clientes es continuar con nuestro negocio durante muchos a\u00f1os. Como en todo negocio, nosotros, como proveedor, necesitamos ayudarlo a ganar en su propio mercado, y de esta manera, podemos obtener una ganancia conjunta.<\/h3>\n<p>&nbsp;<\/p>\n<h2 style=\"text-align: left;\"><strong>Algunas \u00e1reas en las que trabajamos<\/strong><\/h2>\n<ul>\n<li style=\"text-align: left;\">\n<h3>Hijab al por mayor<\/h3>\n<\/li>\n<li style=\"text-align: left;\">\n<h3>Venta al por mayor Abaya<\/h3>\n<\/li>\n<li style=\"text-align: left;\">\n<h3>Venta al por mayor Regalos isl\u00e1micos<\/h3>\n<\/li>\n<li style=\"text-align: left;\">\n<h3>Sagrado Cor\u00e1n al por mayor<\/h3>\n<\/li>\n<li style=\"text-align: left;\">\n<h3>Bolso al por mayor<\/h3>\n<\/li>\n<li style=\"text-align: left;\">\n<h3>Venta al por mayor Caja de regalo<\/h3>\n<\/li>\n<li style=\"text-align: left;\">\n<h3>Venta al por mayor de ropa<\/h3>\n<\/li>\n<li>\n<h3 style=\"text-align: left;\">Sesi\u00f3n de fotos<\/h3>\n<\/li>\n<\/ul>\n<p>&nbsp;<\/p>\n<p>&nbsp;<\/p>\n<h2>Procedimiento de compra<\/h2>\n<h3>Todos los productos que vendemos se venden al por mayor, pero nuestros clientes tambi\u00e9n pueden comprar al por menor si lo desean. Las cargas que enviamos est\u00e1n aseguradas 100% con una empresa de renombre mundial. Si tiene alg\u00fan problema con los productos que ha recibido, puede solucionar su problema poni\u00e9ndose en contacto con el departamento de ventas de nuestra empresa. Damos garant\u00eda de satisfacci\u00f3n a todos nuestros clientes.<\/h3>\n<p><img loading=\"lazy\" decoding=\"async\" class=\"alignnone size-medium wp-image-309\" src=\"https:\/\/hicabistan.com\/wp-content\/uploads\/2022\/04\/Group-1-2048x359-1-800x140.png\" alt=\"compa\u00f1\u00eda de entrega\" width=\"800\" height=\"140\" srcset=\"https:\/\/hicabistan.com\/wp-content\/uploads\/2022\/04\/Group-1-2048x359-1-800x140.png 800w, https:\/\/hicabistan.com\/wp-content\/uploads\/2022\/04\/Group-1-2048x359-1-247x43.png 247w, https:\/\/hicabistan.com\/wp-content\/uploads\/2022\/04\/Group-1-2048x359-1-510x89.png 510w, https:\/\/hicabistan.com\/wp-content\/uploads\/2022\/04\/Group-1-2048x359-1-1400x245.png 1400w, https:\/\/hicabistan.com\/wp-content\/uploads\/2022\/04\/Group-1-2048x359-1-768x135.png 768w, https:\/\/hicabistan.com\/wp-content\/uploads\/2022\/04\/Group-1-2048x359-1-1536x269.png 1536w, https:\/\/hicabistan.com\/wp-content\/uploads\/2022\/04\/Group-1-2048x359-1-600x105.png 600w, https:\/\/hicabistan.com\/wp-content\/uploads\/2022\/04\/Group-1-2048x359-1.png 2048w\" sizes=\"auto, (max-width: 800px) 100vw, 800px\" \/><\/p>\n\t\t\n<style>\n#text-3245652125 {\n  text-align: center;\n}\n@media (min-width:550px) {\n  #text-3245652125 {\n    text-align: center;\n  }\n}\n<\/style>\n\t<\/div>\n\t\n<div class=\"text-center\"><div class=\"is-divider divider clearfix\" ><\/div><\/div>\n\n\n\t\t<\/div>\n\t\t\t\t\t<\/div>\n\n\t\n\n<\/div>","protected":false},"excerpt":{"rendered":"","protected":false},"author":2,"featured_media":16,"parent":0,"menu_order":0,"comment_status":"closed","ping_status":"closed","template":"page-transparent-header-light.php","meta":{"footnotes":""},"class_list":["post-90","page","type-page","status-publish","has-post-thumbnail","hentry"],"_links":{"self":[{"href":"https:\/\/hicabistan.com\/es\/wp-json\/wp\/v2\/pages\/90","targetHints":{"allow":["GET"]}}],"collection":[{"href":"https:\/\/hicabistan.com\/es\/wp-json\/wp\/v2\/pages"}],"about":[{"href":"https:\/\/hicabistan.com\/es\/wp-json\/wp\/v2\/types\/page"}],"author":[{"embeddable":true,"href":"https:\/\/hicabistan.com\/es\/wp-json\/wp\/v2\/users\/2"}],"replies":[{"embeddable":true,"href":"https:\/\/hicabistan.com\/es\/wp-json\/wp\/v2\/comments?post=90"}],"version-history":[{"count":0,"href":"https:\/\/hicabistan.com\/es\/wp-json\/wp\/v2\/pages\/90\/revisions"}],"wp:featuredmedia":[{"embeddable":true,"href":"https:\/\/hicabistan.com\/es\/wp-json\/wp\/v2\/media\/16"}],"wp:attachment":[{"href":"https:\/\/hicabistan.com\/es\/wp-json\/wp\/v2\/media?parent=90"}],"curies":[{"name":"wp","href":"https:\/\/api.w.org\/{rel}","templated":true}]}}