{"id":1281,"date":"2023-01-31T00:33:03","date_gmt":"2023-01-31T00:33:03","guid":{"rendered":"https:\/\/hicabistan.com\/?post_type=product&#038;p=1281"},"modified":"2024-10-09T10:45:53","modified_gmt":"2024-10-09T10:45:53","slug":"khimar-medina-seda","status":"publish","type":"product","link":"https:\/\/hicabistan.com\/es\/khimar-medina-seda\/","title":{"rendered":"Khimar Medina Seda"},"content":{"rendered":"<div style=\"width: 480px;\" class=\"wp-video\"><video class=\"wp-video-shortcode\" id=\"video-1281-1\" width=\"480\" height=\"848\" preload=\"metadata\" controls=\"controls\"><source type=\"video\/mp4\" src=\"https:\/\/hicabistan.com\/wp-content\/uploads\/2023\/01\/WhatsApp-Video-2023-01-25-at-14.53.26.mp4?_=1\" \/><a href=\"https:\/\/hicabistan.com\/wp-content\/uploads\/2023\/01\/WhatsApp-Video-2023-01-25-at-14.53.26.mp4\">https:\/\/hicabistan.com\/wp-content\/uploads\/2023\/01\/WhatsApp-Video-2023-01-25-at-14.53.26.mp4<\/a><\/video><\/div>\n<p>\u00a1Renueva tu estilo con nuestra impresionante colecci\u00f3n Khimar Medina Silk! Con tejidos ligeros y transpirables, junto con una elegancia atemporal y un estilo inigualable, esta colecci\u00f3n es perfecta para cualquier ocasi\u00f3n.<\/p>\n<figure id=\"attachment_1139\" aria-describedby=\"caption-attachment-1139\" style=\"width: 400px\" class=\"wp-caption alignright\"><img loading=\"lazy\" decoding=\"async\" class=\"wp-image-1139 size-medium\" src=\"https:\/\/hicabistan.com\/wp-content\/uploads\/2023\/01\/khimar-one-2-400x400.jpg\" alt=\"Khimar Medina Seda\" width=\"400\" height=\"400\" srcset=\"https:\/\/hicabistan.com\/wp-content\/uploads\/2023\/01\/khimar-one-2-400x400.jpg 400w, https:\/\/hicabistan.com\/wp-content\/uploads\/2023\/01\/khimar-one-2-247x247.jpg 247w, https:\/\/hicabistan.com\/wp-content\/uploads\/2023\/01\/khimar-one-2-100x100.jpg 100w, https:\/\/hicabistan.com\/wp-content\/uploads\/2023\/01\/khimar-one-2-510x510.jpg 510w, https:\/\/hicabistan.com\/wp-content\/uploads\/2023\/01\/khimar-one-2-800x800.jpg 800w, https:\/\/hicabistan.com\/wp-content\/uploads\/2023\/01\/khimar-one-2-280x280.jpg 280w, https:\/\/hicabistan.com\/wp-content\/uploads\/2023\/01\/khimar-one-2-768x768.jpg 768w, https:\/\/hicabistan.com\/wp-content\/uploads\/2023\/01\/khimar-one-2-1536x1536.jpg 1536w, https:\/\/hicabistan.com\/wp-content\/uploads\/2023\/01\/khimar-one-2.jpg 1600w\" sizes=\"auto, (max-width: 400px) 100vw, 400px\" \/><figcaption id=\"caption-attachment-1139\" class=\"wp-caption-text\">Khimar Medina Seda<\/figcaption><\/figure>\n<h1>Conoce los Beneficios de Khimar Medina Silk<\/h1>\n<p>Nuestra colecci\u00f3n Khimar Medina Silk no solo es perfecta para cualquier ocasi\u00f3n, sino que tambi\u00e9n brinda numerosos beneficios. La tela liviana significa que te mantendr\u00e1s fresco y c\u00f3modo todo el d\u00eda y los materiales transpirables hacen que este conjunto sea perfecto para los d\u00edas de verano. Adem\u00e1s, con sus dise\u00f1os cl\u00e1sicos, puede combinar f\u00e1cilmente estas piezas con una variedad de otros elementos b\u00e1sicos de vestuario para crear el conjunto de moda definitivo para una salida nocturna o cualquier evento especial.<\/p>\n<h2>Explore nuestros diferentes estilos y colecciones<\/h2>\n<p>Ya sea que est\u00e9 buscando algo atemporal y elegante o algo moderno y audaz, nuestra colecci\u00f3n de Khimar Medina Silk al por mayor tiene todo lo que necesita. Con numerosos estilos y colecciones diferentes, puedes encontrar el conjunto perfecto para combinar con tu estilo y estilo de vida. Desde estampados cautivadores hasta s\u00f3lidos vibrantes, encuentre el estilo perfecto para usted y mant\u00e9ngase siempre a la moda y c\u00f3modo.<\/p>\n<h2>Elija el tama\u00f1o adecuado para la m\u00e1xima comodidad<\/h2>\n<p>Cuando se trata de seleccionar el khimaar perfecto, el tama\u00f1o es un factor esencial. La mejor manera de seleccionar el tama\u00f1o correcto de Khimar Medina Silk es tomando las medidas de su cuerpo con precisi\u00f3n y luego consultando nuestra tabla de tallas para encontrar el ajuste perfecto. Al elegir el tama\u00f1o correcto, puede experimentar la m\u00e1xima comodidad, adem\u00e1s de que se ver\u00e1 incre\u00edble desde todos los \u00e1ngulos en esta impresionante colecci\u00f3n.<\/p>\n<h2>Experimente una calidad y durabilidad incomparables<\/h2>\n<p>Nuestra colecci\u00f3n Khimar Medina Silk est\u00e1 fabricada con materiales de primera calidad, lo que garantiza una mayor calidad y una comodidad excepcional. Esta colecci\u00f3n vers\u00e1til tambi\u00e9n est\u00e1 hecha para durar y resistir los elementos, para que puedas disfrutar de una silueta atemporal sin sentirte limitado por el clima o las condiciones ambientales. Gracias a su dise\u00f1o duradero, puede usarlo en cualquier ocasi\u00f3n, desde un d\u00eda informal hasta una noche elegante o un evento festivo.<\/p>\n<h2>Crea looks elegantes con facilidad y comodidad.<\/h2>\n<p>Nuestra colecci\u00f3n Khimar Medina Silk le permite crear looks elegantes con facilidad y comodidad. La tela es liviana y transpirable, lo que facilita la combinaci\u00f3n de piezas para crear atuendos impresionantes que se adaptan a cualquier ocasi\u00f3n, desde una reuni\u00f3n formal hasta un d\u00eda informal. La versatilidad del Khimar <a href=\"https:\/\/hicabistan.com\/es\/hiyab-de-seda-medina\/\">medina<\/a> significa que puede moverse f\u00e1cilmente entre looks para lo que sea que le depare el d\u00eda, brindando la m\u00e1xima comodidad en el camino.<\/p>\n<p>&nbsp;<\/p>","protected":false},"excerpt":{"rendered":"<p>Give yourself a style upgrade with our stunning Khimar Medina Silk collection! Featuring lightweight and breathable fabrics, along with timeless elegance and unmatched style, this collection is perfect for any occasion. Learn about the Benefits of Khimar Medina Silk Our Khimar Medina Silk collection is not only perfect for any occasion but also provides numerous [&#8230;]\n","protected":false},"featured_media":1571,"comment_status":"open","ping_status":"closed","template":"","meta":[],"product_brand":[],"product_cat":[132],"product_tag":[136,135,134],"class_list":{"0":"post-1281","1":"product","2":"type-product","3":"status-publish","4":"has-post-thumbnail","6":"product_cat-khimar","7":"product_tag-khimar","8":"product_tag-khimar-medina-silk","9":"product_tag-wholesale-khimar","11":"first","12":"instock","13":"shipping-taxable","14":"purchasable","15":"product-type-simple"},"_links":{"self":[{"href":"https:\/\/hicabistan.com\/es\/wp-json\/wp\/v2\/product\/1281","targetHints":{"allow":["GET"]}}],"collection":[{"href":"https:\/\/hicabistan.com\/es\/wp-json\/wp\/v2\/product"}],"about":[{"href":"https:\/\/hicabistan.com\/es\/wp-json\/wp\/v2\/types\/product"}],"replies":[{"embeddable":true,"href":"https:\/\/hicabistan.com\/es\/wp-json\/wp\/v2\/comments?post=1281"}],"wp:featuredmedia":[{"embeddable":true,"href":"https:\/\/hicabistan.com\/es\/wp-json\/wp\/v2\/media\/1571"}],"wp:attachment":[{"href":"https:\/\/hicabistan.com\/es\/wp-json\/wp\/v2\/media?parent=1281"}],"wp:term":[{"taxonomy":"product_brand","embeddable":true,"href":"https:\/\/hicabistan.com\/es\/wp-json\/wp\/v2\/product_brand?post=1281"},{"taxonomy":"product_cat","embeddable":true,"href":"https:\/\/hicabistan.com\/es\/wp-json\/wp\/v2\/product_cat?post=1281"},{"taxonomy":"product_tag","embeddable":true,"href":"https:\/\/hicabistan.com\/es\/wp-json\/wp\/v2\/product_tag?post=1281"}],"curies":[{"name":"wp","href":"https:\/\/api.w.org\/{rel}","templated":true}]}}