{"id":472,"date":"2023-08-15T19:27:34","date_gmt":"2023-08-15T19:27:34","guid":{"rendered":"https:\/\/hicabistan.com\/?post_type=product&#038;p=472"},"modified":"2024-10-09T10:45:52","modified_gmt":"2024-10-09T10:45:52","slug":"hiyab-medina-de-seda-2","status":"publish","type":"product","link":"https:\/\/hicabistan.com\/es\/hiyab-medina-de-seda-2\/","title":{"rendered":"Hiyab de lujo Medina Seda"},"content":{"rendered":"<h1><strong>Venta al por mayor Hijab Medina De Seda<\/strong><\/h1>\n<p>Con 63 opciones de color diferentes, puede comprar la cantidad de colores que desee. Cuantas m\u00e1s piezas compre, m\u00e1s barato es por pieza. Si est\u00e1 buscando una compa\u00f1\u00eda de hijab que agregue elegancia y estilo, la marca Hicabistan Hijab Medina Silk es la elecci\u00f3n perfecta. Con su lujosa tela y rese\u00f1as de cinco estrellas, este hiyab hace que sea f\u00e1cil lucir lo mejor posible sin dejar de ser modesto. Siga leyendo para obtener m\u00e1s informaci\u00f3n sobre Medina Silk Hijab Wholesale y tome una decisi\u00f3n informada con nuestra gu\u00eda definitiva para compradores.<\/p>\n<figure id=\"attachment_806\" aria-describedby=\"caption-attachment-806\" style=\"width: 444px\" class=\"wp-caption alignright\"><img loading=\"lazy\" decoding=\"async\" class=\"wp-image-806\" src=\"https:\/\/hicabistan.com\/wp-content\/uploads\/2022\/11\/MRV_0023-min-600x400.jpg\" alt=\"Venta al por mayor Hijab Medina De Seda\" width=\"444\" height=\"296\" srcset=\"https:\/\/hicabistan.com\/wp-content\/uploads\/2022\/11\/MRV_0023-min-600x400.jpg 600w, https:\/\/hicabistan.com\/wp-content\/uploads\/2022\/11\/MRV_0023-min-scaled-247x165.jpg 247w, https:\/\/hicabistan.com\/wp-content\/uploads\/2022\/11\/MRV_0023-min-scaled-510x340.jpg 510w, https:\/\/hicabistan.com\/wp-content\/uploads\/2022\/11\/MRV_0023-min-1200x800.jpg 1200w, https:\/\/hicabistan.com\/wp-content\/uploads\/2022\/11\/MRV_0023-min-768x512.jpg 768w, https:\/\/hicabistan.com\/wp-content\/uploads\/2022\/11\/MRV_0023-min-1536x1024.jpg 1536w, https:\/\/hicabistan.com\/wp-content\/uploads\/2022\/11\/MRV_0023-min-2048x1365.jpg 2048w\" sizes=\"auto, (max-width: 444px) 100vw, 444px\" \/><figcaption id=\"caption-attachment-806\" class=\"wp-caption-text\">Venta al por mayor Hijab Medina De Seda<\/figcaption><\/figure>\n<h2>\u00bfQu\u00e9 es Medina Silk Hijab?<\/h2>\n<p>Medina Silk Hijabs son hijabs hechos de tela de seda de alta calidad que brindan un ajuste lujoso y c\u00f3modo. Estos hijabs vienen en varios tonos y estilos diferentes, como colores lisos, volantes y seda medina instant\u00e1nea. Estos hijabs no solo son elegantes y lujosos, sino que tambi\u00e9n ofrecen una gran protecci\u00f3n contra los rayos del sol con una calificaci\u00f3n SPF de 50+. Con su dise\u00f1o moderno y artesan\u00eda de calidad, este hiyab seguramente agregar\u00e1 un toque de elegancia a su guardarropa.<\/p>\n<h3>Estilos y Estilos de Hijabs<\/h3>\n<p>Medina Silk Hijabs viene en una variedad de estilos para adaptarse a muchos estilos diferentes. Ya sea que est\u00e9 buscando un aspecto cl\u00e1sico y elegante o algo m\u00e1s moderno, hay un hijab que se ajustar\u00e1 a sus necesidades. Los hijabs de color liso son perfectos para aquellos que desean un estilo minimalista y elegante, mientras que los dise\u00f1os alegres ofrecen una est\u00e9tica m\u00e1s atrevida. Adem\u00e1s, la seda medina instant\u00e1nea a\u00f1ade un aire de diversi\u00f3n y alegr\u00eda a cualquier atuendo. Con estas elegantes opciones para elegir, puedes elegir f\u00e1cilmente el hiyab perfecto para cualquier ocasi\u00f3n.<\/p>\n<h3>\u00bfCu\u00e1les son las dimensiones?<\/h3>\n<p>Las dimensiones generales de nuestros hijabs son 75\u00d7190. Dado que fabricamos nuestros productos con telas y m\u00e9todos de costura de la m\u00e1s alta calidad, mantuvimos el peso del producto en un nivel ideal. Solo hacemos 190 cm porque el producto es m\u00e1s pesado. Puede encontrar 200 cm en diferentes proveedores mayoristas de hiyab, pero el peso es m\u00e1s liviano y la calidad de la tela es menor.<\/p>\n<h4><strong>Conozca sus telas y calidad<\/strong><\/h4>\n<p>Cuando compre un Hijab Medina Silk al por mayor, es importante saber qu\u00e9 tipo de telas y calidad est\u00e1 obteniendo. Los hijabs de seda Medina est\u00e1n hechos de seda de morera natural 100%, que es resistente, ligera y duradera. Las sedas de calidad tambi\u00e9n son transpirables y ligeras, y pueden mantenerte fresco cuando hace calor. Adem\u00e1s, vienen en una variedad de texturas, como sat\u00e9n mate o gasa, que agregan lujo. Busque hijabs con tintes probados para asegurarse de que el color dure m\u00e1s.<\/p>\n<h5><em><strong>Cuidado y Mantenimiento del Hijab Medina Silk<\/strong><\/em><\/h5>\n<p>Las instrucciones de cuidado de su Pa\u00f1uelo de Seda Medina dependen del tipo de tejido del que est\u00e9 hecho. Por lo general, es mejor lavar el hiyab a mano con agua fr\u00eda y secarlo colgado, ya que el lavado a m\u00e1quina puede da\u00f1ar la delicada tela. Siempre use un detergente suave y siga las instrucciones que vienen con su hiyab; algunas telas pueden requerir m\u00e9todos de cuidado especiales como planchado o limpieza en seco.<\/p>","protected":false},"excerpt":{"rendered":"<p>Wholesale Hijab Medina Silk With 63 different color options, you can buy any number of colors you want. The more pieces you buy, the cheaper it is per piece. If you&#8217;re looking for a hijab company that adds elegance and style, the Hicabistan brand Hijab Medina Silk is the perfect choice. With its luxurious fabric [&#8230;]\n","protected":false},"featured_media":6459,"comment_status":"open","ping_status":"closed","template":"","meta":[],"product_brand":[],"product_cat":[72],"product_tag":[105,107,106],"class_list":{"0":"post-472","1":"product","2":"type-product","3":"status-publish","4":"has-post-thumbnail","6":"product_cat-medina-silk-hijab","7":"product_tag-hijab-medina-silk","8":"product_tag-medina-silk-hijab","9":"product_tag-wholesale-hijab-medina-silk","11":"first","12":"instock","13":"shipping-taxable","14":"purchasable","15":"product-type-simple"},"_links":{"self":[{"href":"https:\/\/hicabistan.com\/es\/wp-json\/wp\/v2\/product\/472","targetHints":{"allow":["GET"]}}],"collection":[{"href":"https:\/\/hicabistan.com\/es\/wp-json\/wp\/v2\/product"}],"about":[{"href":"https:\/\/hicabistan.com\/es\/wp-json\/wp\/v2\/types\/product"}],"replies":[{"embeddable":true,"href":"https:\/\/hicabistan.com\/es\/wp-json\/wp\/v2\/comments?post=472"}],"wp:featuredmedia":[{"embeddable":true,"href":"https:\/\/hicabistan.com\/es\/wp-json\/wp\/v2\/media\/6459"}],"wp:attachment":[{"href":"https:\/\/hicabistan.com\/es\/wp-json\/wp\/v2\/media?parent=472"}],"wp:term":[{"taxonomy":"product_brand","embeddable":true,"href":"https:\/\/hicabistan.com\/es\/wp-json\/wp\/v2\/product_brand?post=472"},{"taxonomy":"product_cat","embeddable":true,"href":"https:\/\/hicabistan.com\/es\/wp-json\/wp\/v2\/product_cat?post=472"},{"taxonomy":"product_tag","embeddable":true,"href":"https:\/\/hicabistan.com\/es\/wp-json\/wp\/v2\/product_tag?post=472"}],"curies":[{"name":"wp","href":"https:\/\/api.w.org\/{rel}","templated":true}]}}