{"id":519,"date":"2022-12-28T14:42:19","date_gmt":"2022-12-28T14:42:19","guid":{"rendered":"https:\/\/hicabistan.com\/?post_type=product&#038;p=519"},"modified":"2024-10-09T10:45:54","modified_gmt":"2024-10-09T10:45:54","slug":"hiyab-de-gasa-instantaneo","status":"publish","type":"product","link":"https:\/\/hicabistan.com\/es\/hiyab-de-gasa-instantaneo\/","title":{"rendered":"Hijab de gasa instant\u00e1nea"},"content":{"rendered":"<p>Si buscas una manera sencilla pero elegante de completar tu atuendo, entonces el hiyab instant\u00e1neo de gasa es la soluci\u00f3n perfecta. Desde looks casuales para el d\u00eda a d\u00eda hasta magn\u00edficos conjuntos de noche, este hiyab vers\u00e1til seguramente te ayudar\u00e1 a crear cualquier tipo de look que desees. \u00a1Compru\u00e9balo hoy y comienza a sentirte seguro con tu estilo hijab!<\/p>\n<figure id=\"attachment_1111\" aria-describedby=\"caption-attachment-1111\" style=\"width: 267px\" class=\"wp-caption alignright\"><img loading=\"lazy\" decoding=\"async\" class=\"wp-image-1111 size-medium\" src=\"https:\/\/hicabistan.com\/wp-content\/uploads\/2022\/12\/WhatsApp-Image-2023-01-30-at-12.40.04-267x400.jpeg\" alt=\"Hijab de gasa instant\u00e1nea\" width=\"267\" height=\"400\" \/><figcaption id=\"caption-attachment-1111\" class=\"wp-caption-text\">Hijab de gasa instant\u00e1nea<\/figcaption><\/figure>\n<h1>Elige tu look favorito de hijab de chif\u00f3n instant\u00e1neo<\/h1>\n<p>Con tantas opciones disponibles cuando se trata de hijabs instant\u00e1neos de gasa, es f\u00e1cil sentirse abrumado por la gran cantidad de opciones. Para asegurarte de lucir lo mejor posible, t\u00f3mate el tiempo para decidir qu\u00e9 tipo de estilo quieres: \u00bfvas por algo cl\u00e1sico y discreto, feroz y moderno, o incluso un poco atrevido? Una vez que haya determinado qu\u00e9 tipo de estilo est\u00e1 buscando, ser\u00e1 f\u00e1cil elegir el hiyab perfecto.<\/p>\n<h2>Obtenga el ajuste perfecto de Hijab para la m\u00e1xima comodidad<\/h2>\n<p>Una adecuada <a href=\"https:\/\/hicabistan.com\/es\/hiyab\/\">hiyab<\/a> El ajuste es esencial para asegurarse de que se vea lo mejor posible. Un hiyab instant\u00e1neo de gasa debe quedar ajustado a los lados de la cabeza sin bultos no deseados o sin que el hiyab se deslice. Si est\u00e1 demasiado apretado, puede volverse inc\u00f3modo, y si est\u00e1 demasiado suelto, no har\u00e1 su trabajo de mantener el cabello y el \u00e1rea del cuello cubiertos. Para obtener un ajuste preciso, es posible que deba probar diferentes tama\u00f1os antes de decidir cu\u00e1l funcionar\u00e1 para usted. Una vez que tenga el ajuste perfecto, \u00a1no olvide sellarlo con algunos alfileres para que todo permanezca en su lugar todo el d\u00eda!<\/p>\n<h2>Rock cualquier ocasi\u00f3n con estilos instant\u00e1neos f\u00e1ciles<\/h2>\n<p>Consigue el look hijabi perfecto para cualquier ocasi\u00f3n y luce con estilo. Consigue un look chic y glamuroso al instante con solo unos pocos pasos. Un hiyab de gasa instant\u00e1neo puede venir en diferentes tonos y texturas, vestir cualquier atuendo y hacer que luzcas hermosa cada vez. Ya sea que asista a una boda, una reuni\u00f3n religiosa o simplemente salga a tomar un caf\u00e9 con amigos, \u00a1tenga la seguridad de saber que su hiyab nunca dejar\u00e1 de impresionar!<\/p>\n<h2>Mejora tu apariencia con combinaciones de colores Mix-and-Match<\/h2>\n<p>Crea diferentes estilos de hijab simplemente mezclando y combinando los diferentes colores que tienes. Experimente con tonos m\u00e1s claros y m\u00e1s oscuros, o incluso vaya con hijabs de colores pastel para darle un toque suave. Mezcle estampados como rayas y lunares, o vaya monocrom\u00e1tico con hiyabs texturizados en blanco o negro. \u00a1Tambi\u00e9n puedes crear divertidas combinaciones de colores para destacar entre la multitud! \u00a1Divi\u00e9rtete mientras te arreglas con hijabs instant\u00e1neos de gasa hoy!<\/p>\n<h2>Brilla siempre con siluetas inteligentes y dise\u00f1os atemporales<\/h2>\n<p>Con hijabs instant\u00e1neos de gasa no tienes que preocuparte por la uniformidad y la monoton\u00eda, dise\u00f1a tus hijabs con los dise\u00f1os m\u00e1s modernos para lucir fabulosa en cada ocasi\u00f3n. Puedes darle un toque \u00fanico a tus looks cotidianos jugando con varias formas y siluetas. Comience con un hiyab con pliegues fruncidos en los cl\u00e1sicos colores negro o marr\u00f3n, o elija hiyab de georgette sueltos para ocasiones que requieran m\u00e1s fluidez y elegancia. \u00a1Muestre su extravagancia mientras se mantiene cubierto con versiones con capucha de hijabs instant\u00e1neos de gasa!<\/p>","protected":false},"excerpt":{"rendered":"<p>If you&#8217;re looking for an effortless yet elegant way to complete your outfit, then the instant chiffon hijab is the perfect solution. From casual day-to-day looks, to gorgeous evening ensembles, this versatile hijab is sure to help you create any kind of look that you desire. Check it out today and start feeling confident in [&#8230;]\n","protected":false},"featured_media":1115,"comment_status":"open","ping_status":"closed","template":"","meta":[],"product_brand":[],"product_cat":[80],"product_tag":[],"class_list":{"0":"post-519","1":"product","2":"type-product","3":"status-publish","4":"has-post-thumbnail","6":"product_cat-instant-hijab","8":"first","9":"instock","10":"shipping-taxable","11":"purchasable","12":"product-type-simple"},"_links":{"self":[{"href":"https:\/\/hicabistan.com\/es\/wp-json\/wp\/v2\/product\/519","targetHints":{"allow":["GET"]}}],"collection":[{"href":"https:\/\/hicabistan.com\/es\/wp-json\/wp\/v2\/product"}],"about":[{"href":"https:\/\/hicabistan.com\/es\/wp-json\/wp\/v2\/types\/product"}],"replies":[{"embeddable":true,"href":"https:\/\/hicabistan.com\/es\/wp-json\/wp\/v2\/comments?post=519"}],"wp:featuredmedia":[{"embeddable":true,"href":"https:\/\/hicabistan.com\/es\/wp-json\/wp\/v2\/media\/1115"}],"wp:attachment":[{"href":"https:\/\/hicabistan.com\/es\/wp-json\/wp\/v2\/media?parent=519"}],"wp:term":[{"taxonomy":"product_brand","embeddable":true,"href":"https:\/\/hicabistan.com\/es\/wp-json\/wp\/v2\/product_brand?post=519"},{"taxonomy":"product_cat","embeddable":true,"href":"https:\/\/hicabistan.com\/es\/wp-json\/wp\/v2\/product_cat?post=519"},{"taxonomy":"product_tag","embeddable":true,"href":"https:\/\/hicabistan.com\/es\/wp-json\/wp\/v2\/product_tag?post=519"}],"curies":[{"name":"wp","href":"https:\/\/api.w.org\/{rel}","templated":true}]}}