{"id":5730,"date":"2023-04-26T23:56:55","date_gmt":"2023-04-26T23:56:55","guid":{"rendered":"https:\/\/hicabistan.com\/?post_type=product&#038;p=5730"},"modified":"2024-10-09T10:45:53","modified_gmt":"2024-10-09T10:45:53","slug":"lux-sandy-hijab-abaya-magenta","status":"publish","type":"product","link":"https:\/\/hicabistan.com\/es\/lux-sandy-hijab-abaya-magenta\/","title":{"rendered":"Hijab Lux Sandy Abaya Magenta"},"content":{"rendered":"<div>Informaci\u00f3n del producto<\/div>\n<div><\/div>\n<div>Longitud frontal: 120 cm<\/div>\n<div>Largo de espalda: 147 cm<\/div>\n<div><\/div>\n<div><\/div>\n<div>Nuestro vestido abaya de nueva temporada ha sido especialmente dise\u00f1ado para ti. Nuestro Lux Sandy Hijab Abaya Magenta tiene su propio cap\u00f3. Confeccionado en tejido Sandy. Es bastante espacioso y c\u00f3modo. Hay diferentes colores disponibles. Tama\u00f1o est\u00e1ndar<\/div>\n<div><\/div>\n<div>Informaci\u00f3n de la tela<\/div>\n<div><\/div>\n<div>95% Poli\u00e9ster<\/div>\n<div>5% Algod\u00f3n<\/div>\n<div><\/div>\n<div><\/div>\n<div>Informaci\u00f3n del modelo<\/div>\n<div><\/div>\n<div>Altura: 167 cm<\/div>\n<div>Busto : 83cm<\/div>\n<div>cintura: 62 cm<\/div>\n<div>Cadera: 93 cm<\/div>\n<div><\/div>\n<div>El producto en el modelo es de tama\u00f1o est\u00e1ndar.<\/div>","protected":false},"excerpt":{"rendered":"<p>\u200bProduct Information Front Length: 120 cm Back Length: 147 cm Our new season abaya dress has been specially designed for you. Our Lux Sandy Hijab Abaya Magenta has its own bonnet. Made of Sandy fabric. It is quite spacious and comfortable. Different colors are available. Standart Size Fabric Information 95% Polyester 5% Cotton Model Information [&#8230;]\n","protected":false},"featured_media":5733,"comment_status":"open","ping_status":"closed","template":"","meta":[],"product_brand":[],"product_cat":[82],"product_tag":[],"class_list":{"0":"post-5730","1":"product","2":"type-product","3":"status-publish","4":"has-post-thumbnail","6":"product_cat-abaya","8":"first","9":"instock","10":"shipping-taxable","11":"purchasable","12":"product-type-simple"},"_links":{"self":[{"href":"https:\/\/hicabistan.com\/es\/wp-json\/wp\/v2\/product\/5730","targetHints":{"allow":["GET"]}}],"collection":[{"href":"https:\/\/hicabistan.com\/es\/wp-json\/wp\/v2\/product"}],"about":[{"href":"https:\/\/hicabistan.com\/es\/wp-json\/wp\/v2\/types\/product"}],"replies":[{"embeddable":true,"href":"https:\/\/hicabistan.com\/es\/wp-json\/wp\/v2\/comments?post=5730"}],"wp:featuredmedia":[{"embeddable":true,"href":"https:\/\/hicabistan.com\/es\/wp-json\/wp\/v2\/media\/5733"}],"wp:attachment":[{"href":"https:\/\/hicabistan.com\/es\/wp-json\/wp\/v2\/media?parent=5730"}],"wp:term":[{"taxonomy":"product_brand","embeddable":true,"href":"https:\/\/hicabistan.com\/es\/wp-json\/wp\/v2\/product_brand?post=5730"},{"taxonomy":"product_cat","embeddable":true,"href":"https:\/\/hicabistan.com\/es\/wp-json\/wp\/v2\/product_cat?post=5730"},{"taxonomy":"product_tag","embeddable":true,"href":"https:\/\/hicabistan.com\/es\/wp-json\/wp\/v2\/product_tag?post=5730"}],"curies":[{"name":"wp","href":"https:\/\/api.w.org\/{rel}","templated":true}]}}