{"id":5816,"date":"2023-05-26T12:05:10","date_gmt":"2023-05-26T12:05:10","guid":{"rendered":"https:\/\/hicabistan.com\/?post_type=product&#038;p=5816"},"modified":"2024-10-09T10:45:55","modified_gmt":"2024-10-09T10:45:55","slug":"traje-de-bano-hijab-negro-con-estampado-de-hojas-blancas","status":"publish","type":"product","link":"https:\/\/hicabistan.com\/es\/traje-de-bano-hijab-negro-con-estampado-de-hojas-blancas\/","title":{"rendered":"Ba\u00f1ador Hijab Estampado Hojas Blancas Negro"},"content":{"rendered":"<div>Informaci\u00f3n del Producto<\/div>\n<div><\/div>\n<div>- Consta de tres partes.<\/div>\n<div>-Tiene cuello vertical.<\/div>\n<div>-Columna inferior larga superior del brazo largo<\/div>\n<div>-Sin forro<\/div>\n<div>-No se ve por dentro.<\/div>\n<div><\/div>\n<div>ARRIBA<\/div>\n<div><\/div>\n<div>Altura: 95cm<\/div>\n<div>Busto: 88cm<\/div>\n<div>cintura: 108cm<\/div>\n<div><\/div>\n<div>M\u00c1S BAJO<\/div>\n<div><\/div>\n<div>Altura: 95cm<\/div>\n<div>Busto: 52cm<\/div>\n<div>cintura: 30cm<\/div>\n<div><\/div>\n<div>El producto en el modelo es - S - tama\u00f1o.<\/div>\n<div><\/div>\n<div>Informaci\u00f3n de la tela<\/div>\n<div><\/div>\n<div>Poli\u00e9ster 100%<\/div>\n<div><\/div>\n<div>Le recomendamos que preste atenci\u00f3n a los siguientes puntos para poder utilizar su producto durante un per\u00edodo de tiempo m\u00e1s largo.<\/div>\n<div>No guarde su traje de ba\u00f1o mojado en una bolsa de pl\u00e1stico cerrada.<\/div>\n<div>Los colores fluorescentes se desvanecen m\u00e1s r\u00e1pido que otros colores por efecto de la luz solar, el cloro de la piscina y la sal marina. Este resultado es natural.<\/div>\n<div>No mantenga h\u00famedos juntos m\u00e1s de un color. Seca tu traje de ba\u00f1o coloc\u00e1ndolo a la sombra y por el contrario, no a la luz directa del sol.<\/div>\n<div>Se sabe que el cloro utilizado en las piscinas para brindar higiene da\u00f1a la tela de los trajes de ba\u00f1o. (Bostezos - Desvanecimiento r\u00e1pido)<\/div>\n<div>Lava tu traje de ba\u00f1o a mano con jab\u00f3n blanco y agua tibia despu\u00e9s de cada uso.<\/div>\n<div>No laves tu ba\u00f1ador en lavadora y con agua caliente, ya que perder\u00e1 su impermeabilidad y repelencia al agua al no adherirse a la piel.<\/div>\n<div>No use lej\u00eda detergente ni otros agentes de limpieza con lej\u00eda.<\/div>\n<div>Todas las telas se esponjan como resultado de la fricci\u00f3n. Por este motivo, proteja su traje de ba\u00f1o de los contactos superficiales y de las superficies donde se pueda usar.<\/div>","protected":false},"excerpt":{"rendered":"<p>Product Information -It consists of three parts. -It has a vertical collar. -Long arm top long bottom collar bone -Unlined -It doesn&#8217;t show inside. TOP Height: 95 cm Bust: 88cm Waist: 108cm LOWER Height: 95 cm Bust: 52cm Waist: 30cm The product on the model is &#8211; S &#8211; size. Fabric Information 100% Polyester We [&#8230;]\n","protected":false},"featured_media":5819,"comment_status":"open","ping_status":"closed","template":"","meta":[],"product_brand":[],"product_cat":[102],"product_tag":[],"class_list":{"0":"post-5816","1":"product","2":"type-product","3":"status-publish","4":"has-post-thumbnail","6":"product_cat-burkini","8":"first","9":"instock","10":"shipping-taxable","11":"purchasable","12":"product-type-variable"},"_links":{"self":[{"href":"https:\/\/hicabistan.com\/es\/wp-json\/wp\/v2\/product\/5816","targetHints":{"allow":["GET"]}}],"collection":[{"href":"https:\/\/hicabistan.com\/es\/wp-json\/wp\/v2\/product"}],"about":[{"href":"https:\/\/hicabistan.com\/es\/wp-json\/wp\/v2\/types\/product"}],"replies":[{"embeddable":true,"href":"https:\/\/hicabistan.com\/es\/wp-json\/wp\/v2\/comments?post=5816"}],"wp:featuredmedia":[{"embeddable":true,"href":"https:\/\/hicabistan.com\/es\/wp-json\/wp\/v2\/media\/5819"}],"wp:attachment":[{"href":"https:\/\/hicabistan.com\/es\/wp-json\/wp\/v2\/media?parent=5816"}],"wp:term":[{"taxonomy":"product_brand","embeddable":true,"href":"https:\/\/hicabistan.com\/es\/wp-json\/wp\/v2\/product_brand?post=5816"},{"taxonomy":"product_cat","embeddable":true,"href":"https:\/\/hicabistan.com\/es\/wp-json\/wp\/v2\/product_cat?post=5816"},{"taxonomy":"product_tag","embeddable":true,"href":"https:\/\/hicabistan.com\/es\/wp-json\/wp\/v2\/product_tag?post=5816"}],"curies":[{"name":"wp","href":"https:\/\/api.w.org\/{rel}","templated":true}]}}