{"id":5951,"date":"2023-08-22T12:20:35","date_gmt":"2023-08-22T12:20:35","guid":{"rendered":"https:\/\/hicabistan.com\/?post_type=product&#038;p=5951"},"modified":"2024-10-09T10:45:55","modified_gmt":"2024-10-09T10:45:55","slug":"abaya-doble-layla-jazz-negra","status":"publish","type":"product","link":"https:\/\/hicabistan.com\/es\/abaya-doble-layla-jazz-negra\/","title":{"rendered":"Layla Doble Abaya Jazz Negro"},"content":{"rendered":"<h2 style=\"text-align: center;\">Layla Doble Abaya Jazz Negro<\/h2>\n<ul>\n<li>El producto es de temporada. El producto consta de dos partes, el vestido interior y la abaya. La cintura est\u00e1 ce\u00f1ida y los pu\u00f1os de las mangas son anchos. Es una abaya hijabi c\u00f3moda.<\/li>\n<li>Longitud: Vestido interior: 143 cm Abaya exterior: 150 cm<\/li>\n<li>Caracter\u00edstica de la tela: est\u00e1 hecha de tela Aerobin (JAZZ).<\/li>\n<li>Se recomienda pedir el tama\u00f1o que usa normalmente.<\/li>\n<li>Dimensiones del modelo: Talla 38 \/ Altura 1,68 cm \/ Cadera 90 cm \/ Cintura 77 cm \/ Busto 90 cm<\/li>\n<li>Instrucciones de Lavado: Debe lavarse del rev\u00e9s a 30\u00b0 (Grado M\u00ednimo).<\/li>\n<li>Puede haber una diferencia tonal en el color del producto debido al disparo<\/li>\n<\/ul>","protected":false},"excerpt":{"rendered":"<p>Layla Double Abaya Jazz Black The product is seasonal. The product consists of two parts, the inner dress and the abaya. The waist is belted and the sleeve cuffs are wide. It is a comfortable hijabi abaya. Length: Inner Dress: 143cm Outer Abaya: 150cm Fabric Feature: It is made of Aerobin( JAZZ) fabric. It is [&#8230;]\n","protected":false},"featured_media":5952,"comment_status":"closed","ping_status":"closed","template":"","meta":[],"product_brand":[],"product_cat":[82],"product_tag":[],"class_list":{"0":"post-5951","1":"product","2":"type-product","3":"status-publish","4":"has-post-thumbnail","6":"product_cat-abaya","8":"first","9":"instock","10":"sale","11":"shipping-taxable","12":"purchasable","13":"product-type-variable"},"_links":{"self":[{"href":"https:\/\/hicabistan.com\/es\/wp-json\/wp\/v2\/product\/5951","targetHints":{"allow":["GET"]}}],"collection":[{"href":"https:\/\/hicabistan.com\/es\/wp-json\/wp\/v2\/product"}],"about":[{"href":"https:\/\/hicabistan.com\/es\/wp-json\/wp\/v2\/types\/product"}],"replies":[{"embeddable":true,"href":"https:\/\/hicabistan.com\/es\/wp-json\/wp\/v2\/comments?post=5951"}],"wp:featuredmedia":[{"embeddable":true,"href":"https:\/\/hicabistan.com\/es\/wp-json\/wp\/v2\/media\/5952"}],"wp:attachment":[{"href":"https:\/\/hicabistan.com\/es\/wp-json\/wp\/v2\/media?parent=5951"}],"wp:term":[{"taxonomy":"product_brand","embeddable":true,"href":"https:\/\/hicabistan.com\/es\/wp-json\/wp\/v2\/product_brand?post=5951"},{"taxonomy":"product_cat","embeddable":true,"href":"https:\/\/hicabistan.com\/es\/wp-json\/wp\/v2\/product_cat?post=5951"},{"taxonomy":"product_tag","embeddable":true,"href":"https:\/\/hicabistan.com\/es\/wp-json\/wp\/v2\/product_tag?post=5951"}],"curies":[{"name":"wp","href":"https:\/\/api.w.org\/{rel}","templated":true}]}}