{"id":596,"date":"2023-01-05T15:14:11","date_gmt":"2023-01-05T15:14:11","guid":{"rendered":"https:\/\/hicabistan.com\/?post_type=product&#038;p=596"},"modified":"2024-10-09T10:45:54","modified_gmt":"2024-10-09T10:45:54","slug":"vestido-de-oracion-de-jersey-de-primera-calidad","status":"publish","type":"product","link":"https:\/\/hicabistan.com\/es\/vestido-de-oracion-de-jersey-de-primera-calidad\/","title":{"rendered":"Vestido de oraci\u00f3n de jersey premium"},"content":{"rendered":"<h1>\u00bfCu\u00e1l es el mejor material para vestido de oraci\u00f3n al por mayor?<\/h1>\n<p>En el mercado se utilizan decenas de tejidos diferentes. Sin embargo, el producto m\u00e1s vendido en t\u00e9rminos de tela y calidad es el vestido de oraci\u00f3n de dos piezas producido con Premium Jersey.<\/p>\n<figure id=\"attachment_597\" aria-describedby=\"caption-attachment-597\" style=\"width: 267px\" class=\"wp-caption alignright\"><img loading=\"lazy\" decoding=\"async\" class=\"size-medium wp-image-597\" src=\"https:\/\/hicabistan.com\/wp-content\/uploads\/2023\/01\/74890794-9ce5-4ff9-8db3-c0145826d8bd-267x400.jpg\" alt=\"Venta al por mayor Vestido de oraci\u00f3n\" width=\"267\" height=\"400\" srcset=\"https:\/\/hicabistan.com\/wp-content\/uploads\/2023\/01\/74890794-9ce5-4ff9-8db3-c0145826d8bd-267x400.jpg 267w, https:\/\/hicabistan.com\/wp-content\/uploads\/2023\/01\/74890794-9ce5-4ff9-8db3-c0145826d8bd-247x371.jpg 247w, https:\/\/hicabistan.com\/wp-content\/uploads\/2023\/01\/74890794-9ce5-4ff9-8db3-c0145826d8bd-510x765.jpg 510w, https:\/\/hicabistan.com\/wp-content\/uploads\/2023\/01\/74890794-9ce5-4ff9-8db3-c0145826d8bd-533x800.jpg 533w, https:\/\/hicabistan.com\/wp-content\/uploads\/2023\/01\/74890794-9ce5-4ff9-8db3-c0145826d8bd-768x1152.jpg 768w, https:\/\/hicabistan.com\/wp-content\/uploads\/2023\/01\/74890794-9ce5-4ff9-8db3-c0145826d8bd-1024x1536.jpg 1024w, https:\/\/hicabistan.com\/wp-content\/uploads\/2023\/01\/74890794-9ce5-4ff9-8db3-c0145826d8bd.jpg 1200w\" sizes=\"auto, (max-width: 267px) 100vw, 267px\" \/><figcaption id=\"caption-attachment-597\" class=\"wp-caption-text\">Venta al por mayor Vestido de oraci\u00f3n<\/figcaption><\/figure>\n<h2>\u00bfSolo se usa para rezar?<\/h2>\n<p>Puede usarlo no solo mientras reza, sino tambi\u00e9n cuando sale, usando un <a title=\"Abaya\" href=\"https:\/\/hicabistan.com\/es\/abaya\/\">Abaya<\/a>. Es un producto de rendimiento de precio que se puede usar f\u00e1cilmente en 4 estaciones. Debe tener en su tienda.<\/p>\n<h3>Limpieza y mantenimiento de vestidos de oraci\u00f3n<\/h3>\n<p>Es necesario prestar atenci\u00f3n a las condiciones del velo en la oraci\u00f3n, que es uno de los actos de adoraci\u00f3n obligatorios para los musulmanes. Tambi\u00e9n es deseable que el lugar de culto y la ropa est\u00e9n limpios. Es importante a este respecto que la ropa de oraci\u00f3n, que debe limpiarse con frecuencia, sea f\u00e1cil de cuidar. Los productos producidos con telas que no requieren limpieza en seco son generalmente resistentes a las manchas. Se debe tener cuidado de lavar la ropa con lycra y estructura flexible a bajas temperaturas para que no encoja. Si se requiere planchar, se recomienda procesar a fuego lento.<br \/>\nLos productos de colores y estampados deben secarse fuera de la luz solar directa.<\/p>\n<h3>\u00bfQu\u00e9 usan los musulmanes cuando rezan?<\/h3>\n<p>En el Islam, no tiene que realizar sus oraciones solo con un vestido de oraci\u00f3n hijab. Puedes orar con tu ropa diaria cuando est\u00e9s afuera o de visita. Si quieres sentirte m\u00e1s c\u00f3modo, puedes rezar con el Vestido de Oraci\u00f3n port\u00e1til. Debido a que todos los productos en esta oferta son livianos, caben f\u00e1cilmente en sus bolsos y son f\u00e1ciles de usar.<\/p>\n<h3>\u00bfC\u00f3mo es el proceso de compra al por mayor?<\/h3>\n<p>Muchas f\u00e1bricas y empresas mayoristas en el mundo venden sus productos en serie. Como empresa de Hicabistan, no vendemos ning\u00fan producto en serie. Puedes comprar el color que quieras en la cantidad que quieras y mezclarlo con otros productos. De esta forma, apoyamos boutiques que abren nuevos negocios o empresas que venden desde casa.<\/p>","protected":false},"excerpt":{"rendered":"<p>What is the best wholesale prayer dress material? Dozens of different fabrics are used in the market. However, the best selling product in terms of fabric and quality is the two piece prayer dress produced with Premium Jersey. Is it only used when praying? You can use it not only while praying, but also when [&#8230;]\n","protected":false},"featured_media":598,"comment_status":"open","ping_status":"closed","template":"","meta":[],"product_brand":[],"product_cat":[98],"product_tag":[],"class_list":{"0":"post-596","1":"product","2":"type-product","3":"status-publish","4":"has-post-thumbnail","6":"product_cat-wholesale-prayer-dress","8":"first","9":"instock","10":"shipping-taxable","11":"purchasable","12":"product-type-simple"},"_links":{"self":[{"href":"https:\/\/hicabistan.com\/es\/wp-json\/wp\/v2\/product\/596","targetHints":{"allow":["GET"]}}],"collection":[{"href":"https:\/\/hicabistan.com\/es\/wp-json\/wp\/v2\/product"}],"about":[{"href":"https:\/\/hicabistan.com\/es\/wp-json\/wp\/v2\/types\/product"}],"replies":[{"embeddable":true,"href":"https:\/\/hicabistan.com\/es\/wp-json\/wp\/v2\/comments?post=596"}],"wp:featuredmedia":[{"embeddable":true,"href":"https:\/\/hicabistan.com\/es\/wp-json\/wp\/v2\/media\/598"}],"wp:attachment":[{"href":"https:\/\/hicabistan.com\/es\/wp-json\/wp\/v2\/media?parent=596"}],"wp:term":[{"taxonomy":"product_brand","embeddable":true,"href":"https:\/\/hicabistan.com\/es\/wp-json\/wp\/v2\/product_brand?post=596"},{"taxonomy":"product_cat","embeddable":true,"href":"https:\/\/hicabistan.com\/es\/wp-json\/wp\/v2\/product_cat?post=596"},{"taxonomy":"product_tag","embeddable":true,"href":"https:\/\/hicabistan.com\/es\/wp-json\/wp\/v2\/product_tag?post=596"}],"curies":[{"name":"wp","href":"https:\/\/api.w.org\/{rel}","templated":true}]}}