{"id":6021,"date":"2023-08-22T12:10:04","date_gmt":"2023-08-22T12:10:04","guid":{"rendered":"https:\/\/hicabistan.com\/?post_type=product&#038;p=6021"},"modified":"2024-10-09T10:45:55","modified_gmt":"2024-10-09T10:45:55","slug":"kimono-abaya-de-saten-turquesa","status":"publish","type":"product","link":"https:\/\/hicabistan.com\/es\/kimono-abaya-de-saten-turquesa\/","title":{"rendered":"Kimono Sat\u00e9n Abaya Turquesa"},"content":{"rendered":"<h2 style=\"text-align: center;\">Kimono Sat\u00e9n Abaya Turquesa<\/h2>\n<ul>\n<li>Este producto es de temporada. Los pu\u00f1os delanteros abiertos son el\u00e1sticos y se ajustan a la cintura. El modelo de kimono abaya extragrande m\u00e1s elegante, una combinaci\u00f3n c\u00f3moda que te acompa\u00f1ar\u00e1.<\/li>\n<li>Longitud: 142cm<\/li>\n<li>Caracter\u00edstica de la tela: Hecho de tela satinada.<\/li>\n<li>Se recomienda pedir el tama\u00f1o que usa normalmente.<\/li>\n<li>Dimensiones del modelo: Talla 38 \/ Altura 1,68 cm \/ Cadera 90 cm \/ Cintura 77 cm \/ Busto 90 cm<\/li>\n<li>Instrucciones de Lavado: Debe lavarse del rev\u00e9s a 30\u00b0 (Grado M\u00ednimo).<\/li>\n<li>Puede haber una diferencia tonal en el color del producto debido al disparo.<\/li>\n<\/ul>","protected":false},"excerpt":{"rendered":"<p>Satin Kimono Abaya Turquoise The product is seasonal. Open front sleeve cuffs are elasticated and belted at the waist. The most stylish abaya kimono oversize model , comfortable combination is with you. Length: 142cm Fabric Feature: Made of satin fabric. It is recommended to order the size you normally use. Model Dimensions: Size 38 \/ [&#8230;]\n","protected":false},"featured_media":6007,"comment_status":"closed","ping_status":"closed","template":"","meta":[],"product_brand":[],"product_cat":[82],"product_tag":[],"class_list":{"0":"post-6021","1":"product","2":"type-product","3":"status-publish","4":"has-post-thumbnail","6":"product_cat-abaya","8":"first","9":"instock","10":"sale","11":"shipping-taxable","12":"purchasable","13":"product-type-variable"},"_links":{"self":[{"href":"https:\/\/hicabistan.com\/es\/wp-json\/wp\/v2\/product\/6021","targetHints":{"allow":["GET"]}}],"collection":[{"href":"https:\/\/hicabistan.com\/es\/wp-json\/wp\/v2\/product"}],"about":[{"href":"https:\/\/hicabistan.com\/es\/wp-json\/wp\/v2\/types\/product"}],"replies":[{"embeddable":true,"href":"https:\/\/hicabistan.com\/es\/wp-json\/wp\/v2\/comments?post=6021"}],"wp:featuredmedia":[{"embeddable":true,"href":"https:\/\/hicabistan.com\/es\/wp-json\/wp\/v2\/media\/6007"}],"wp:attachment":[{"href":"https:\/\/hicabistan.com\/es\/wp-json\/wp\/v2\/media?parent=6021"}],"wp:term":[{"taxonomy":"product_brand","embeddable":true,"href":"https:\/\/hicabistan.com\/es\/wp-json\/wp\/v2\/product_brand?post=6021"},{"taxonomy":"product_cat","embeddable":true,"href":"https:\/\/hicabistan.com\/es\/wp-json\/wp\/v2\/product_cat?post=6021"},{"taxonomy":"product_tag","embeddable":true,"href":"https:\/\/hicabistan.com\/es\/wp-json\/wp\/v2\/product_tag?post=6021"}],"curies":[{"name":"wp","href":"https:\/\/api.w.org\/{rel}","templated":true}]}}