{"id":6044,"date":"2023-08-22T12:25:47","date_gmt":"2023-08-22T12:25:47","guid":{"rendered":"https:\/\/hicabistan.com\/?post_type=product&#038;p=6044"},"modified":"2024-10-09T10:45:55","modified_gmt":"2024-10-09T10:45:55","slug":"abaya-jeida-verde-jazz","status":"publish","type":"product","link":"https:\/\/hicabistan.com\/es\/abaya-jeida-verde-jazz\/","title":{"rendered":"Jeida Abaya Verde Jazz"},"content":{"rendered":"<h2 style=\"text-align: center;\">Jeida Abaya Verde Jazz<\/h2>\n<ul>\n<li>Este producto es de temporada. Tiene cuello de bicicleta y un bot\u00f3n en la espalda para facilitar su uso. Las mangas son de murci\u00e9lago y los pu\u00f1os tienen detalles. Es una abaya c\u00f3moda, extragrande y sin forro.<\/li>\n<li>Longitud: 147cm<\/li>\n<li>Caracter\u00edstica de la tela: Est\u00e1 hecho de tela aerobin.<\/li>\n<li>Dado que el producto es de molde completo, se recomienda pedir el tama\u00f1o que usa normalmente.<\/li>\n<li>Dimensiones del modelo: Talla 38 \/ Altura 1,68 cm \/ Cadera 90 cm \/ Cintura 77 cm \/ Busto 90 cm<\/li>\n<li>Instrucciones de Lavado: Debe lavarse del rev\u00e9s a 30\u00b0 (Grado M\u00ednimo).<\/li>\n<li>Puede haber una diferencia tonal en el color del producto debido al disparo.<\/li>\n<\/ul>","protected":false},"excerpt":{"rendered":"<p>Jeida Abaya Jazz Green The product is seasonal. The product is a bicycle collar and there is a button on the back for easy use. The sleeves are bat sleeves and the sleeve cuffs are detailed. It is an unlined, overrsize comfortable abaya model. Length: 147cm Fabric Feature: It is made of aerobin fabric. Since [&#8230;]\n","protected":false},"featured_media":6050,"comment_status":"closed","ping_status":"closed","template":"","meta":[],"product_brand":[],"product_cat":[82],"product_tag":[],"class_list":{"0":"post-6044","1":"product","2":"type-product","3":"status-publish","4":"has-post-thumbnail","6":"product_cat-abaya","8":"first","9":"instock","10":"sale","11":"shipping-taxable","12":"purchasable","13":"product-type-variable"},"_links":{"self":[{"href":"https:\/\/hicabistan.com\/es\/wp-json\/wp\/v2\/product\/6044","targetHints":{"allow":["GET"]}}],"collection":[{"href":"https:\/\/hicabistan.com\/es\/wp-json\/wp\/v2\/product"}],"about":[{"href":"https:\/\/hicabistan.com\/es\/wp-json\/wp\/v2\/types\/product"}],"replies":[{"embeddable":true,"href":"https:\/\/hicabistan.com\/es\/wp-json\/wp\/v2\/comments?post=6044"}],"wp:featuredmedia":[{"embeddable":true,"href":"https:\/\/hicabistan.com\/es\/wp-json\/wp\/v2\/media\/6050"}],"wp:attachment":[{"href":"https:\/\/hicabistan.com\/es\/wp-json\/wp\/v2\/media?parent=6044"}],"wp:term":[{"taxonomy":"product_brand","embeddable":true,"href":"https:\/\/hicabistan.com\/es\/wp-json\/wp\/v2\/product_brand?post=6044"},{"taxonomy":"product_cat","embeddable":true,"href":"https:\/\/hicabistan.com\/es\/wp-json\/wp\/v2\/product_cat?post=6044"},{"taxonomy":"product_tag","embeddable":true,"href":"https:\/\/hicabistan.com\/es\/wp-json\/wp\/v2\/product_tag?post=6044"}],"curies":[{"name":"wp","href":"https:\/\/api.w.org\/{rel}","templated":true}]}}