{"id":614,"date":"2024-04-15T09:51:05","date_gmt":"2024-04-15T09:51:05","guid":{"rendered":"https:\/\/hicabistan.com\/?post_type=product&#038;p=614"},"modified":"2024-10-16T10:40:45","modified_gmt":"2024-10-16T10:40:45","slug":"hiyab-de-jersey-de-primera-calidad-2","status":"publish","type":"product","link":"https:\/\/hicabistan.com\/es\/hiyab-de-jersey-de-primera-calidad-2\/","title":{"rendered":"Premium Jersey Hijab"},"content":{"rendered":"<p>\u00bfEst\u00e1s buscando hijabs al por mayor que te mantengan a la moda y c\u00f3moda? Desde el cl\u00e1sico negro b\u00e1sico hasta los colores brillantes y vibrantes, nuestra colecci\u00f3n de hijabs de jersey el\u00e1stico viene en una variedad de estilos y tama\u00f1os. \u00a1Compre ahora para encontrar una opci\u00f3n que se ajuste a su tienda y presupuesto!<\/p>\n<figure id=\"attachment_6493\" aria-describedby=\"caption-attachment-6493\" style=\"width: 225px\" class=\"wp-caption alignright\"><img loading=\"lazy\" decoding=\"async\" class=\"wp-image-6493 size-medium\" src=\"https:\/\/hicabistan.com\/wp-content\/uploads\/2023\/01\/premium-jersey-hijab-3-225x400.jpg\" alt=\"Premium Jersey Hijab\" width=\"225\" height=\"400\" srcset=\"https:\/\/hicabistan.com\/wp-content\/uploads\/2023\/01\/premium-jersey-hijab-3-225x400.jpg 225w, https:\/\/hicabistan.com\/wp-content\/uploads\/2023\/01\/premium-jersey-hijab-3-450x800.jpg 450w, https:\/\/hicabistan.com\/wp-content\/uploads\/2023\/01\/premium-jersey-hijab-3-768x1365.jpg 768w, https:\/\/hicabistan.com\/wp-content\/uploads\/2023\/01\/premium-jersey-hijab-3-864x1536.jpg 864w, https:\/\/hicabistan.com\/wp-content\/uploads\/2023\/01\/premium-jersey-hijab-3-7x12.jpg 7w, https:\/\/hicabistan.com\/wp-content\/uploads\/2023\/01\/premium-jersey-hijab-3-247x439.jpg 247w, https:\/\/hicabistan.com\/wp-content\/uploads\/2023\/01\/premium-jersey-hijab-3-510x907.jpg 510w, https:\/\/hicabistan.com\/wp-content\/uploads\/2023\/01\/premium-jersey-hijab-3.jpg 1080w\" sizes=\"auto, (max-width: 225px) 100vw, 225px\" \/><figcaption id=\"caption-attachment-6493\" class=\"wp-caption-text\">Premium Jersey Hijab<\/figcaption><\/figure>\n<h1>Averig\u00fce qu\u00e9 tipos de hiyab de Jersey premium est\u00e1n disponibles<\/h1>\n<p>Ofrecemos una gama de hijabs hechos de material de jersey ligero. \u00c9stas incluyen <a href=\"https:\/\/hicabistan.com\/es\/hijab-de-jersey-de-licra-color-arena\/\">jersey de lycra hijabs<\/a>, hijabs instant\u00e1neos de jersey y gorros debajo de la gorra que facilitan cubrirse el cabello en segundos. Todos nuestros estilos est\u00e1n dise\u00f1ados para una m\u00e1xima cobertura y facilidad de uso para el uso diario. No importa qu\u00e9 estilo est\u00e9s buscando, tenemos algo perfecto para tus necesidades.<\/p>\n<h2>Revise la calidad y la durabilidad de las opciones de tela<\/h2>\n<p>La calidad es importante al elegir el material del hiyab, y en nuestra tienda, solo utilizamos materiales de jersey livianos de la m\u00e1s alta calidad para una m\u00e1xima cobertura y comodidad. Nuestros hijabs tambi\u00e9n est\u00e1n fabricados profesionalmente para garantizar la durabilidad y el uso prolongado. Revise las opciones de telas y aseg\u00farese de aprovechar al m\u00e1ximo su dinero al optar por materiales de alta calidad.<\/p>\n<h2>Compare precios para obtener el mejor valor por su compra de hiyab<\/h2>\n<p>Al comprar su hiyab, el precio es un factor importante a considerar. Para aprovechar al m\u00e1ximo su inversi\u00f3n, compare los precios de las diferentes tiendas que ofrecen el mismo estilo y material de hiyab. La mayor\u00eda de nuestros hijabs tienen un precio muy competitivo, pero siempre es aconsejable investigar para asegurarse de obtener la mejor oferta. Mire las rese\u00f1as de otros clientes que compraron hijabs al por mayor anteriormente, ya que esta es una excelente manera de determinar qu\u00e9 tienda ofrece el mayor valor por su compra.<\/p>\n<h3>Verifique los tiempos de entrega y las pol\u00edticas de devoluci\u00f3n antes de hacer su selecci\u00f3n<\/h3>\n<p>Antes de tomar una decisi\u00f3n final sobre sus compras de hiyab de jersey premium al por mayor, aseg\u00farese de verificar los tiempos de entrega y las pol\u00edticas de devoluci\u00f3n de la tienda en la que est\u00e1 comprando. Teniendo en cuenta factores como la distancia entre la tienda y su direcci\u00f3n, as\u00ed como los cambios en las circunstancias locales, planifique siempre con anticipaci\u00f3n para evitar inconvenientes o demoras. Adem\u00e1s, considere la pol\u00edtica de devoluciones de su tienda elegida en caso de art\u00edculos defectuosos o tama\u00f1os incorrectos; de esta manera, puede comprar con confianza sabiendo que si es necesario.<\/p>\n<p>&nbsp;<\/p>","protected":false},"excerpt":{"rendered":"<p>Looking for wholesale hijabs that will keep you fashionable and comfortable? From classic basic black to bright vibrant colors, our collection of stretchy jersey hijabs comes in a variety of styles and sizes. Shop now to find an option that fits your store and budget! Find Out What Types of Premium Jersey Hijabs Are Available [&#8230;]\n","protected":false},"featured_media":6496,"comment_status":"open","ping_status":"closed","template":"","meta":[],"product_brand":[],"product_cat":[74],"product_tag":[],"class_list":{"0":"post-614","1":"product","2":"type-product","3":"status-publish","4":"has-post-thumbnail","6":"product_cat-jersey-hijab","8":"first","9":"instock","10":"shipping-taxable","11":"purchasable","12":"product-type-simple"},"_links":{"self":[{"href":"https:\/\/hicabistan.com\/es\/wp-json\/wp\/v2\/product\/614","targetHints":{"allow":["GET"]}}],"collection":[{"href":"https:\/\/hicabistan.com\/es\/wp-json\/wp\/v2\/product"}],"about":[{"href":"https:\/\/hicabistan.com\/es\/wp-json\/wp\/v2\/types\/product"}],"replies":[{"embeddable":true,"href":"https:\/\/hicabistan.com\/es\/wp-json\/wp\/v2\/comments?post=614"}],"wp:featuredmedia":[{"embeddable":true,"href":"https:\/\/hicabistan.com\/es\/wp-json\/wp\/v2\/media\/6496"}],"wp:attachment":[{"href":"https:\/\/hicabistan.com\/es\/wp-json\/wp\/v2\/media?parent=614"}],"wp:term":[{"taxonomy":"product_brand","embeddable":true,"href":"https:\/\/hicabistan.com\/es\/wp-json\/wp\/v2\/product_brand?post=614"},{"taxonomy":"product_cat","embeddable":true,"href":"https:\/\/hicabistan.com\/es\/wp-json\/wp\/v2\/product_cat?post=614"},{"taxonomy":"product_tag","embeddable":true,"href":"https:\/\/hicabistan.com\/es\/wp-json\/wp\/v2\/product_tag?post=614"}],"curies":[{"name":"wp","href":"https:\/\/api.w.org\/{rel}","templated":true}]}}