{"id":6145,"date":"2023-08-16T15:57:24","date_gmt":"2023-08-16T15:57:24","guid":{"rendered":"https:\/\/hicabistan.com\/?post_type=product&#038;p=6145"},"modified":"2024-10-09T10:45:55","modified_gmt":"2024-10-09T10:45:55","slug":"abaya-perles-brown","status":"publish","type":"product","link":"https:\/\/hicabistan.com\/es\/abaya-perles-brown\/","title":{"rendered":"Abaya Perlas Marr\u00f3n"},"content":{"rendered":"<h2 style=\"text-align: center;\">ABAYA PERLES BROWN<\/h2>\n<h2><\/h2>\n<p style=\"text-align: left;\"><strong>Informaci\u00f3n del Producto<\/strong><\/p>\n<p>&nbsp;<\/p>\n<p><strong>Altura<\/strong>:133 cent\u00edmetros<br \/>\n<strong>Busto<\/strong>:106 cm<br \/>\n<strong>Cintura<\/strong>:102 cm<\/p>\n<div>\n<div><\/div>\n<div>La nueva abaya con escote de perla te acompa\u00f1a gracias a su c\u00f3moda y pr\u00e1ctica estructura. Nuestro vestido, abotonado en las mu\u00f1ecas, tiene cremallera en la espalda. Este vestido, la primera opci\u00f3n de elegancia sencilla, ser\u00e1 una pieza indispensable en tu armario. Disponible en diferentes colores.<\/div>\n<div><\/div>\n<div><\/div>\n<div><b>Informaci\u00f3n del material<\/b><\/div>\n<div><b>\u00a0<\/b><\/div>\n<div>\u00a0%65 Cotton<\/div>\n<div><b>\u00a0<\/b>%35 Poliester\u200b\u200b\u200b<\/div>\n<div><\/div>\n<div><\/div>\n<div><b>Informaci\u00f3n del modelo<\/b><\/div>\n<div><b>\u00a0<\/b><\/div>\n<div><b>Altura:<\/b><b>\u00a0<\/b>165 cent\u00edmetros<\/div>\n<div>\n<div><b>Busto :<\/b>\u00a086 cent\u00edmetros<\/div>\n<div><b>Cintura:<\/b><b>\u00a0\u00a0<\/b>67 cent\u00edmetros<\/div>\n<div><b>Cadera <\/b><b>:\u00a0<\/b>85 cent\u00edmetros<\/div>\n<div><\/div>\n<div><\/div>\n<\/div>\n<\/div>\n<p>El producto en el modelo es \u2013 <strong>36<\/strong> \u2013 tama\u00f1o.\u200b<\/p>","protected":false},"excerpt":{"rendered":"<p>ABAYA PERLES BROWN Product information &nbsp; Height: 133 cm Bust: 106cm Waist: 102cm The new season abaya with pearl neckline is with you with its comfortable and useful structure. Our dress, which is buttoned at the wrists, has a zipper on the back. Our dress, which is the first choice of simple elegance, will be [&#8230;]\n","protected":false},"featured_media":6112,"comment_status":"closed","ping_status":"closed","template":"","meta":[],"product_brand":[],"product_cat":[82],"product_tag":[],"class_list":{"0":"post-6145","1":"product","2":"type-product","3":"status-publish","4":"has-post-thumbnail","6":"product_cat-abaya","8":"first","9":"instock","10":"sale","11":"shipping-taxable","12":"purchasable","13":"product-type-variable"},"_links":{"self":[{"href":"https:\/\/hicabistan.com\/es\/wp-json\/wp\/v2\/product\/6145","targetHints":{"allow":["GET"]}}],"collection":[{"href":"https:\/\/hicabistan.com\/es\/wp-json\/wp\/v2\/product"}],"about":[{"href":"https:\/\/hicabistan.com\/es\/wp-json\/wp\/v2\/types\/product"}],"replies":[{"embeddable":true,"href":"https:\/\/hicabistan.com\/es\/wp-json\/wp\/v2\/comments?post=6145"}],"wp:featuredmedia":[{"embeddable":true,"href":"https:\/\/hicabistan.com\/es\/wp-json\/wp\/v2\/media\/6112"}],"wp:attachment":[{"href":"https:\/\/hicabistan.com\/es\/wp-json\/wp\/v2\/media?parent=6145"}],"wp:term":[{"taxonomy":"product_brand","embeddable":true,"href":"https:\/\/hicabistan.com\/es\/wp-json\/wp\/v2\/product_brand?post=6145"},{"taxonomy":"product_cat","embeddable":true,"href":"https:\/\/hicabistan.com\/es\/wp-json\/wp\/v2\/product_cat?post=6145"},{"taxonomy":"product_tag","embeddable":true,"href":"https:\/\/hicabistan.com\/es\/wp-json\/wp\/v2\/product_tag?post=6145"}],"curies":[{"name":"wp","href":"https:\/\/api.w.org\/{rel}","templated":true}]}}