{"id":6229,"date":"2023-08-21T18:18:24","date_gmt":"2023-08-21T18:18:24","guid":{"rendered":"https:\/\/hicabistan.com\/?post_type=product&#038;p=6229"},"modified":"2024-10-09T10:45:54","modified_gmt":"2024-10-09T10:45:54","slug":"frilly-shoulder-abaya-fuchsia","status":"publish","type":"product","link":"https:\/\/hicabistan.com\/es\/frilly-shoulder-abaya-fuchsia\/","title":{"rendered":"Abaya con hombros con volantes fucsia"},"content":{"rendered":"<h2 style=\"text-align: center;\">Abaya con hombros con volantes fucsia<\/h2>\n<div><strong>Informaci\u00f3n del Producto<\/strong><\/div>\n<div><\/div>\n<div><strong>Altura:<\/strong> 140 cent\u00edmetros<\/div>\n<div><strong>Busto:<\/strong> 86 cent\u00edmetros<\/div>\n<div><strong>Cintura:<\/strong> 84 cent\u00edmetros<\/div>\n<div><\/div>\n<div>El vestido de la nueva temporada tiene hombros con volantes. Nuestro vestido, con un cuello dominante, tiene un bot\u00f3n en el cuello. Lleva cintur\u00f3n. No tiene puente. Nuestro vestido, que te ofrece una elegancia sencilla, ser\u00e1 tu prenda favorita.<\/div>\n<div><\/div>\n<div><strong>Informaci\u00f3n de la tela<\/strong><\/div>\n<div><\/div>\n<div>50% Viscosa<\/div>\n<div>45% Poli\u00e9ster<\/div>\n<div>5% Licra<\/div>\n<div><\/div>\n<div><strong>Informaci\u00f3n del modelo<\/strong><\/div>\n<div><\/div>\n<div><strong>Altura:<\/strong> 164 cent\u00edmetros<\/div>\n<div><strong>Busto:<\/strong>85 cent\u00edmetros<\/div>\n<div><strong>Cintura:<\/strong> 64 cent\u00edmetros<\/div>\n<div><strong>Cadera:<\/strong> 92 cent\u00edmetros<\/div>\n<div><\/div>\n<div>El producto en el modelo es \u2013<strong> 36<\/strong> - tama\u00f1o.<\/div>","protected":false},"excerpt":{"rendered":"<p>Frilly Shoulder Abaya Fuchsia Product information Height: 140 cm Bust: 86cm Waist: 84cm The new season dress has a ruffled shoulder. Our dress, which has a dominant collar, has a neck button. Our dress is belted. There is no belt bridge. Our dress, which offers you simple elegance, will be your favorite piece. Fabric Information [&#8230;]\n","protected":false},"featured_media":6210,"comment_status":"closed","ping_status":"closed","template":"","meta":[],"product_brand":[],"product_cat":[83],"product_tag":[],"class_list":{"0":"post-6229","1":"product","2":"type-product","3":"status-publish","4":"has-post-thumbnail","6":"product_cat-islamic-dress","8":"first","9":"instock","10":"sale","11":"shipping-taxable","12":"purchasable","13":"product-type-variable"},"_links":{"self":[{"href":"https:\/\/hicabistan.com\/es\/wp-json\/wp\/v2\/product\/6229","targetHints":{"allow":["GET"]}}],"collection":[{"href":"https:\/\/hicabistan.com\/es\/wp-json\/wp\/v2\/product"}],"about":[{"href":"https:\/\/hicabistan.com\/es\/wp-json\/wp\/v2\/types\/product"}],"replies":[{"embeddable":true,"href":"https:\/\/hicabistan.com\/es\/wp-json\/wp\/v2\/comments?post=6229"}],"wp:featuredmedia":[{"embeddable":true,"href":"https:\/\/hicabistan.com\/es\/wp-json\/wp\/v2\/media\/6210"}],"wp:attachment":[{"href":"https:\/\/hicabistan.com\/es\/wp-json\/wp\/v2\/media?parent=6229"}],"wp:term":[{"taxonomy":"product_brand","embeddable":true,"href":"https:\/\/hicabistan.com\/es\/wp-json\/wp\/v2\/product_brand?post=6229"},{"taxonomy":"product_cat","embeddable":true,"href":"https:\/\/hicabistan.com\/es\/wp-json\/wp\/v2\/product_cat?post=6229"},{"taxonomy":"product_tag","embeddable":true,"href":"https:\/\/hicabistan.com\/es\/wp-json\/wp\/v2\/product_tag?post=6229"}],"curies":[{"name":"wp","href":"https:\/\/api.w.org\/{rel}","templated":true}]}}