{"id":6309,"date":"2023-08-21T19:29:21","date_gmt":"2023-08-21T19:29:21","guid":{"rendered":"https:\/\/hicabistan.com\/?post_type=product&#038;p=6309"},"modified":"2024-10-09T10:45:54","modified_gmt":"2024-10-09T10:45:54","slug":"waist-pleated-line-abaya-blue","status":"publish","type":"product","link":"https:\/\/hicabistan.com\/es\/waist-pleated-line-abaya-blue\/","title":{"rendered":"Abaya azul con l\u00ednea plisada en la cintura"},"content":{"rendered":"<h2 style=\"text-align: center;\">Abaya azul con l\u00ednea plisada en la cintura<\/h2>\n<h2 style=\"text-align: left;\"><strong style=\"font-size: 14.4px;\">Informaci\u00f3n del Producto<\/strong><\/h2>\n<div><strong>Altura:<\/strong> 134 cent\u00edmetros<\/div>\n<div><strong>Busto<\/strong>:96 cm<\/div>\n<div><strong>Cintura:<\/strong> 88 cent\u00edmetros<\/div>\n<div><\/div>\n<div>Nuestro vestido de nueva temporada es el modelo de l\u00ednea plisada en la cintura. Tiene cintura fruncida y pu\u00f1os el\u00e1sticos. El vestido, de sencilla elegancia, tiene cuello redondo.<\/div>\n<div><\/div>\n<div><strong>Informaci\u00f3n de la tela<\/strong><\/div>\n<div><\/div>\n<div>95% Poli\u00e9ster<\/div>\n<div>5% Licra<\/div>\n<div><\/div>\n<div><strong>Informaci\u00f3n del modelo<\/strong><\/div>\n<div><\/div>\n<div><strong>Altura:<\/strong> 166 cent\u00edmetros<\/div>\n<div><strong>Busto:<\/strong> 88 cent\u00edmetros<\/div>\n<div><strong>Cintura:<\/strong> 73 cent\u00edmetros<\/div>\n<div><strong>Cadera:<\/strong> 91 cent\u00edmetros<\/div>\n<div><\/div>\n<div>El producto en el modelo es \u2013 <strong>38<\/strong> - tama\u00f1o.<\/div>","protected":false},"excerpt":{"rendered":"<p>\u200bWaist Pleated Line Abaya Blue Product Information Height: 134 cm Bust: 96cm Waist: 88cm Our new season dress is Waist Pleated Line model. Our dress, which has a shirred waist, has elastic wrists. The dress, whose simple elegance is offered to you, is the crew neck. Fabric Information 95% Polyester 5% Lycra Model Information Height: [&#8230;]\n","protected":false},"featured_media":6285,"comment_status":"closed","ping_status":"closed","template":"","meta":[],"product_brand":[],"product_cat":[82,83],"product_tag":[],"class_list":{"0":"post-6309","1":"product","2":"type-product","3":"status-publish","4":"has-post-thumbnail","6":"product_cat-abaya","7":"product_cat-islamic-dress","9":"first","10":"instock","11":"sale","12":"shipping-taxable","13":"purchasable","14":"product-type-variable"},"_links":{"self":[{"href":"https:\/\/hicabistan.com\/es\/wp-json\/wp\/v2\/product\/6309","targetHints":{"allow":["GET"]}}],"collection":[{"href":"https:\/\/hicabistan.com\/es\/wp-json\/wp\/v2\/product"}],"about":[{"href":"https:\/\/hicabistan.com\/es\/wp-json\/wp\/v2\/types\/product"}],"replies":[{"embeddable":true,"href":"https:\/\/hicabistan.com\/es\/wp-json\/wp\/v2\/comments?post=6309"}],"wp:featuredmedia":[{"embeddable":true,"href":"https:\/\/hicabistan.com\/es\/wp-json\/wp\/v2\/media\/6285"}],"wp:attachment":[{"href":"https:\/\/hicabistan.com\/es\/wp-json\/wp\/v2\/media?parent=6309"}],"wp:term":[{"taxonomy":"product_brand","embeddable":true,"href":"https:\/\/hicabistan.com\/es\/wp-json\/wp\/v2\/product_brand?post=6309"},{"taxonomy":"product_cat","embeddable":true,"href":"https:\/\/hicabistan.com\/es\/wp-json\/wp\/v2\/product_cat?post=6309"},{"taxonomy":"product_tag","embeddable":true,"href":"https:\/\/hicabistan.com\/es\/wp-json\/wp\/v2\/product_tag?post=6309"}],"curies":[{"name":"wp","href":"https:\/\/api.w.org\/{rel}","templated":true}]}}