{"id":6399,"date":"2023-08-23T06:22:10","date_gmt":"2023-08-23T06:22:10","guid":{"rendered":"https:\/\/hicabistan.com\/?post_type=product&#038;p=6399"},"modified":"2024-10-09T10:45:54","modified_gmt":"2024-10-09T10:45:54","slug":"etiquetas-personalizadas","status":"publish","type":"product","link":"https:\/\/hicabistan.com\/es\/etiquetas-personalizadas\/","title":{"rendered":"Etiquetas personalizadas"},"content":{"rendered":"<h2 style=\"text-align: center;\">ETIQUETAS PERSONALIZADAS<\/h2>\n<p>Mejore la imagen de su marca y organizaci\u00f3n con nuestras excepcionales etiquetas personalizadas. Elaboradas con precisi\u00f3n y dise\u00f1adas para satisfacer sus necesidades espec\u00edficas, nuestras etiquetas personalizadas combinan a la perfecci\u00f3n est\u00e9tica y funcionalidad.<\/p>\n<p>Caracter\u00edsticas principales:<\/p>\n<ul>\n<li>Dise\u00f1o personalizado: Captura la esencia de tu marca creando etiquetas que se integren a la perfecci\u00f3n con tu identidad visual. Desde los colores hasta la tipograf\u00eda, cada elemento es personalizable.<\/li>\n<li>Materiales vers\u00e1tiles: Elija entre una gama de materiales de alta calidad que se adaptan a diversas superficies y entornos. Ya sea para embalajes de productos o materiales promocionales, nuestras etiquetas se adhieren con total fiabilidad.<\/li>\n<li>Tama\u00f1os y formas a medida: Olv\u00eddese de las limitaciones de las formas y tama\u00f1os est\u00e1ndar. Nuestras etiquetas personalizadas se pueden crear en cualquier dimensi\u00f3n, lo que le permite causar una impresi\u00f3n duradera.<\/li>\n<li>Acabados duraderos: seleccione entre una variedad de acabados, incluidos brillo, mate y m\u00e1s, para mejorar la durabilidad y el atractivo visual.<\/li>\n<li>Entrega r\u00e1pida: Entendemos la importancia de los plazos. Disfrute de una producci\u00f3n y entrega r\u00e1pidas sin comprometer la calidad.<\/li>\n<\/ul>\n<p>Aplicaciones:<\/p>\n<ul>\n<li>Marca de producto: haga que sus productos se destaquen en los estantes con etiquetas que resuman la historia y los valores de su marca.<\/li>\n<li>Eventos y promociones: desde obsequios hasta eventos corporativos, nuestras etiquetas personalizadas a\u00f1aden un toque profesional a sus esfuerzos promocionales.<\/li>\n<li>Eficiencia organizacional: optimice las operaciones mediante el uso de etiquetas personalizadas para la gesti\u00f3n, categorizaci\u00f3n y seguimiento del inventario.<\/li>\n<\/ul>\n<p>\u00bfPor qu\u00e9 elegir nuestras etiquetas personalizadas? Gracias a nuestro profundo compromiso con la calidad y la innovaci\u00f3n, nos hemos ganado la reputaci\u00f3n de ofrecer excelencia. Nuestro equipo dedicado trabaja estrechamente con usted para comprender su visi\u00f3n y hacerla realidad. Experimente el poder de las etiquetas personalizadas que conectan con su p\u00fablico y dejan una impresi\u00f3n duradera.<\/p>\n<p>Descubra posibilidades ilimitadas con nuestro producto &quot;Etiquetas Personalizadas&quot;. Transforme sus ideas en etiquetas tangibles y atractivas que reflejen fielmente su marca. Cont\u00e1ctenos hoy mismo para explorar las infinitas opciones de personalizaci\u00f3n y hacer realidad sus necesidades de etiquetado.<\/p>","protected":false},"excerpt":{"rendered":"<p><strong>Este producto se vende por separado. La costura no est\u00e1 incluida en el precio.\u00a0<\/strong><\/p>","protected":false},"featured_media":6404,"comment_status":"closed","ping_status":"closed","template":"","meta":[],"product_brand":[],"product_cat":[180],"product_tag":[],"class_list":{"0":"post-6399","1":"product","2":"type-product","3":"status-publish","4":"has-post-thumbnail","6":"product_cat-print-service","8":"first","9":"instock","10":"shipping-taxable","11":"purchasable","12":"product-type-variable"},"_links":{"self":[{"href":"https:\/\/hicabistan.com\/es\/wp-json\/wp\/v2\/product\/6399","targetHints":{"allow":["GET"]}}],"collection":[{"href":"https:\/\/hicabistan.com\/es\/wp-json\/wp\/v2\/product"}],"about":[{"href":"https:\/\/hicabistan.com\/es\/wp-json\/wp\/v2\/types\/product"}],"replies":[{"embeddable":true,"href":"https:\/\/hicabistan.com\/es\/wp-json\/wp\/v2\/comments?post=6399"}],"wp:featuredmedia":[{"embeddable":true,"href":"https:\/\/hicabistan.com\/es\/wp-json\/wp\/v2\/media\/6404"}],"wp:attachment":[{"href":"https:\/\/hicabistan.com\/es\/wp-json\/wp\/v2\/media?parent=6399"}],"wp:term":[{"taxonomy":"product_brand","embeddable":true,"href":"https:\/\/hicabistan.com\/es\/wp-json\/wp\/v2\/product_brand?post=6399"},{"taxonomy":"product_cat","embeddable":true,"href":"https:\/\/hicabistan.com\/es\/wp-json\/wp\/v2\/product_cat?post=6399"},{"taxonomy":"product_tag","embeddable":true,"href":"https:\/\/hicabistan.com\/es\/wp-json\/wp\/v2\/product_tag?post=6399"}],"curies":[{"name":"wp","href":"https:\/\/api.w.org\/{rel}","templated":true}]}}