{"id":748,"date":"2023-01-12T11:04:39","date_gmt":"2023-01-12T11:04:39","guid":{"rendered":"https:\/\/hicabistan.com\/?post_type=product&#038;p=748"},"modified":"2024-10-09T10:45:54","modified_gmt":"2024-10-09T10:45:54","slug":"juego-de-oracion-en-bolsita","status":"publish","type":"product","link":"https:\/\/hicabistan.com\/es\/juego-de-oracion-en-bolsita\/","title":{"rendered":"Conjunto de oraci\u00f3n de bolsa"},"content":{"rendered":"<p>Viene con alfombra de oraci\u00f3n, tasbih y bolsa protectora. Puedes venderlo a tus clientes durante el mes de Ramad\u00e1n y como regalo. Puedes mezclar el modelo que quieras en la cantidad que quieras. No tienes que comprar el mismo color en serie. Escriba cu\u00e1ntas piezas de qu\u00e9 color desea en la secci\u00f3n de notas.<\/p>","protected":false},"excerpt":{"rendered":"<p>It comes with prayer rug, tasbih and protective bag. You can sell it to your customers for the month of Ramadan and as a gift. You can mix the model you want in the quantity you want. You don&#8217;t have to buy the same color in series. Please write how many pieces of which color [&#8230;]\n","protected":false},"featured_media":750,"comment_status":"open","ping_status":"closed","template":"","meta":[],"product_brand":[],"product_cat":[92],"product_tag":[],"class_list":{"0":"post-748","1":"product","2":"type-product","3":"status-publish","4":"has-post-thumbnail","6":"product_cat-islamic-gift-sets","8":"first","9":"instock","10":"shipping-taxable","11":"purchasable","12":"product-type-simple"},"_links":{"self":[{"href":"https:\/\/hicabistan.com\/es\/wp-json\/wp\/v2\/product\/748","targetHints":{"allow":["GET"]}}],"collection":[{"href":"https:\/\/hicabistan.com\/es\/wp-json\/wp\/v2\/product"}],"about":[{"href":"https:\/\/hicabistan.com\/es\/wp-json\/wp\/v2\/types\/product"}],"replies":[{"embeddable":true,"href":"https:\/\/hicabistan.com\/es\/wp-json\/wp\/v2\/comments?post=748"}],"wp:featuredmedia":[{"embeddable":true,"href":"https:\/\/hicabistan.com\/es\/wp-json\/wp\/v2\/media\/750"}],"wp:attachment":[{"href":"https:\/\/hicabistan.com\/es\/wp-json\/wp\/v2\/media?parent=748"}],"wp:term":[{"taxonomy":"product_brand","embeddable":true,"href":"https:\/\/hicabistan.com\/es\/wp-json\/wp\/v2\/product_brand?post=748"},{"taxonomy":"product_cat","embeddable":true,"href":"https:\/\/hicabistan.com\/es\/wp-json\/wp\/v2\/product_cat?post=748"},{"taxonomy":"product_tag","embeddable":true,"href":"https:\/\/hicabistan.com\/es\/wp-json\/wp\/v2\/product_tag?post=748"}],"curies":[{"name":"wp","href":"https:\/\/api.w.org\/{rel}","templated":true}]}}