{"id":752,"date":"2023-01-12T11:13:24","date_gmt":"2023-01-12T11:13:24","guid":{"rendered":"https:\/\/hicabistan.com\/?post_type=product&#038;p=752"},"modified":"2024-10-09T10:45:54","modified_gmt":"2024-10-09T10:45:54","slug":"juego-de-regalo-islamico-cilindrico","status":"publish","type":"product","link":"https:\/\/hicabistan.com\/es\/juego-de-regalo-islamico-cilindrico\/","title":{"rendered":"Conjunto de regalo isl\u00e1mico de cilindro"},"content":{"rendered":"<p>Hay una alfombra de oraci\u00f3n port\u00e1til y un tasbih en el set de regalo isl\u00e1mico cil\u00edndrico. El material usado en el exterior es fuerte, pero puede ocurrir un aplastamiento menor dependiendo de la condici\u00f3n de la carga. Para evitar esto, colocamos los productos en la carga de manera regular. Una caja de 30 KG puede contener un m\u00e1ximo de 80 de este producto. Pero no tienes que comprar el mismo producto para llenar tu caja. Se puede mezclar con diferentes productos.<\/p>","protected":false},"excerpt":{"rendered":"<p>There is a portable prayer rug and tasbih in the cylinder islamic gift set. The material used on the outside is strong, but minor crushing may occur depending on the cargo condition. To prevent this, we place the products in the cargo in a regular way. A 30 KG box can contain a maximum of [&#8230;]\n","protected":false},"featured_media":756,"comment_status":"open","ping_status":"closed","template":"","meta":[],"product_brand":[],"product_cat":[92],"product_tag":[],"class_list":{"0":"post-752","1":"product","2":"type-product","3":"status-publish","4":"has-post-thumbnail","6":"product_cat-islamic-gift-sets","8":"first","9":"instock","10":"shipping-taxable","11":"purchasable","12":"product-type-simple"},"_links":{"self":[{"href":"https:\/\/hicabistan.com\/es\/wp-json\/wp\/v2\/product\/752","targetHints":{"allow":["GET"]}}],"collection":[{"href":"https:\/\/hicabistan.com\/es\/wp-json\/wp\/v2\/product"}],"about":[{"href":"https:\/\/hicabistan.com\/es\/wp-json\/wp\/v2\/types\/product"}],"replies":[{"embeddable":true,"href":"https:\/\/hicabistan.com\/es\/wp-json\/wp\/v2\/comments?post=752"}],"wp:featuredmedia":[{"embeddable":true,"href":"https:\/\/hicabistan.com\/es\/wp-json\/wp\/v2\/media\/756"}],"wp:attachment":[{"href":"https:\/\/hicabistan.com\/es\/wp-json\/wp\/v2\/media?parent=752"}],"wp:term":[{"taxonomy":"product_brand","embeddable":true,"href":"https:\/\/hicabistan.com\/es\/wp-json\/wp\/v2\/product_brand?post=752"},{"taxonomy":"product_cat","embeddable":true,"href":"https:\/\/hicabistan.com\/es\/wp-json\/wp\/v2\/product_cat?post=752"},{"taxonomy":"product_tag","embeddable":true,"href":"https:\/\/hicabistan.com\/es\/wp-json\/wp\/v2\/product_tag?post=752"}],"curies":[{"name":"wp","href":"https:\/\/api.w.org\/{rel}","templated":true}]}}