{"id":557,"date":"2023-01-04T14:01:27","date_gmt":"2023-01-04T14:01:27","guid":{"rendered":"https:\/\/hicabistan.com\/?page_id=557"},"modified":"2026-03-22T19:34:52","modified_gmt":"2026-03-22T19:34:52","slug":"frais-de-livraison","status":"publish","type":"page","link":"https:\/\/hicabistan.com\/fr\/frais-de-livraison\/","title":{"rendered":"Frais de livraison"},"content":{"rendered":"<div id=\"page-header-938979429\" class=\"page-header-wrapper\">\n  <div class=\"page-title dark featured-title\">\n\n        <div class=\"page-title-bg\">\n      <div class=\"title-bg fill bg-fill\"\n        data-parallax-container=\".page-title\"\n        data-parallax-background\n data-parallax=\"-\">\n      <\/div>\n      <div class=\"title-overlay fill\"><\/div>\n    <\/div>\n    \n    <div class=\"page-title-inner container align-center flex-row medium-flex-wrap\" >\n              <div class=\"title-wrapper flex-col text-left medium-text-center\">\n          <h1 class=\"entry-title mb-0\">\n            Frais de livraison          <\/h1>\n        <\/div>\n                    <div class=\"title-content flex-col flex-right text-right medium-text-center\">\n        <div class=\"title-share pt-half pb-half\"><div class=\"social-icons share-icons share-row relative icon-style-outline\" ><a href=\"whatsapp:\/\/send?text=Delivery%20Charges - https:\/\/hicabistan.com\/fr\/frais-de-livraison\/\" data-action=\"share\/whatsapp\/share\" class=\"icon button circle is-outline tooltip whatsapp show-for-medium\" title=\"Partager sur WhatsApp\" aria-label=\"Partager sur WhatsApp\"><i class=\"icon-whatsapp\" aria-hidden=\"true\"><\/i><\/a><a href=\"https:\/\/www.facebook.com\/sharer.php?u=https:\/\/hicabistan.com\/fr\/frais-de-livraison\/\" data-label=\"Facebook\" onclick=\"window.open(this.href,this.title,'width=500,height=500,top=300px,left=300px'); return false;\" target=\"_blank\" class=\"icon button circle is-outline tooltip facebook\" title=\"Partager sur Facebook\" aria-label=\"Partager sur Facebook\" rel=\"noopener nofollow\"><i class=\"icon-facebook\" aria-hidden=\"true\"><\/i><\/a><a href=\"https:\/\/twitter.com\/share?url=https:\/\/hicabistan.com\/fr\/frais-de-livraison\/\" onclick=\"window.open(this.href,this.title,'width=500,height=500,top=300px,left=300px'); return false;\" target=\"_blank\" class=\"icon button circle is-outline tooltip twitter\" title=\"Partager sur Twitter\" aria-label=\"Partager sur Twitter\" rel=\"noopener nofollow\"><i class=\"icon-twitter\" aria-hidden=\"true\"><\/i><\/a><a href=\"mailto:?subject=Delivery%20Charges&body=Regarde%20%C3%A7a%3A%20https%3A%2F%2Fhicabistan.com%2Ffr%2Ffrais-de-livraison%2F\" class=\"icon button circle is-outline tooltip email\" title=\"Envoyer par mail\" aria-label=\"Envoyer par mail\" rel=\"nofollow\"><i class=\"icon-envelop\" aria-hidden=\"true\"><\/i><\/a><a href=\"https:\/\/pinterest.com\/pin\/create\/button?url=https:\/\/hicabistan.com\/fr\/frais-de-livraison\/&media&description=Delivery%20Charges\" onclick=\"window.open(this.href,this.title,'width=500,height=500,top=300px,left=300px'); return false;\" target=\"_blank\" class=\"icon button circle is-outline tooltip pinterest\" title=\"Epingler sur Pinterest\" aria-label=\"Epingler sur Pinterest\" rel=\"noopener nofollow\"><i class=\"icon-pinterest\" aria-hidden=\"true\"><\/i><\/a><a href=\"https:\/\/www.linkedin.com\/shareArticle?mini=true&url=https:\/\/hicabistan.com\/fr\/frais-de-livraison\/&title=Delivery%20Charges\" onclick=\"window.open(this.href,this.title,'width=500,height=500,top=300px,left=300px'); return false;\" target=\"_blank\" class=\"icon button circle is-outline tooltip linkedin\" title=\"Partager sur LinkedIn\" aria-label=\"Partager sur LinkedIn\" rel=\"noopener nofollow\"><i class=\"icon-linkedin\" aria-hidden=\"true\"><\/i><\/a><\/div><\/div>      <\/div>\n    <\/div>\n\n     \n<style>\n#page-header-938979429 .featured-title {\n  background-color: rgba(61, 61, 61, 0.744);\n}\n<\/style>\n  <\/div>\n    <\/div>\n  \n\n<div class=\"row\"  id=\"row-1700649124\">\n\n\n\t<div id=\"col-436869951\" class=\"col medium-4 small-12 large-4\"  >\n\t\t\t\t<div class=\"col-inner\"  >\n\t\t\t\n\t\t\t\n\n<div class=\"pricing-table-wrapper\">\n  <div class=\"pricing-table ux_price_table text-center box-shadow-3-hover featured-table\">\n    <div class=\"pricing-table-header\">\n      <div class=\"title uppercase strong\">L&#039;Europe \uf0d7<\/div>\n      <div class=\"price is-xxlarge\">\u20ac85<\/div>\n              <div class=\"description is-small\">\n          France, Allemagne, Pays-Bas, Belgique, Autriche        <\/div>\n          <\/div>\n    <div class=\"pricing-table-items items\">\n      \n\n<div class=\"bullet-item tooltip has-hover\" title=\"1 carton peut contenir 30 KG. M\u00eame si votre commande est de 15 kg, vous paierez le m\u00eame prix\"><span class=\"text\">jusqu&#039;\u00e0 30 kg<\/span><span class=\"tag-label bullet-more-info circle\">?<\/span><\/div>\n\n<div class=\"bullet-item\" title=\"\"><span class=\"text\">Livraison porte \u00e0 porte<\/span><\/div>\n\n<div class=\"bullet-item\" title=\"\"><span class=\"text\">Pas de frais de douane ou de taxe suppl\u00e9mentaires<\/span><\/div>\n\n<div class=\"bullet-item tooltip has-hover\" title=\"Le d\u00e9lai de livraison peut varier en fonction de la situation douani\u00e8re.\"><span class=\"text\">D\u00e9lai de livraison 15 jours<\/span><span class=\"tag-label bullet-more-info circle\">?<\/span><\/div>\n\n<div class=\"bullet-item\" title=\"\"><span class=\"text\">avec DPD et GLS<\/span><\/div>\n\n\n    <\/div>\n      <\/div>\n<\/div>\n\n\n\n\t\t<\/div>\n\t\t\t\t\t<\/div>\n\n\t\n\n\t<div id=\"col-2043075725\" class=\"col medium-4 small-12 large-4\"  >\n\t\t\t\t<div class=\"col-inner\"  >\n\t\t\t\n\t\t\t\n\n<div class=\"pricing-table-wrapper\">\n  <div class=\"pricing-table ux_price_table text-center box-shadow-3-hover\">\n    <div class=\"pricing-table-header\">\n      <div class=\"title uppercase strong\">L&#039;Europe \uf0d7<\/div>\n      <div class=\"price is-xxlarge\">\u20ac110<\/div>\n              <div class=\"description is-small\">\n          Italie, Espagne        <\/div>\n          <\/div>\n    <div class=\"pricing-table-items items\">\n      \n\n<div class=\"bullet-item tooltip has-hover\" title=\"1 carton peut contenir 30 KG. M\u00eame si votre commande est de 15 kg, vous paierez le m\u00eame prix\"><span class=\"text\">jusqu&#039;\u00e0 30 kg<\/span><span class=\"tag-label bullet-more-info circle\">?<\/span><\/div>\n\n<div class=\"bullet-item\" title=\"\"><span class=\"text\">Livraison porte \u00e0 porte<\/span><\/div>\n\n<div class=\"bullet-item\" title=\"\"><span class=\"text\">Pas de frais de douane ou de taxe suppl\u00e9mentaires<\/span><\/div>\n\n<div class=\"bullet-item tooltip has-hover\" title=\"Le d\u00e9lai de livraison peut varier en fonction de la situation douani\u00e8re.\"><span class=\"text\">D\u00e9lai de livraison 15 jours<\/span><span class=\"tag-label bullet-more-info circle\">?<\/span><\/div>\n\n<div class=\"bullet-item\" title=\"\"><span class=\"text\">avec DPD et GLS<\/span><\/div>\n\n\n    <\/div>\n      <\/div>\n<\/div>\n\n\n\n\t\t<\/div>\n\t\t\t\t\t<\/div>\n\n\t\n\n\t<div id=\"col-1508345090\" class=\"col medium-4 small-12 large-4\"  >\n\t\t\t\t<div class=\"col-inner\"  >\n\t\t\t\n\t\t\t\n\n<div class=\"pricing-table-wrapper\">\n  <div class=\"pricing-table ux_price_table text-center box-shadow-3-hover\">\n    <div class=\"pricing-table-header\">\n      <div class=\"title uppercase strong\">L&#039;Europe \uf0d7<\/div>\n      <div class=\"price is-xxlarge\">\u20ac125<\/div>\n              <div class=\"description is-small\">\n          Danemark, Su\u00e8de        <\/div>\n          <\/div>\n    <div class=\"pricing-table-items items\">\n      \n\n<div class=\"bullet-item tooltip has-hover\" title=\"1 carton peut contenir 30 KG. M\u00eame si votre commande est de 15 kg, vous paierez le m\u00eame prix\"><span class=\"text\">jusqu&#039;\u00e0 30 kg<\/span><span class=\"tag-label bullet-more-info circle\">?<\/span><\/div>\n\n<div class=\"bullet-item\" title=\"\"><span class=\"text\">Livraison porte \u00e0 porte<\/span><\/div>\n\n<div class=\"bullet-item\" title=\"\"><span class=\"text\">Pas de frais de douane ou de taxe suppl\u00e9mentaires<\/span><\/div>\n\n<div class=\"bullet-item tooltip has-hover\" title=\"Le d\u00e9lai de livraison peut varier en fonction de la situation douani\u00e8re.\"><span class=\"text\">D\u00e9lai de livraison 15 jours<\/span><span class=\"tag-label bullet-more-info circle\">?<\/span><\/div>\n\n<div class=\"bullet-item\" title=\"\"><span class=\"text\">avec DPD et GLS<\/span><\/div>\n\n\n    <\/div>\n      <\/div>\n<\/div>\n\n\n\n\t\t<\/div>\n\t\t\t\t\t<\/div>\n\n\t\n\n<\/div>\n<div class=\"row\"  id=\"row-975482189\">\n\n\n\t<div id=\"col-1214565043\" class=\"col medium-4 small-12 large-4\"  >\n\t\t\t\t<div class=\"col-inner\"  >\n\t\t\t\n\t\t\t\n\n<div class=\"pricing-table-wrapper\">\n  <div class=\"pricing-table ux_price_table text-center box-shadow-3-hover featured-table\">\n    <div class=\"pricing-table-header\">\n      <div class=\"title uppercase strong\">USA-CANADA<\/div>\n      <div class=\"price is-xxlarge\">$180<\/div>\n              <div class=\"description is-small\">\n          Toutes les villes et r\u00e9gions        <\/div>\n          <\/div>\n    <div class=\"pricing-table-items items\">\n      \n\n<div class=\"bullet-item tooltip has-hover\" title=\"1 carton peut contenir 30 KG. M\u00eame si votre commande est de 15 kg, vous paierez le m\u00eame prix\"><span class=\"text\">jusqu&#039;\u00e0 30 kg<\/span><span class=\"tag-label bullet-more-info circle\">?<\/span><\/div>\n\n<div class=\"bullet-item\" title=\"\"><span class=\"text\">Livraison porte \u00e0 porte<\/span><\/div>\n\n<div class=\"bullet-item tooltip has-hover\" title=\"Des taxes peuvent s&#039;appliquer aux douanes canadiennes\"><span class=\"text\">Des taxes peuvent s&#039;appliquer aux douanes canadiennes<\/span><span class=\"tag-label bullet-more-info circle\">?<\/span><\/div>\n\n<div class=\"bullet-item tooltip has-hover\" title=\"Le d\u00e9lai de livraison peut varier en fonction de la situation douani\u00e8re.\"><span class=\"text\">D\u00e9lai de livraison 1-7 jours<\/span><span class=\"tag-label bullet-more-info circle\">?<\/span><\/div>\n\n<div class=\"bullet-item\" title=\"\"><span class=\"text\">avec UPS et FedEx<\/span><\/div>\n\n\n    <\/div>\n      <\/div>\n<\/div>\n\n\n\n\t\t<\/div>\n\t\t\t\t\t<\/div>\n\n\t\n\n\t<div id=\"col-1825764154\" class=\"col medium-4 small-12 large-4\"  >\n\t\t\t\t<div class=\"col-inner\"  >\n\t\t\t\n\t\t\t\n\n<div class=\"pricing-table-wrapper\">\n  <div class=\"pricing-table ux_price_table text-center box-shadow-3-hover\">\n    <div class=\"pricing-table-header\">\n      <div class=\"title uppercase strong\">EMIRATS-SAOUDI<\/div>\n      <div class=\"price is-xxlarge\">$130<\/div>\n              <div class=\"description is-small\">\n          Duba\u00ef, Abu Dhabi, Tous les Saoudiens        <\/div>\n          <\/div>\n    <div class=\"pricing-table-items items\">\n      \n\n<div class=\"bullet-item tooltip has-hover\" title=\"1 carton peut contenir 30 KG. M\u00eame si votre commande est de 15 kg, vous paierez le m\u00eame prix\"><span class=\"text\">jusqu&#039;\u00e0 30 kg<\/span><span class=\"tag-label bullet-more-info circle\">?<\/span><\/div>\n\n<div class=\"bullet-item\" title=\"\"><span class=\"text\">Livraison porte \u00e0 porte<\/span><\/div>\n\n<div class=\"bullet-item\" title=\"\"><span class=\"text\">Des taxes peuvent s&#039;appliquer<\/span><\/div>\n\n<div class=\"bullet-item tooltip has-hover\" title=\"Le d\u00e9lai de livraison peut varier en fonction de la situation douani\u00e8re.\"><span class=\"text\">D\u00e9lai de livraison 1-7 jours<\/span><span class=\"tag-label bullet-more-info circle\">?<\/span><\/div>\n\n<div class=\"bullet-item\" title=\"\"><span class=\"text\">avec UPS et FedEx<\/span><\/div>\n\n\n    <\/div>\n      <\/div>\n<\/div>\n\n\n\n\t\t<\/div>\n\t\t\t\t\t<\/div>\n\n\t\n\n\t<div id=\"col-332365702\" class=\"col medium-4 small-12 large-4\"  >\n\t\t\t\t<div class=\"col-inner\"  >\n\t\t\t\n\t\t\t\n\n<div class=\"pricing-table-wrapper\">\n  <div class=\"pricing-table ux_price_table text-center box-shadow-3-hover\">\n    <div class=\"pricing-table-header\">\n      <div class=\"title uppercase strong\">ROYAUME-UNI<\/div>\n      <div class=\"price is-xxlarge\">\u00a3155<\/div>\n              <div class=\"description is-small\">\n          Angleterre, Irlande, Ecosse        <\/div>\n          <\/div>\n    <div class=\"pricing-table-items items\">\n      \n\n<div class=\"bullet-item tooltip has-hover\" title=\"1 carton peut contenir 30 KG. M\u00eame si votre commande est de 15 kg, vous paierez le m\u00eame prix\"><span class=\"text\">jusqu&#039;\u00e0 30 kg<\/span><span class=\"tag-label bullet-more-info circle\">?<\/span><\/div>\n\n<div class=\"bullet-item\" title=\"\"><span class=\"text\">Livraison porte \u00e0 porte<\/span><\/div>\n\n<div class=\"bullet-item\" title=\"\"><span class=\"text\">Des taxes peuvent s&#039;appliquer<\/span><\/div>\n\n<div class=\"bullet-item tooltip has-hover\" title=\"Le d\u00e9lai de livraison peut varier en fonction de la situation douani\u00e8re.\"><span class=\"text\">D\u00e9lai de livraison 1-7 jours<\/span><span class=\"tag-label bullet-more-info circle\">?<\/span><\/div>\n\n<div class=\"bullet-item\" title=\"\"><span class=\"text\">avec UPS et FedEx<\/span><\/div>\n\n\n    <\/div>\n      <\/div>\n<\/div>\n\n\n\n\t\t<\/div>\n\t\t\t\t\t<\/div>\n\n\t\n\n<\/div>\n\n  <div class=\"banner has-hover has-parallax\" id=\"banner-1788390357\">\n          <div class=\"banner-inner fill\">\n        <div class=\"banner-bg fill\" data-parallax=\"-5\" data-parallax-container=\".banner\" data-parallax-background>\n            <img loading=\"lazy\" decoding=\"async\" width=\"1020\" height=\"680\" src=\"https:\/\/hicabistan.com\/wp-content\/uploads\/2023\/01\/paper-box-packaging-delivery-concept-min-1200x800.jpg\" class=\"bg attachment-large size-large\" alt=\"livraison\" \/>                                    \n                    <\/div>\n\t\t\n        <div class=\"banner-layers container\">\n            <div class=\"fill banner-link\"><\/div>            \n\n   <div id=\"text-box-2030637201\" class=\"text-box banner-layer x50 md-x50 lg-x50 y90 md-y90 lg-y90 res-text\">\n                     <div data-animate=\"fadeInRight\">           <div class=\"text-box-content text dark\">\n              \n              <div class=\"text-inner text-center\">\n                  \n\n\t<div id=\"text-2381114357\" class=\"text\">\n\t\t\n\n<h3 class=\"uppercase\"><strong>100% Garantie de livraison<\/strong><\/h3>\n<p>Tous les produits que nous exp\u00e9dions sont assur\u00e9s et en cas de perte, votre argent vous sera rembours\u00e9 ou vos produits vous seront renvoy\u00e9s.<\/p>\n\t\t\n<style>\n#text-2381114357 {\n  text-align: center;\n  color: rgb(0,0,0);\n}\n#text-2381114357 > * {\n  color: rgb(0,0,0);\n}\n<\/style>\n\t<\/div>\n\t\n\n              <\/div>\n           <\/div>\n       <\/div>                     \n<style>\n#text-box-2030637201 {\n  width: 40%;\n}\n#text-box-2030637201 .text-box-content {\n  font-size: 100%;\n}\n<\/style>\n    <\/div>\n \n\n        <\/div>\n      <\/div>\n\n            \n<style>\n#banner-1788390357 {\n  padding-top: 234px;\n}\n#banner-1788390357 .banner-bg img {\n  object-position: 40% 60%;\n}\n<\/style>\n  <\/div>","protected":false},"excerpt":{"rendered":"","protected":false},"author":2,"featured_media":0,"parent":0,"menu_order":0,"comment_status":"closed","ping_status":"closed","template":"","meta":{"footnotes":""},"class_list":["post-557","page","type-page","status-publish","hentry"],"_links":{"self":[{"href":"https:\/\/hicabistan.com\/fr\/wp-json\/wp\/v2\/pages\/557","targetHints":{"allow":["GET"]}}],"collection":[{"href":"https:\/\/hicabistan.com\/fr\/wp-json\/wp\/v2\/pages"}],"about":[{"href":"https:\/\/hicabistan.com\/fr\/wp-json\/wp\/v2\/types\/page"}],"author":[{"embeddable":true,"href":"https:\/\/hicabistan.com\/fr\/wp-json\/wp\/v2\/users\/2"}],"replies":[{"embeddable":true,"href":"https:\/\/hicabistan.com\/fr\/wp-json\/wp\/v2\/comments?post=557"}],"version-history":[{"count":2,"href":"https:\/\/hicabistan.com\/fr\/wp-json\/wp\/v2\/pages\/557\/revisions"}],"predecessor-version":[{"id":6775,"href":"https:\/\/hicabistan.com\/fr\/wp-json\/wp\/v2\/pages\/557\/revisions\/6775"}],"wp:attachment":[{"href":"https:\/\/hicabistan.com\/fr\/wp-json\/wp\/v2\/media?parent=557"}],"curies":[{"name":"wp","href":"https:\/\/api.w.org\/{rel}","templated":true}]}}