{"id":88,"date":"2013-08-11T19:22:53","date_gmt":"2013-08-11T19:22:53","guid":{"rendered":"http:\/\/localhost:8888\/test\/?page_id=532"},"modified":"2022-10-28T14:34:27","modified_gmt":"2022-10-28T14:34:27","slug":"contact","status":"publish","type":"page","link":"https:\/\/hicabistan.com\/fr\/contact\/","title":{"rendered":"Contact"},"content":{"rendered":"<div class=\"row\"  id=\"row-545475675\">\n\n\n\t<div id=\"col-1618554751\" class=\"col medium-6 large-6\"  >\n\t\t\t\t<div class=\"col-inner\"  >\n\t\t\t\n\t\t\t\n\n<div class=\"container section-title-container\" ><h3 class=\"section-title section-title-normal\"><b aria-hidden=\"true\"><\/b><span class=\"section-title-main\" >Questions fr\u00e9quemment pos\u00e9es<\/span><b aria-hidden=\"true\"><\/b><\/h3><\/div>\n\n<p class=\"lead\">Veuillez lire notre FAQ avant de nous envoyer un message.<\/p>\n<div class=\"accordion\">\n\n\t<div id=\"accordion-917922792\" class=\"accordion-item\">\n\t\t<a id=\"accordion-917922792-label\" class=\"accordion-title plain\" href=\"#accordion-item-what-are-the-delivery-charges-for-orders-from-the-online-shop?\" aria-expanded=\"false\" aria-controls=\"accordion-917922792-content\">\n\t\t\t<button class=\"toggle\" aria-label=\"Basculer\"><i class=\"icon-angle-down\" aria-hidden=\"true\"><\/i><\/button>\n\t\t\t<span>Quels sont les frais de livraison pour les commandes pass\u00e9es sur la boutique en ligne ?<\/span>\n\t\t<\/a>\n\t\t<div id=\"accordion-917922792-content\" class=\"accordion-inner\" aria-labelledby=\"accordion-917922792-label\">\n\t\t\t\n\n<p><strong>30 KG 1 Carton 60x40x40<\/strong><\/p>\n<ol>\n<li>France,Belgique,Pays-Bas,Autriche,Allemagne : 75\u20ac<\/li>\n<li>Italie, Espagne : 100\u20ac<\/li>\n<li>Danemark,Su\u00e8de : 110\u20ac<\/li>\n<li>Angleterre, Irlande, Ecosse : 180\u20ac<\/li>\n<li>\u00c9tats-Unis, Canada\u00a0: 270$USD<\/li>\n<\/ol>\n\n\t\t<\/div>\n\t<\/div>\n\t\n\t<div id=\"accordion-2438779815\" class=\"accordion-item\">\n\t\t<a id=\"accordion-2438779815-label\" class=\"accordion-title plain\" href=\"#accordion-item-which-payment-methods-are-accepted-in-the-online-shop?\" aria-expanded=\"false\" aria-controls=\"accordion-2438779815-content\">\n\t\t\t<button class=\"toggle\" aria-label=\"Basculer\"><i class=\"icon-angle-down\" aria-hidden=\"true\"><\/i><\/button>\n\t\t\t<span>Quels modes de paiement sont accept\u00e9s dans la boutique en ligne ?<\/span>\n\t\t<\/a>\n\t\t<div id=\"accordion-2438779815-content\" class=\"accordion-inner\" aria-labelledby=\"accordion-2438779815-label\">\n\t\t\t\n\n<p>Virement bancaire, Western Union, Ria, TransferGo, TranferWise ( PayPal ne fonctionne malheureusement pas en Turquie depuis 2016 )<\/p>\n\n\t\t<\/div>\n\t<\/div>\n\t\n\t<div id=\"accordion-3988358814\" class=\"accordion-item\">\n\t\t<a id=\"accordion-3988358814-label\" class=\"accordion-title plain\" href=\"#accordion-item-how-long-will-delivery-take?\" aria-expanded=\"false\" aria-controls=\"accordion-3988358814-content\">\n\t\t\t<button class=\"toggle\" aria-label=\"Basculer\"><i class=\"icon-angle-down\" aria-hidden=\"true\"><\/i><\/button>\n\t\t\t<span>La livraison va prendre combien de temps?<\/span>\n\t\t<\/a>\n\t\t<div id=\"accordion-3988358814-content\" class=\"accordion-inner\" aria-labelledby=\"accordion-3988358814-label\">\n\t\t\t\n\n<p>Les colis vers l&#039;Europe prennent en moyenne 15 jours. Livraison dans d&#039;autres pays en moyenne 1 semaine<\/p>\n\n\t\t<\/div>\n\t<\/div>\n\t\n\t<div id=\"accordion-1514688100\" class=\"accordion-item\">\n\t\t<a id=\"accordion-1514688100-label\" class=\"accordion-title plain\" href=\"#accordion-item-how-secure-is-shopping-in-the-online-shop?-is-my-data-protected?\" aria-expanded=\"false\" aria-controls=\"accordion-1514688100-content\">\n\t\t\t<button class=\"toggle\" aria-label=\"Basculer\"><i class=\"icon-angle-down\" aria-hidden=\"true\"><\/i><\/button>\n\t\t\t<span>Dans quelle mesure les achats dans la boutique en ligne sont-ils s\u00e9curis\u00e9s ? Mes donn\u00e9es sont-elles prot\u00e9g\u00e9es ?<\/span>\n\t\t<\/a>\n\t\t<div id=\"accordion-1514688100-content\" class=\"accordion-inner\" aria-labelledby=\"accordion-1514688100-label\">\n\t\t\t\n\n<p>Nous sommes l&#039;une des rares entreprises qui travaillent officiellement certifi\u00e9es en Turquie. Une fois vos paiements effectu\u00e9s, nous vous enverrons une facture. Nous fournissons des paiements \u00e0 partir d&#039;applications de transfert d&#039;argent, et non via notre site Web.<\/p>\n\n\n\t\t<\/div>\n\t<\/div>\n\t\n\t<div id=\"accordion-3711450670\" class=\"accordion-item\">\n\t\t<a id=\"accordion-3711450670-label\" class=\"accordion-title plain\" href=\"#accordion-item-what-exactly-happens-after-ordering?\" aria-expanded=\"false\" aria-controls=\"accordion-3711450670-content\">\n\t\t\t<button class=\"toggle\" aria-label=\"Basculer\"><i class=\"icon-angle-down\" aria-hidden=\"true\"><\/i><\/button>\n\t\t\t<span>Que se passe-t-il exactement apr\u00e8s la commande ?<\/span>\n\t\t<\/a>\n\t\t<div id=\"accordion-3711450670-content\" class=\"accordion-inner\" aria-labelledby=\"accordion-3711450670-label\">\n\t\t\t\n\n<p>Quelques jours apr\u00e8s la pr\u00e9paration et l&#039;exp\u00e9dition de votre commande, nous vous enverrons le num\u00e9ro de suivi du fret et vous pourrez suivre vos commandes.<\/p>\n\n\t\t<\/div>\n\t<\/div>\n\t\n\t<div id=\"accordion-3169785269\" class=\"accordion-item\">\n\t\t<a id=\"accordion-3169785269-label\" class=\"accordion-title plain\" href=\"#accordion-item-do-i-receive-an-invoice-for-my-order?\" aria-expanded=\"false\" aria-controls=\"accordion-3169785269-content\">\n\t\t\t<button class=\"toggle\" aria-label=\"Basculer\"><i class=\"icon-angle-down\" aria-hidden=\"true\"><\/i><\/button>\n\t\t\t<span>Est-ce que je re\u00e7ois une facture pour ma commande ?<\/span>\n\t\t<\/a>\n\t\t<div id=\"accordion-3169785269-content\" class=\"accordion-inner\" aria-labelledby=\"accordion-3169785269-label\">\n\t\t\t\n\n<p>Nous vous enverrons une facture d\u00e8s r\u00e9ception de votre paiement sur notre compte. Vous pouvez envoyer cette facture \u00e0 votre comptable.<\/p>\n\n\t\t<\/div>\n\t<\/div>\n\t\n\n<\/div>\n\n\t\t<\/div>\n\t\t\t\t\t<\/div>\n\n\t\n\n\t<div id=\"col-1226358569\" class=\"col medium-6 large-6\"  >\n\t\t\t\t<div class=\"col-inner\"  >\n\t\t\t\n\t\t\t\n\n<div class=\"container section-title-container\" ><h3 class=\"section-title section-title-normal\"><b aria-hidden=\"true\"><\/b><span class=\"section-title-main\" >Envoyez-nous un e-mail<\/span><b aria-hidden=\"true\"><\/b><\/h3><\/div>\n\n<p>furkanaltunok@gmail.com<\/p>\n<p>Orucreis Mah. Teksilkent Sitesi A3 Blok No: 54 Istanbul\/Esenler<\/p>\n<p>( Bureau principal)<\/p>\n\n\t\t<\/div>\n\t\t\t\t\t<\/div>\n\n\t\n\n<\/div>\n<p>&nbsp;<\/p>","protected":false},"excerpt":{"rendered":"","protected":false},"author":2,"featured_media":16,"parent":0,"menu_order":0,"comment_status":"closed","ping_status":"closed","template":"page-blank.php","meta":{"footnotes":""},"class_list":["post-88","page","type-page","status-publish","has-post-thumbnail","hentry"],"_links":{"self":[{"href":"https:\/\/hicabistan.com\/fr\/wp-json\/wp\/v2\/pages\/88","targetHints":{"allow":["GET"]}}],"collection":[{"href":"https:\/\/hicabistan.com\/fr\/wp-json\/wp\/v2\/pages"}],"about":[{"href":"https:\/\/hicabistan.com\/fr\/wp-json\/wp\/v2\/types\/page"}],"author":[{"embeddable":true,"href":"https:\/\/hicabistan.com\/fr\/wp-json\/wp\/v2\/users\/2"}],"replies":[{"embeddable":true,"href":"https:\/\/hicabistan.com\/fr\/wp-json\/wp\/v2\/comments?post=88"}],"version-history":[{"count":0,"href":"https:\/\/hicabistan.com\/fr\/wp-json\/wp\/v2\/pages\/88\/revisions"}],"wp:featuredmedia":[{"embeddable":true,"href":"https:\/\/hicabistan.com\/fr\/wp-json\/wp\/v2\/media\/16"}],"wp:attachment":[{"href":"https:\/\/hicabistan.com\/fr\/wp-json\/wp\/v2\/media?parent=88"}],"curies":[{"name":"wp","href":"https:\/\/api.w.org\/{rel}","templated":true}]}}