{"id":90,"date":"2013-08-11T19:06:15","date_gmt":"2013-08-11T19:06:15","guid":{"rendered":"http:\/\/localhost:8888\/test\/?page_id=520"},"modified":"2022-10-28T14:15:16","modified_gmt":"2022-10-28T14:15:16","slug":"a-propos","status":"publish","type":"page","link":"https:\/\/hicabistan.com\/fr\/a-propos\/","title":{"rendered":"\u00c0 propos"},"content":{"rendered":"<div class=\"banner has-hover has-parallax\" id=\"banner-2113663869\">\n          <div class=\"banner-inner fill\">\n        <div class=\"banner-bg fill\" data-parallax=\"-3\" data-parallax-container=\".banner\" data-parallax-background>\n            <img loading=\"lazy\" decoding=\"async\" width=\"1000\" height=\"650\" src=\"https:\/\/hicabistan.com\/wp-content\/uploads\/2016\/08\/dummy-2.jpg\" class=\"bg attachment-large size-large\" alt=\"\" \/>                        <div class=\"overlay\"><\/div>            \n                    <\/div>\n\t\t\n        <div class=\"banner-layers container\">\n            <div class=\"fill banner-link\"><\/div>            \n\n   <div id=\"text-box-1820374048\" class=\"text-box banner-layer x50 md-x50 lg-x50 y80 md-y80 lg-y80 res-text\">\n                                <div class=\"text-box-content text dark\">\n              \n              <div class=\"text-inner text-center\">\n                  \n\n<h1 class=\"lead\">\u00c0 propos de nous<\/h1>\n<p class=\"lead\">&nbsp;<\/p>\n\n              <\/div>\n           <\/div>\n                            \n<style>\n#text-box-1820374048 {\n  width: 60%;\n}\n#text-box-1820374048 .text-box-content {\n  font-size: 100%;\n}\n<\/style>\n    <\/div>\n \n\n        <\/div>\n      <\/div>\n\n            \n<style>\n#banner-2113663869 {\n  padding-top: 500px;\n}\n#banner-2113663869 .overlay {\n  background-color: rgba(0, 0, 0, 0.49);\n}\n@media (min-width:550px) {\n  #banner-2113663869 {\n    padding-top: 507px;\n  }\n}\n<\/style>\n  <\/div>\n\n\n<div class=\"row\"  id=\"row-935638005\">\n\n\n\t<div id=\"col-345343836\" class=\"col small-12 large-12\"  >\n\t\t\t\t<div class=\"col-inner\"  >\n\t\t\t\n\t\t\t\n\n\t<div id=\"text-174244157\" class=\"text\">\n\t\t\n\n<p class=\"lead text-center\"><strong><img loading=\"lazy\" decoding=\"async\" class=\"alignnone  wp-image-270 alignright\" src=\"https:\/\/hicabistan.com\/wp-content\/uploads\/2022\/04\/light-mode-png.png\" alt=\"hicabistanlogo\" width=\"244\" height=\"66\" srcset=\"https:\/\/hicabistan.com\/wp-content\/uploads\/2022\/04\/light-mode-png.png 318w, https:\/\/hicabistan.com\/wp-content\/uploads\/2022\/04\/light-mode-png-247x67.png 247w\" sizes=\"auto, (max-width: 244px) 100vw, 244px\" \/><\/strong><\/p>\n<h3 class=\"lead text-center\">Notre soci\u00e9t\u00e9, qui produit des textiles et des tissus depuis 2001, est entr\u00e9e dans le secteur Modesty depuis 2004. Notre usine de vente en gros de hijab, qui s&#039;est d&#039;abord ouverte aux pays asiatiques, puis \u00e0 l&#039;Europe, \u00e0 l&#039;Am\u00e9rique et \u00e0 l&#039;Australie, est connue comme l&#039;une des meilleures usines. dans le secteur depuis de nombreuses ann\u00e9es.<\/h3>\n<p>&nbsp;<\/p>\n<h3><img loading=\"lazy\" decoding=\"async\" class=\"size-medium wp-image-308 alignright\" src=\"https:\/\/hicabistan.com\/wp-content\/uploads\/2022\/04\/altin-varakli-osmanli-ferace-ve-sal-1299-60610-323771-30-B-267x400.jpg\" alt=\"abaya1\" width=\"267\" height=\"400\" srcset=\"https:\/\/hicabistan.com\/wp-content\/uploads\/2022\/04\/altin-varakli-osmanli-ferace-ve-sal-1299-60610-323771-30-B-267x400.jpg 267w, https:\/\/hicabistan.com\/wp-content\/uploads\/2022\/04\/altin-varakli-osmanli-ferace-ve-sal-1299-60610-323771-30-B-247x371.jpg 247w, https:\/\/hicabistan.com\/wp-content\/uploads\/2022\/04\/altin-varakli-osmanli-ferace-ve-sal-1299-60610-323771-30-B-510x765.jpg 510w, https:\/\/hicabistan.com\/wp-content\/uploads\/2022\/04\/altin-varakli-osmanli-ferace-ve-sal-1299-60610-323771-30-B-533x800.jpg 533w, https:\/\/hicabistan.com\/wp-content\/uploads\/2022\/04\/altin-varakli-osmanli-ferace-ve-sal-1299-60610-323771-30-B-768x1152.jpg 768w, https:\/\/hicabistan.com\/wp-content\/uploads\/2022\/04\/altin-varakli-osmanli-ferace-ve-sal-1299-60610-323771-30-B-1024x1536.jpg 1024w, https:\/\/hicabistan.com\/wp-content\/uploads\/2022\/04\/altin-varakli-osmanli-ferace-ve-sal-1299-60610-323771-30-B-600x900.jpg 600w, https:\/\/hicabistan.com\/wp-content\/uploads\/2022\/04\/altin-varakli-osmanli-ferace-ve-sal-1299-60610-323771-30-B.jpg 1200w\" sizes=\"auto, (max-width: 267px) 100vw, 267px\" \/><\/h3>\n<h3>Avec plus de 5000 produits en stock, nous proposons \u00e0 nos clients une large gamme de produits. Nous pouvons r\u00e9aliser des productions sp\u00e9ciales pour nos clients s&#039;ils le souhaitent. Notre premi\u00e8re priorit\u00e9 avec nos clients est de continuer notre activit\u00e9 pendant de nombreuses ann\u00e9es. Comme dans toute entreprise, nous, en tant que fournisseur, devons vous aider \u00e0 gagner sur votre propre march\u00e9, et de cette fa\u00e7on, nous pouvons r\u00e9aliser un profit commun.<\/h3>\n<p>&nbsp;<\/p>\n<h2 style=\"text-align: left;\"><strong>Certains domaines dans lesquels nous travaillons<\/strong><\/h2>\n<ul>\n<li style=\"text-align: left;\">\n<h3>Vente en gros Hijab<\/h3>\n<\/li>\n<li style=\"text-align: left;\">\n<h3>Abaya en gros<\/h3>\n<\/li>\n<li style=\"text-align: left;\">\n<h3>Cadeaux islamiques en gros<\/h3>\n<\/li>\n<li style=\"text-align: left;\">\n<h3>Vente en gros Saint Coran<\/h3>\n<\/li>\n<li style=\"text-align: left;\">\n<h3>Gros Sac<\/h3>\n<\/li>\n<li style=\"text-align: left;\">\n<h3>Bo\u00eete-cadeau en gros<\/h3>\n<\/li>\n<li style=\"text-align: left;\">\n<h3>V\u00eatements en gros<\/h3>\n<\/li>\n<li>\n<h3 style=\"text-align: left;\">S\u00e9ance photo<\/h3>\n<\/li>\n<\/ul>\n<p>&nbsp;<\/p>\n<p>&nbsp;<\/p>\n<h2>Proc\u00e9dure d&#039;achat<\/h2>\n<h3>Tous les produits que nous vendons sont vendus en gros, mais nos clients peuvent \u00e9galement acheter au d\u00e9tail s&#039;ils le souhaitent. Les cargaisons que nous envoyons sont assur\u00e9es 100% aupr\u00e8s d&#039;une compagnie de renomm\u00e9e mondiale. Si vous rencontrez des probl\u00e8mes avec les produits que vous avez re\u00e7us, vous pouvez r\u00e9soudre votre probl\u00e8me en contactant le service commercial de notre soci\u00e9t\u00e9. Nous donnons une garantie de satisfaction \u00e0 tous nos clients.<\/h3>\n<p><img loading=\"lazy\" decoding=\"async\" class=\"alignnone size-medium wp-image-309\" src=\"https:\/\/hicabistan.com\/wp-content\/uploads\/2022\/04\/Group-1-2048x359-1-800x140.png\" alt=\"Compagnie de livraison\" width=\"800\" height=\"140\" srcset=\"https:\/\/hicabistan.com\/wp-content\/uploads\/2022\/04\/Group-1-2048x359-1-800x140.png 800w, https:\/\/hicabistan.com\/wp-content\/uploads\/2022\/04\/Group-1-2048x359-1-247x43.png 247w, https:\/\/hicabistan.com\/wp-content\/uploads\/2022\/04\/Group-1-2048x359-1-510x89.png 510w, https:\/\/hicabistan.com\/wp-content\/uploads\/2022\/04\/Group-1-2048x359-1-1400x245.png 1400w, https:\/\/hicabistan.com\/wp-content\/uploads\/2022\/04\/Group-1-2048x359-1-768x135.png 768w, https:\/\/hicabistan.com\/wp-content\/uploads\/2022\/04\/Group-1-2048x359-1-1536x269.png 1536w, https:\/\/hicabistan.com\/wp-content\/uploads\/2022\/04\/Group-1-2048x359-1-600x105.png 600w, https:\/\/hicabistan.com\/wp-content\/uploads\/2022\/04\/Group-1-2048x359-1.png 2048w\" sizes=\"auto, (max-width: 800px) 100vw, 800px\" \/><\/p>\n\t\t\n<style>\n#text-174244157 {\n  text-align: center;\n}\n@media (min-width:550px) {\n  #text-174244157 {\n    text-align: center;\n  }\n}\n<\/style>\n\t<\/div>\n\t\n<div class=\"text-center\"><div class=\"is-divider divider clearfix\" ><\/div><\/div>\n\n\n\t\t<\/div>\n\t\t\t\t\t<\/div>\n\n\t\n\n<\/div>","protected":false},"excerpt":{"rendered":"","protected":false},"author":2,"featured_media":16,"parent":0,"menu_order":0,"comment_status":"closed","ping_status":"closed","template":"page-transparent-header-light.php","meta":{"footnotes":""},"class_list":["post-90","page","type-page","status-publish","has-post-thumbnail","hentry"],"_links":{"self":[{"href":"https:\/\/hicabistan.com\/fr\/wp-json\/wp\/v2\/pages\/90","targetHints":{"allow":["GET"]}}],"collection":[{"href":"https:\/\/hicabistan.com\/fr\/wp-json\/wp\/v2\/pages"}],"about":[{"href":"https:\/\/hicabistan.com\/fr\/wp-json\/wp\/v2\/types\/page"}],"author":[{"embeddable":true,"href":"https:\/\/hicabistan.com\/fr\/wp-json\/wp\/v2\/users\/2"}],"replies":[{"embeddable":true,"href":"https:\/\/hicabistan.com\/fr\/wp-json\/wp\/v2\/comments?post=90"}],"version-history":[{"count":0,"href":"https:\/\/hicabistan.com\/fr\/wp-json\/wp\/v2\/pages\/90\/revisions"}],"wp:featuredmedia":[{"embeddable":true,"href":"https:\/\/hicabistan.com\/fr\/wp-json\/wp\/v2\/media\/16"}],"wp:attachment":[{"href":"https:\/\/hicabistan.com\/fr\/wp-json\/wp\/v2\/media?parent=90"}],"curies":[{"name":"wp","href":"https:\/\/api.w.org\/{rel}","templated":true}]}}