{"id":1281,"date":"2023-01-31T00:33:03","date_gmt":"2023-01-31T00:33:03","guid":{"rendered":"https:\/\/hicabistan.com\/?post_type=product&#038;p=1281"},"modified":"2024-10-09T10:45:53","modified_gmt":"2024-10-09T10:45:53","slug":"khimar-medina-silk","status":"publish","type":"product","link":"https:\/\/hicabistan.com\/fr\/khimar-medina-silk\/","title":{"rendered":"Khimar Soie de M\u00e9dine"},"content":{"rendered":"<div style=\"width: 480px;\" class=\"wp-video\"><video class=\"wp-video-shortcode\" id=\"video-1281-1\" width=\"480\" height=\"848\" preload=\"metadata\" controls=\"controls\"><source type=\"video\/mp4\" src=\"https:\/\/hicabistan.com\/wp-content\/uploads\/2023\/01\/WhatsApp-Video-2023-01-25-at-14.53.26.mp4?_=1\" \/><a href=\"https:\/\/hicabistan.com\/wp-content\/uploads\/2023\/01\/WhatsApp-Video-2023-01-25-at-14.53.26.mp4\">https:\/\/hicabistan.com\/wp-content\/uploads\/2023\/01\/WhatsApp-Video-2023-01-25-at-14.53.26.mp4<\/a><\/video><\/div>\n<p>Offrez-vous une mise \u00e0 niveau de style avec notre superbe collection Khimar Soie de M\u00e9dine ! Dot\u00e9e de tissus l\u00e9gers et respirants, ainsi que d'une \u00e9l\u00e9gance intemporelle et d'un style in\u00e9gal\u00e9, cette collection est parfaite pour toutes les occasions.<\/p>\n<figure id=\"attachment_1139\" aria-describedby=\"caption-attachment-1139\" style=\"width: 400px\" class=\"wp-caption alignright\"><img loading=\"lazy\" decoding=\"async\" class=\"wp-image-1139 size-medium\" src=\"https:\/\/hicabistan.com\/wp-content\/uploads\/2023\/01\/khimar-one-2-400x400.jpg\" alt=\"Khimar Soie de M\u00e9dine\" width=\"400\" height=\"400\" srcset=\"https:\/\/hicabistan.com\/wp-content\/uploads\/2023\/01\/khimar-one-2-400x400.jpg 400w, https:\/\/hicabistan.com\/wp-content\/uploads\/2023\/01\/khimar-one-2-247x247.jpg 247w, https:\/\/hicabistan.com\/wp-content\/uploads\/2023\/01\/khimar-one-2-100x100.jpg 100w, https:\/\/hicabistan.com\/wp-content\/uploads\/2023\/01\/khimar-one-2-510x510.jpg 510w, https:\/\/hicabistan.com\/wp-content\/uploads\/2023\/01\/khimar-one-2-800x800.jpg 800w, https:\/\/hicabistan.com\/wp-content\/uploads\/2023\/01\/khimar-one-2-280x280.jpg 280w, https:\/\/hicabistan.com\/wp-content\/uploads\/2023\/01\/khimar-one-2-768x768.jpg 768w, https:\/\/hicabistan.com\/wp-content\/uploads\/2023\/01\/khimar-one-2-1536x1536.jpg 1536w, https:\/\/hicabistan.com\/wp-content\/uploads\/2023\/01\/khimar-one-2.jpg 1600w\" sizes=\"auto, (max-width: 400px) 100vw, 400px\" \/><figcaption id=\"caption-attachment-1139\" class=\"wp-caption-text\">Khimar Soie de M\u00e9dine<\/figcaption><\/figure>\n<h1>En savoir plus sur les avantages de Khimar Soie de M\u00e9dine<\/h1>\n<p>Notre collection Khimar Soie de M\u00e9dine est non seulement parfaite pour toutes les occasions, mais offre \u00e9galement de nombreux avantages. Le tissu l\u00e9ger signifie que vous resterez au frais et \u00e0 l'aise toute la journ\u00e9e et les mat\u00e9riaux respirants signifient que cet ensemble sera parfait pour les jours d'\u00e9t\u00e9. De plus, avec ses designs classiques, vous pouvez facilement associer ces pi\u00e8ces \u00e0 une vari\u00e9t\u00e9 d'autres basiques de garde-robe pour cr\u00e9er l'ensemble \u00e0 la mode ultime pour une soir\u00e9e ou tout \u00e9v\u00e9nement sp\u00e9cial.<\/p>\n<h2>Explorez nos diff\u00e9rents styles et collections<\/h2>\n<p>Que vous recherchiez quelque chose d'intemporel et gracieux ou quelque chose de moderne et audacieux, notre collection en gros Khimar Soie de M\u00e9dine a tout ce dont vous avez besoin. Avec de nombreux styles et collections diff\u00e9rents, vous pouvez trouver l'ensemble parfait pour correspondre \u00e0 votre look et \u00e0 votre style de vie. Des imprim\u00e9s captivants aux solides vibrants, trouvez le style parfait qui vous convient et restez toujours \u00e0 la mode et confortable.<\/p>\n<h2>Choisissez la bonne taille pour un maximum de confort<\/h2>\n<p>Lorsqu'il s'agit de choisir le khimaar parfait, la taille est un facteur essentiel. La meilleure fa\u00e7on de choisir la bonne taille de Khimar Soie de M\u00e9dine est de prendre vos mensurations avec pr\u00e9cision, puis de consulter notre tableau des tailles pour trouver la coupe parfaite. En choisissant la bonne taille, vous b\u00e9n\u00e9ficierez d'un confort maximal et vous aurez fi\u00e8re allure sous tous les angles dans cette superbe collection.<\/p>\n<h2>Faites l&#039;exp\u00e9rience d&#039;une qualit\u00e9 et d&#039;une durabilit\u00e9 in\u00e9gal\u00e9es<\/h2>\n<p>Notre collection Khimar Soie de M\u00e9dine est fabriqu\u00e9e avec des mat\u00e9riaux de premier ordre, garantissant une qualit\u00e9 accrue et un confort exceptionnel. Cette collection polyvalente est \u00e9galement con\u00e7ue pour durer et r\u00e9sister aux \u00e9l\u00e9ments, afin que vous puissiez profiter d'une silhouette intemporelle sans vous sentir limit\u00e9 par les conditions m\u00e9t\u00e9orologiques ou environnementales. Gr\u00e2ce \u00e0 sa conception durable, vous pouvez le porter en toute occasion - d'une journ\u00e9e d\u00e9contract\u00e9e \u00e0 une soir\u00e9e \u00e9l\u00e9gante ou un \u00e9v\u00e9nement festif.<\/p>\n<h2>Cr\u00e9ez des looks \u00e9l\u00e9gants avec facilit\u00e9 et commodit\u00e9<\/h2>\n<p>Notre collection Khimar Soie de M\u00e9dine vous permet de cr\u00e9er des looks \u00e9l\u00e9gants avec facilit\u00e9 et commodit\u00e9. Le tissu est l\u00e9ger et respirant, ce qui permet de superposer facilement des pi\u00e8ces pour cr\u00e9er de superbes tenues qui conviennent \u00e0 toutes les occasions, d'une r\u00e9union formelle \u00e0 une journ\u00e9e d\u00e9contract\u00e9e. La polyvalence du Khimar <a href=\"https:\/\/hicabistan.com\/fr\/medina-silk-hijab\/\">M\u00e9dine<\/a> signifie que vous pouvez facilement passer d&#039;un look \u00e0 l&#039;autre pour tout ce que votre journ\u00e9e vous r\u00e9serve, offrant un maximum de confort en cours de route.<\/p>\n<p>&nbsp;<\/p>","protected":false},"excerpt":{"rendered":"<p>Give yourself a style upgrade with our stunning Khimar Medina Silk collection! Featuring lightweight and breathable fabrics, along with timeless elegance and unmatched style, this collection is perfect for any occasion. Learn about the Benefits of Khimar Medina Silk Our Khimar Medina Silk collection is not only perfect for any occasion but also provides numerous [&#8230;]\n","protected":false},"featured_media":1571,"comment_status":"open","ping_status":"closed","template":"","meta":[],"product_brand":[],"product_cat":[132],"product_tag":[136,135,134],"class_list":{"0":"post-1281","1":"product","2":"type-product","3":"status-publish","4":"has-post-thumbnail","6":"product_cat-khimar","7":"product_tag-khimar","8":"product_tag-khimar-medina-silk","9":"product_tag-wholesale-khimar","11":"first","12":"instock","13":"shipping-taxable","14":"purchasable","15":"product-type-simple"},"_links":{"self":[{"href":"https:\/\/hicabistan.com\/fr\/wp-json\/wp\/v2\/product\/1281","targetHints":{"allow":["GET"]}}],"collection":[{"href":"https:\/\/hicabistan.com\/fr\/wp-json\/wp\/v2\/product"}],"about":[{"href":"https:\/\/hicabistan.com\/fr\/wp-json\/wp\/v2\/types\/product"}],"replies":[{"embeddable":true,"href":"https:\/\/hicabistan.com\/fr\/wp-json\/wp\/v2\/comments?post=1281"}],"wp:featuredmedia":[{"embeddable":true,"href":"https:\/\/hicabistan.com\/fr\/wp-json\/wp\/v2\/media\/1571"}],"wp:attachment":[{"href":"https:\/\/hicabistan.com\/fr\/wp-json\/wp\/v2\/media?parent=1281"}],"wp:term":[{"taxonomy":"product_brand","embeddable":true,"href":"https:\/\/hicabistan.com\/fr\/wp-json\/wp\/v2\/product_brand?post=1281"},{"taxonomy":"product_cat","embeddable":true,"href":"https:\/\/hicabistan.com\/fr\/wp-json\/wp\/v2\/product_cat?post=1281"},{"taxonomy":"product_tag","embeddable":true,"href":"https:\/\/hicabistan.com\/fr\/wp-json\/wp\/v2\/product_tag?post=1281"}],"curies":[{"name":"wp","href":"https:\/\/api.w.org\/{rel}","templated":true}]}}