{"id":472,"date":"2023-08-15T19:27:34","date_gmt":"2023-08-15T19:27:34","guid":{"rendered":"https:\/\/hicabistan.com\/?post_type=product&#038;p=472"},"modified":"2024-10-09T10:45:52","modified_gmt":"2024-10-09T10:45:52","slug":"hijab-medina-silk","status":"publish","type":"product","link":"https:\/\/hicabistan.com\/fr\/hijab-medina-silk\/","title":{"rendered":"Lux Hijab Soie de M\u00e9dine"},"content":{"rendered":"<h1><strong>Grossiste Hijab Soie de m\u00e9dine<\/strong><\/h1>\n<p>Avec 63 options de couleurs diff\u00e9rentes, vous pouvez acheter le nombre de couleurs que vous souhaitez. Plus vous achetez de pi\u00e8ces, moins c'est cher par pi\u00e8ce. Si vous recherchez une entreprise de hijab qui ajoute \u00e9l\u00e9gance et style, la marque Hicabistan Hijab Soie de m\u00e9dine est le choix parfait. Avec son tissu luxueux et ses critiques cinq \u00e9toiles, ce hijab vous permet d'\u00eatre \u00e0 votre meilleur tout en restant modeste. Lisez la suite pour en savoir plus sur Medina Silk Hijab Wholesale et prendre une d\u00e9cision \u00e9clair\u00e9e gr\u00e2ce \u00e0 notre guide de l'acheteur ultime.<\/p>\n<figure id=\"attachment_806\" aria-describedby=\"caption-attachment-806\" style=\"width: 444px\" class=\"wp-caption alignright\"><img loading=\"lazy\" decoding=\"async\" class=\"wp-image-806\" src=\"https:\/\/hicabistan.com\/wp-content\/uploads\/2022\/11\/MRV_0023-min-600x400.jpg\" alt=\"Grossiste Hijab Soie de m\u00e9dine\" width=\"444\" height=\"296\" srcset=\"https:\/\/hicabistan.com\/wp-content\/uploads\/2022\/11\/MRV_0023-min-600x400.jpg 600w, https:\/\/hicabistan.com\/wp-content\/uploads\/2022\/11\/MRV_0023-min-scaled-247x165.jpg 247w, https:\/\/hicabistan.com\/wp-content\/uploads\/2022\/11\/MRV_0023-min-scaled-510x340.jpg 510w, https:\/\/hicabistan.com\/wp-content\/uploads\/2022\/11\/MRV_0023-min-1200x800.jpg 1200w, https:\/\/hicabistan.com\/wp-content\/uploads\/2022\/11\/MRV_0023-min-768x512.jpg 768w, https:\/\/hicabistan.com\/wp-content\/uploads\/2022\/11\/MRV_0023-min-1536x1024.jpg 1536w, https:\/\/hicabistan.com\/wp-content\/uploads\/2022\/11\/MRV_0023-min-2048x1365.jpg 2048w\" sizes=\"auto, (max-width: 444px) 100vw, 444px\" \/><figcaption id=\"caption-attachment-806\" class=\"wp-caption-text\">Grossiste Hijab Soie de m\u00e9dine<\/figcaption><\/figure>\n<h2>Qu'est-ce que le Hijab Soie de M\u00e9dine ?<\/h2>\n<p>Les Hijab Soie de M\u00e9dine sont des hijabs fabriqu\u00e9s \u00e0 partir de tissu en soie de haute qualit\u00e9 qui offrent un ajustement luxueux et confortable. Ces hijabs se d\u00e9clinent en plusieurs nuances et styles diff\u00e9rents, tels que des couleurs unies, des volants et de la Enfiler Hijab Soie de m\u00e9dine. Non seulement ces hijabs sont \u00e9l\u00e9gants et luxueux, mais ils offrent \u00e9galement une excellente protection contre les rayons du soleil avec un indice SPF de 50+. Avec son design moderne et sa fabrication de qualit\u00e9, ce hijab ajoutera une touche d'\u00e9l\u00e9gance \u00e0 votre garde-robe.<\/p>\n<h3>Styles et styles de hijabs<\/h3>\n<p>Les Hijab Soie de M\u00e9dine sont disponibles dans une vari\u00e9t\u00e9 de styles pour s'adapter \u00e0 de nombreux looks diff\u00e9rents. Que vous recherchiez un look classique et \u00e9l\u00e9gant ou quelque chose de plus moderne, il y a un hijab qui fera l'affaire. Les hijabs de couleur unie sont parfaits pour ceux qui veulent un style minimaliste \u00e9l\u00e9gant, tandis que les mod\u00e8les volants offrent une esth\u00e9tique plus audacieuse. De plus, la soie m\u00e9dina instantan\u00e9e ajoute un air amusant et ludique \u00e0 n'importe quelle tenue. Avec ces options \u00e9l\u00e9gantes parmi lesquelles choisir, vous pouvez facilement choisir le hijab parfait pour toutes les occasions.<\/p>\n<h3>Quelles sont les dimensions?<\/h3>\n<p>Les dimensions g\u00e9n\u00e9rales de nos hijabs sont de 75\u00d7190. \u00c9tant donn\u00e9 que nous avons fabriqu\u00e9 nos produits avec un tissu et une m\u00e9thode de couture de la plus haute qualit\u00e9, nous avons maintenu le poids du produit \u00e0 un niveau id\u00e9al. Nous ne faisons que 190 cm car le produit est plus lourd. Vous pouvez trouver 200 cm chez diff\u00e9rents fournisseurs de hijab en gros, mais le poids est plus l\u00e9ger et la qualit\u00e9 du tissu est inf\u00e9rieure.<\/p>\n<h4><strong>Connaissez vos tissus et votre qualit\u00e9<\/strong><\/h4>\n<p>Lorsque vous magasinez pour un Hijab Medina Silk en gros, il est important de savoir quel type de tissus et quelle qualit\u00e9 vous obtenez. Les hijabs en soie Medina sont fabriqu\u00e9s \u00e0 partir de soie de m\u00fbrier naturelle 100% qui est solide, l\u00e9g\u00e8re et durable. Les soies de qualit\u00e9 sont \u00e9galement respirantes et l\u00e9g\u00e8res, et elles peuvent vous garder au frais par temps chaud. De plus, ils sont disponibles dans une vari\u00e9t\u00e9 de textures telles que des satins mats ou des mousselines qui ajoutent du luxe. Recherchez des hijabs avec des colorants test\u00e9s pour vous assurer que la couleur durera plus longtemps.<\/p>\n<h5><em><strong>Entretien et maintenance du Hijab Soie de M\u00e9dine<\/strong><\/em><\/h5>\n<p>Les instructions d'entretien de votre foulard en Hijab Soie de M\u00e9dine d\u00e9pendent du type de tissu \u00e0 partir duquel il est fabriqu\u00e9. En r\u00e8gle g\u00e9n\u00e9rale, il est pr\u00e9f\u00e9rable de laver votre hijab \u00e0 la main \u00e0 l'eau froide et de le s\u00e9cher \u00e0 l'air libre, car le lavage en machine peut endommager le tissu d\u00e9licat. Utilisez toujours un d\u00e9tergent doux et suivez les instructions fournies avec votre hijab ; certains tissus peuvent n\u00e9cessiter des m\u00e9thodes d'entretien sp\u00e9ciales comme le repassage ou le nettoyage \u00e0 sec.<\/p>","protected":false},"excerpt":{"rendered":"<p>Wholesale Hijab Medina Silk With 63 different color options, you can buy any number of colors you want. The more pieces you buy, the cheaper it is per piece. If you&#8217;re looking for a hijab company that adds elegance and style, the Hicabistan brand Hijab Medina Silk is the perfect choice. With its luxurious fabric [&#8230;]\n","protected":false},"featured_media":6459,"comment_status":"open","ping_status":"closed","template":"","meta":[],"product_brand":[],"product_cat":[72],"product_tag":[105,107,106],"class_list":{"0":"post-472","1":"product","2":"type-product","3":"status-publish","4":"has-post-thumbnail","6":"product_cat-medina-silk-hijab","7":"product_tag-hijab-medina-silk","8":"product_tag-medina-silk-hijab","9":"product_tag-wholesale-hijab-medina-silk","11":"first","12":"instock","13":"shipping-taxable","14":"purchasable","15":"product-type-simple"},"_links":{"self":[{"href":"https:\/\/hicabistan.com\/fr\/wp-json\/wp\/v2\/product\/472","targetHints":{"allow":["GET"]}}],"collection":[{"href":"https:\/\/hicabistan.com\/fr\/wp-json\/wp\/v2\/product"}],"about":[{"href":"https:\/\/hicabistan.com\/fr\/wp-json\/wp\/v2\/types\/product"}],"replies":[{"embeddable":true,"href":"https:\/\/hicabistan.com\/fr\/wp-json\/wp\/v2\/comments?post=472"}],"wp:featuredmedia":[{"embeddable":true,"href":"https:\/\/hicabistan.com\/fr\/wp-json\/wp\/v2\/media\/6459"}],"wp:attachment":[{"href":"https:\/\/hicabistan.com\/fr\/wp-json\/wp\/v2\/media?parent=472"}],"wp:term":[{"taxonomy":"product_brand","embeddable":true,"href":"https:\/\/hicabistan.com\/fr\/wp-json\/wp\/v2\/product_brand?post=472"},{"taxonomy":"product_cat","embeddable":true,"href":"https:\/\/hicabistan.com\/fr\/wp-json\/wp\/v2\/product_cat?post=472"},{"taxonomy":"product_tag","embeddable":true,"href":"https:\/\/hicabistan.com\/fr\/wp-json\/wp\/v2\/product_tag?post=472"}],"curies":[{"name":"wp","href":"https:\/\/api.w.org\/{rel}","templated":true}]}}