{"id":519,"date":"2022-12-28T14:42:19","date_gmt":"2022-12-28T14:42:19","guid":{"rendered":"https:\/\/hicabistan.com\/?post_type=product&#038;p=519"},"modified":"2024-10-09T10:45:54","modified_gmt":"2024-10-09T10:45:54","slug":"instant-chiffon-hijab","status":"publish","type":"product","link":"https:\/\/hicabistan.com\/fr\/instant-chiffon-hijab\/","title":{"rendered":"Hijab Enfiler Mousseline"},"content":{"rendered":"<p>Si vous cherchez un moyen simple mais \u00e9l\u00e9gant de compl\u00e9ter votre tenue, le hijab enfiler en mousseline est la solution parfaite. Des looks d\u00e9contract\u00e9s au quotidien aux superbes ensembles de soir\u00e9e, ce hijab polyvalent vous aidera \u00e0 cr\u00e9er tout type de look que vous d\u00e9sirez. D\u00e9couvrez-le aujourd'hui et commencez \u00e0 vous sentir confiant dans votre look hijab \u00e9l\u00e9gant\u00a0!<\/p>\n<figure id=\"attachment_1111\" aria-describedby=\"caption-attachment-1111\" style=\"width: 267px\" class=\"wp-caption alignright\"><img loading=\"lazy\" decoding=\"async\" class=\"wp-image-1111 size-medium\" src=\"https:\/\/hicabistan.com\/wp-content\/uploads\/2022\/12\/WhatsApp-Image-2023-01-30-at-12.40.04-267x400.jpeg\" alt=\"Hijab Enfiler Mousseline\" width=\"267\" height=\"400\" \/><figcaption id=\"caption-attachment-1111\" class=\"wp-caption-text\">Hijab Enfiler Mousseline<\/figcaption><\/figure>\n<h1>Choisissez votre look de hijab instantan\u00e9 en mousseline de soie pr\u00e9f\u00e9r\u00e9<\/h1>\n<p>Avec autant d&#039;options en mati\u00e8re de hijabs instantan\u00e9s en mousseline de soie, il est facile de se laisser submerger par le nombre de choix. Pour vous assurer d&#039;\u00eatre \u00e0 votre meilleur, prenez le temps de d\u00e9cider du type de style que vous voulez \u2013 optez-vous pour quelque chose de classique et de sobre, de f\u00e9roce et de moderne, ou m\u00eame d&#039;un peu audacieux ? Une fois que vous avez identifi\u00e9 le style que vous visez, il vous sera facile de choisir le hijab parfait.<\/p>\n<h2>Obtenez l&#039;ajustement parfait du hijab pour un maximum de confort<\/h2>\n<p>Un bon <a href=\"https:\/\/hicabistan.com\/fr\/hijab\/\">hijab<\/a> l&#039;ajustement est essentiel pour vous assurer d&#039;\u00eatre \u00e0 votre meilleur. Un hijab instantan\u00e9 en mousseline de soie doit \u00eatre bien ajust\u00e9 sur les c\u00f4t\u00e9s de votre t\u00eate sans renflements ind\u00e9sirables ni glissement du hijab. S&#039;il est trop serr\u00e9, il peut devenir inconfortable, et s&#039;il est trop l\u00e2che, il ne fera pas son travail pour couvrir vos cheveux et votre cou. Pour obtenir un ajustement pr\u00e9cis, vous devrez peut-\u00eatre essayer diff\u00e9rentes tailles avant de choisir celle qui vous conviendra le mieux. Une fois que vous avez obtenu l&#039;ajustement parfait, n&#039;oubliez pas de le sceller avec des \u00e9pingles pour que tout reste en place toute la journ\u00e9e !<\/p>\n<h2>Rock n&#039;importe quelle occasion avec des styles instantan\u00e9s faciles<\/h2>\n<p>Obtenez le look hijabi parfait pour toutes les occasions et portez-le avec style. Ayez instantan\u00e9ment un look chic et glamour en quelques \u00e9tapes seulement. Un hijab instantan\u00e9 en mousseline de soie peut \u00eatre disponible dans diff\u00e9rentes nuances et textures, habiller n&#039;importe quelle tenue et vous rendre belle \u00e0 chaque fois. Que vous assistiez \u00e0 un mariage, \u00e0 une r\u00e9union religieuse ou que vous sortiez simplement prendre un caf\u00e9 avec des amis, soyez confiant en sachant que votre hijab ne manquera jamais d&#039;impressionner\u00a0!<\/p>\n<h2>Rehaussez votre look avec des combinaisons de couleurs Mix-and-Match<\/h2>\n<p>Cr\u00e9ez diff\u00e9rents styles de hijab simplement en m\u00e9langeant et en assortissant les diff\u00e9rentes couleurs que vous avez. Exp\u00e9rimentez avec des teintes plus claires et plus fonc\u00e9es, ou optez m\u00eame pour des hijabs aux couleurs pastel pour une touche de douceur. M\u00e9langez des imprim\u00e9s tels que des rayures et des pois, ou optez pour le monochrome avec tous les hijabs textur\u00e9s blancs ou noirs. Vous pouvez \u00e9galement cr\u00e9er des combinaisons de couleurs amusantes pour vraiment vous d\u00e9marquer de la foule ! Amusez-vous tout en vous coiffant avec des hijabs instantan\u00e9s en mousseline de soie aujourd&#039;hui\u00a0!<\/p>\n<h2>Toujours briller dans des silhouettes intelligentes et des designs intemporels<\/h2>\n<p>Avec les hijabs instantan\u00e9s en mousseline de soie, vous n&#039;avez pas \u00e0 vous soucier de l&#039;uniformit\u00e9 et de la monotonie, stylisez vos hijabs avec les designs les plus tendances pour un look fabuleux en toute occasion. Vous pouvez donner une touche unique \u00e0 vos looks de tous les jours en jouant avec diff\u00e9rentes formes et silhouettes. Commencez par un hijab \u00e0 plis fronc\u00e9s dans des couleurs classiques noires ou marron, ou choisissez des hijabs fluides en georgette pour les occasions qui demandent plus de fluidit\u00e9 et d&#039;\u00e9l\u00e9gance. Montrez votre flamboyance tout en vous couvrant avec des versions \u00e0 capuche de hijabs instantan\u00e9s en mousseline !<\/p>","protected":false},"excerpt":{"rendered":"<p>If you&#8217;re looking for an effortless yet elegant way to complete your outfit, then the instant chiffon hijab is the perfect solution. From casual day-to-day looks, to gorgeous evening ensembles, this versatile hijab is sure to help you create any kind of look that you desire. Check it out today and start feeling confident in [&#8230;]\n","protected":false},"featured_media":1115,"comment_status":"open","ping_status":"closed","template":"","meta":[],"product_brand":[],"product_cat":[80],"product_tag":[],"class_list":{"0":"post-519","1":"product","2":"type-product","3":"status-publish","4":"has-post-thumbnail","6":"product_cat-instant-hijab","8":"first","9":"instock","10":"shipping-taxable","11":"purchasable","12":"product-type-simple"},"_links":{"self":[{"href":"https:\/\/hicabistan.com\/fr\/wp-json\/wp\/v2\/product\/519","targetHints":{"allow":["GET"]}}],"collection":[{"href":"https:\/\/hicabistan.com\/fr\/wp-json\/wp\/v2\/product"}],"about":[{"href":"https:\/\/hicabistan.com\/fr\/wp-json\/wp\/v2\/types\/product"}],"replies":[{"embeddable":true,"href":"https:\/\/hicabistan.com\/fr\/wp-json\/wp\/v2\/comments?post=519"}],"wp:featuredmedia":[{"embeddable":true,"href":"https:\/\/hicabistan.com\/fr\/wp-json\/wp\/v2\/media\/1115"}],"wp:attachment":[{"href":"https:\/\/hicabistan.com\/fr\/wp-json\/wp\/v2\/media?parent=519"}],"wp:term":[{"taxonomy":"product_brand","embeddable":true,"href":"https:\/\/hicabistan.com\/fr\/wp-json\/wp\/v2\/product_brand?post=519"},{"taxonomy":"product_cat","embeddable":true,"href":"https:\/\/hicabistan.com\/fr\/wp-json\/wp\/v2\/product_cat?post=519"},{"taxonomy":"product_tag","embeddable":true,"href":"https:\/\/hicabistan.com\/fr\/wp-json\/wp\/v2\/product_tag?post=519"}],"curies":[{"name":"wp","href":"https:\/\/api.w.org\/{rel}","templated":true}]}}