{"id":5675,"date":"2023-04-17T10:55:11","date_gmt":"2023-04-17T10:55:11","guid":{"rendered":"https:\/\/hicabistan.com\/?post_type=product&#038;p=5675"},"modified":"2024-10-09T10:45:53","modified_gmt":"2024-10-09T10:45:53","slug":"hijab-instantane-en-mousseline-de-qualite-superieure","status":"publish","type":"product","link":"https:\/\/hicabistan.com\/fr\/hijab-instantane-en-mousseline-de-qualite-superieure\/","title":{"rendered":"Hijab instantan\u00e9 en mousseline de qualit\u00e9 sup\u00e9rieure"},"content":{"rendered":"<p>Le hijab instantan\u00e9 en mousseline de qualit\u00e9 sup\u00e9rieure est parfait pour ceux qui veulent avoir l&#039;air \u00e9l\u00e9gant et \u00e9l\u00e9gant sans les tracas de l&#039;emballage traditionnel du hijab. Fabriqu\u00e9 \u00e0 partir de tissu en mousseline de haute qualit\u00e9, il drape magnifiquement et est facile \u00e0 porter. Le hijab est livr\u00e9 avec un bandeau int\u00e9rieur attach\u00e9 pour plus de confort et de s\u00e9curit\u00e9, et est disponible dans une gamme de belles couleurs pour s&#039;adapter \u00e0 toutes les occasions.<\/p>\n<p>Caract\u00e9ristiques:<br \/>\n\u2013 Fabriqu\u00e9 \u00e0 partir de tissu en mousseline de haute qualit\u00e9<br \/>\n\u2013 Bandeau int\u00e9rieur attach\u00e9 pour plus de confort et de s\u00e9curit\u00e9<br \/>\n\u2013 Facile \u00e0 porter et \u00e0 styler<br \/>\n\u2013 Disponible dans une gamme de belles couleurs<\/p>\n<p>Avantages:<br \/>\n- Ayez l&#039;air \u00e9l\u00e9gant et \u00e9l\u00e9gant sans les tracas de l&#039;emballage traditionnel du hijab<br \/>\n\u2013 Gagnez du temps et des efforts pour vous pr\u00e9parer le matin<br \/>\n\u2013 Restez \u00e0 l&#039;aise et en s\u00e9curit\u00e9 toute la journ\u00e9e<br \/>\n- Choisissez parmi une gamme de belles couleurs pour convenir \u00e0 toutes les occasions<\/p>\n<p>Remarque : dans ce produit, au moins 10 pi\u00e8ces de 1 couleur sont produites. Vous devez acheter au moins 10 pi\u00e8ces en 1 couleur.<\/p>","protected":false},"excerpt":{"rendered":"<p>Premium Instant Chiffon Hijab is perfect for those who want to look stylish and elegant without the hassle of traditional hijab wrapping. Made from high-quality chiffon fabric, it drapes beautifully and is easy to wear. The hijab comes with an attached inner headband for added comfort and security, and is available in a range of [&#8230;]\n","protected":false},"featured_media":5676,"comment_status":"open","ping_status":"closed","template":"","meta":[],"product_brand":[],"product_cat":[80],"product_tag":[179],"class_list":{"0":"post-5675","1":"product","2":"type-product","3":"status-publish","4":"has-post-thumbnail","6":"product_cat-instant-hijab","7":"product_tag-premium-instant-chiffon-hijab","9":"first","10":"instock","11":"shipping-taxable","12":"purchasable","13":"product-type-simple"},"_links":{"self":[{"href":"https:\/\/hicabistan.com\/fr\/wp-json\/wp\/v2\/product\/5675","targetHints":{"allow":["GET"]}}],"collection":[{"href":"https:\/\/hicabistan.com\/fr\/wp-json\/wp\/v2\/product"}],"about":[{"href":"https:\/\/hicabistan.com\/fr\/wp-json\/wp\/v2\/types\/product"}],"replies":[{"embeddable":true,"href":"https:\/\/hicabistan.com\/fr\/wp-json\/wp\/v2\/comments?post=5675"}],"wp:featuredmedia":[{"embeddable":true,"href":"https:\/\/hicabistan.com\/fr\/wp-json\/wp\/v2\/media\/5676"}],"wp:attachment":[{"href":"https:\/\/hicabistan.com\/fr\/wp-json\/wp\/v2\/media?parent=5675"}],"wp:term":[{"taxonomy":"product_brand","embeddable":true,"href":"https:\/\/hicabistan.com\/fr\/wp-json\/wp\/v2\/product_brand?post=5675"},{"taxonomy":"product_cat","embeddable":true,"href":"https:\/\/hicabistan.com\/fr\/wp-json\/wp\/v2\/product_cat?post=5675"},{"taxonomy":"product_tag","embeddable":true,"href":"https:\/\/hicabistan.com\/fr\/wp-json\/wp\/v2\/product_tag?post=5675"}],"curies":[{"name":"wp","href":"https:\/\/api.w.org\/{rel}","templated":true}]}}