{"id":5715,"date":"2023-04-26T23:40:48","date_gmt":"2023-04-26T23:40:48","guid":{"rendered":"https:\/\/hicabistan.com\/?post_type=product&#038;p=5715"},"modified":"2024-10-09T10:45:53","modified_gmt":"2024-10-09T10:45:53","slug":"lux-sandy-hijab-abaya-emerald","status":"publish","type":"product","link":"https:\/\/hicabistan.com\/fr\/lux-sandy-hijab-abaya-emerald\/","title":{"rendered":"Lux Sandy Hijab Abaya \u00c9meraude"},"content":{"rendered":"<div>Informations sur le produit<\/div>\n<div><\/div>\n<div>Longueur avant : 120 cm<\/div>\n<div>Longueur du dos : 147 cm<\/div>\n<div><\/div>\n<div><\/div>\n<div>Notre robe abaya de la nouvelle saison a \u00e9t\u00e9 sp\u00e9cialement con\u00e7ue pour vous. Notre Lux Sandy Hijab Abaya Emerald a son propre bonnet. Fabriqu\u00e9 en tissu Sandy. Il est assez spacieux et confortable. Diff\u00e9rentes couleurs sont disponibles. Taille standard<\/div>\n<div><\/div>\n<div>Informations sur le tissu<\/div>\n<div><\/div>\n<div>Polyester 95%<\/div>\n<div>5% Coton<\/div>\n<div><\/div>\n<div><\/div>\n<div>Informations sur le mod\u00e8le<\/div>\n<div><\/div>\n<div>Hauteur : 167 cm<\/div>\n<div>Buste : 83 cm<\/div>\n<div>Tour de taille : 62 cm<\/div>\n<div>Hanche : 93 cm<\/div>\n<div><\/div>\n<div>Le produit sur le mod\u00e8le est de taille \u2013 Standard \u2013.<\/div>","protected":false},"excerpt":{"rendered":"<p>\u200bProduct Information Front Length: 120 cm Back Length: 147 cm Our new season abaya dress has been specially designed for you. Our Lux Sandy Hijab Abaya Emerald has its own bonnet. Made of Sandy fabric. It is quite spacious and comfortable. Different colors are available. Standart Size Fabric Information 95% Polyester 5% Cotton Model Information [&#8230;]\n","protected":false},"featured_media":5718,"comment_status":"open","ping_status":"closed","template":"","meta":[],"product_brand":[],"product_cat":[82],"product_tag":[],"class_list":{"0":"post-5715","1":"product","2":"type-product","3":"status-publish","4":"has-post-thumbnail","6":"product_cat-abaya","8":"first","9":"instock","10":"shipping-taxable","11":"purchasable","12":"product-type-simple"},"_links":{"self":[{"href":"https:\/\/hicabistan.com\/fr\/wp-json\/wp\/v2\/product\/5715","targetHints":{"allow":["GET"]}}],"collection":[{"href":"https:\/\/hicabistan.com\/fr\/wp-json\/wp\/v2\/product"}],"about":[{"href":"https:\/\/hicabistan.com\/fr\/wp-json\/wp\/v2\/types\/product"}],"replies":[{"embeddable":true,"href":"https:\/\/hicabistan.com\/fr\/wp-json\/wp\/v2\/comments?post=5715"}],"wp:featuredmedia":[{"embeddable":true,"href":"https:\/\/hicabistan.com\/fr\/wp-json\/wp\/v2\/media\/5718"}],"wp:attachment":[{"href":"https:\/\/hicabistan.com\/fr\/wp-json\/wp\/v2\/media?parent=5715"}],"wp:term":[{"taxonomy":"product_brand","embeddable":true,"href":"https:\/\/hicabistan.com\/fr\/wp-json\/wp\/v2\/product_brand?post=5715"},{"taxonomy":"product_cat","embeddable":true,"href":"https:\/\/hicabistan.com\/fr\/wp-json\/wp\/v2\/product_cat?post=5715"},{"taxonomy":"product_tag","embeddable":true,"href":"https:\/\/hicabistan.com\/fr\/wp-json\/wp\/v2\/product_tag?post=5715"}],"curies":[{"name":"wp","href":"https:\/\/api.w.org\/{rel}","templated":true}]}}