{"id":5854,"date":"2023-05-26T12:21:46","date_gmt":"2023-05-26T12:21:46","guid":{"rendered":"https:\/\/hicabistan.com\/?post_type=product&#038;p=5854"},"modified":"2024-10-09T10:45:55","modified_gmt":"2024-10-09T10:45:55","slug":"maillot-de-bain-voile-uni-demi-fermeture-eclair-noir","status":"publish","type":"product","link":"https:\/\/hicabistan.com\/fr\/maillot-de-bain-voile-uni-demi-fermeture-eclair-noir\/","title":{"rendered":"Maillot de Bain Voile Uni Demi Zipp\u00e9 Noir"},"content":{"rendered":"<div>Information produit<\/div>\n<div><\/div>\n<div>-Il se compose de quatre parties.<\/div>\n<div>-Haut manches longues, bas long, bonnet, bustier<\/div>\n<div>-Ne se voit pas \u00e0 l&#039;int\u00e9rieur<\/div>\n<div><\/div>\n<div>HAUT<\/div>\n<div><\/div>\n<div>Hauteur : 94cm<\/div>\n<div>Buste : 88cm<\/div>\n<div>Tour de taille : 78cm<\/div>\n<div><\/div>\n<div>INF\u00c9RIEUR<\/div>\n<div><\/div>\n<div>Hauteur : 97cm<\/div>\n<div>Tour de taille : 56cm<\/div>\n<div>Jambe : 30 cm<\/div>\n<div><\/div>\n<div>Le produit sur le mod\u00e8le est - S - taille.<\/div>\n<div><\/div>\n<div>Informations sur le tissu<\/div>\n<div><\/div>\n<div>Polyester 100%<\/div>\n<div><\/div>\n<div>Nous vous recommandons de pr\u00eater attention aux points suivants afin d&#039;utiliser votre produit plus longtemps.<\/div>\n<div>Ne gardez pas votre maillot de bain mouill\u00e9 dans un sac plastique ferm\u00e9.<\/div>\n<div>Les couleurs fluorescentes s&#039;estompent plus rapidement que les autres couleurs sous l&#039;effet de la lumi\u00e8re du soleil, du chlore de la piscine et du sel marin. Ce r\u00e9sultat est naturel.<\/div>\n<div>Ne gardez pas plus d&#039;une couleur mouill\u00e9e ensemble. S\u00e9chez votre maillot de bain en le posant \u00e0 l&#039;ombre et au contraire, pas en plein soleil.<\/div>\n<div>Il est connu que le chlore utilis\u00e9 dans les piscines pour assurer l&#039;hygi\u00e8ne endommage le tissu des maillots de bain. (B\u00e2illement - D\u00e9coloration rapide)<\/div>\n<div>Lavez votre maillot de bain \u00e0 la main avec du savon blanc et de l&#039;eau ti\u00e8de apr\u00e8s chaque utilisation.<\/div>\n<div>Ne lavez pas votre maillot de bain en machine et \u00e0 l&#039;eau chaude, car il perdrait son imperm\u00e9abilit\u00e9 et sa d\u00e9perlance en ne collant pas \u00e0 la peau.<\/div>\n<div>N&#039;utilisez pas d&#039;eau de Javel ni d&#039;autres agents de nettoyage \u00e0 base d&#039;eau de Javel.<\/div>\n<div>Tous les tissus peluchent \u00e0 cause du frottement. Pour cette raison, prot\u00e9gez votre maillot de bain des contacts de surface et des surfaces o\u00f9 il peut \u00eatre port\u00e9.<\/div>","protected":false},"excerpt":{"rendered":"<p>Product Information -It consists of four parts. -Long sleeve top, long bottom, bonnet, bustier -Doesn&#8217;t show inside TOP Height: 94 cm Bust: 88cm Waist: 78cm LOWER Height: 97 cm Waist: 56cm Leg: 30 cm The product on the model is &#8211; S &#8211; size. Fabric Information 100% Polyester We recommend that you pay attention to [&#8230;]\n","protected":false},"featured_media":5862,"comment_status":"open","ping_status":"closed","template":"","meta":[],"product_brand":[],"product_cat":[102],"product_tag":[],"class_list":{"0":"post-5854","1":"product","2":"type-product","3":"status-publish","4":"has-post-thumbnail","6":"product_cat-burkini","8":"first","9":"instock","10":"shipping-taxable","11":"purchasable","12":"product-type-variable"},"_links":{"self":[{"href":"https:\/\/hicabistan.com\/fr\/wp-json\/wp\/v2\/product\/5854","targetHints":{"allow":["GET"]}}],"collection":[{"href":"https:\/\/hicabistan.com\/fr\/wp-json\/wp\/v2\/product"}],"about":[{"href":"https:\/\/hicabistan.com\/fr\/wp-json\/wp\/v2\/types\/product"}],"replies":[{"embeddable":true,"href":"https:\/\/hicabistan.com\/fr\/wp-json\/wp\/v2\/comments?post=5854"}],"wp:featuredmedia":[{"embeddable":true,"href":"https:\/\/hicabistan.com\/fr\/wp-json\/wp\/v2\/media\/5862"}],"wp:attachment":[{"href":"https:\/\/hicabistan.com\/fr\/wp-json\/wp\/v2\/media?parent=5854"}],"wp:term":[{"taxonomy":"product_brand","embeddable":true,"href":"https:\/\/hicabistan.com\/fr\/wp-json\/wp\/v2\/product_brand?post=5854"},{"taxonomy":"product_cat","embeddable":true,"href":"https:\/\/hicabistan.com\/fr\/wp-json\/wp\/v2\/product_cat?post=5854"},{"taxonomy":"product_tag","embeddable":true,"href":"https:\/\/hicabistan.com\/fr\/wp-json\/wp\/v2\/product_tag?post=5854"}],"curies":[{"name":"wp","href":"https:\/\/api.w.org\/{rel}","templated":true}]}}