{"id":596,"date":"2023-01-05T15:14:11","date_gmt":"2023-01-05T15:14:11","guid":{"rendered":"https:\/\/hicabistan.com\/?post_type=product&#038;p=596"},"modified":"2024-10-09T10:45:54","modified_gmt":"2024-10-09T10:45:54","slug":"premium-jersey-prayer-dress","status":"publish","type":"product","link":"https:\/\/hicabistan.com\/fr\/premium-jersey-prayer-dress\/","title":{"rendered":"Robe de pri\u00e8re en jersey de qualit\u00e9 sup\u00e9rieure"},"content":{"rendered":"<h1>Quel est le meilleur mat\u00e9riel de robe de pri\u00e8re en gros ?<\/h1>\n<p>Des dizaines de tissus diff\u00e9rents sont utilis\u00e9s sur le march\u00e9. Cependant, le produit le plus vendu en termes de tissu et de qualit\u00e9 est la robe de pri\u00e8re en deux pi\u00e8ces fabriqu\u00e9e avec Premium Jersey.<\/p>\n<figure id=\"attachment_597\" aria-describedby=\"caption-attachment-597\" style=\"width: 267px\" class=\"wp-caption alignright\"><img loading=\"lazy\" decoding=\"async\" class=\"size-medium wp-image-597\" src=\"https:\/\/hicabistan.com\/wp-content\/uploads\/2023\/01\/74890794-9ce5-4ff9-8db3-c0145826d8bd-267x400.jpg\" alt=\"Vente en gros Robe de Pri\u00e8re\" width=\"267\" height=\"400\" srcset=\"https:\/\/hicabistan.com\/wp-content\/uploads\/2023\/01\/74890794-9ce5-4ff9-8db3-c0145826d8bd-267x400.jpg 267w, https:\/\/hicabistan.com\/wp-content\/uploads\/2023\/01\/74890794-9ce5-4ff9-8db3-c0145826d8bd-247x371.jpg 247w, https:\/\/hicabistan.com\/wp-content\/uploads\/2023\/01\/74890794-9ce5-4ff9-8db3-c0145826d8bd-510x765.jpg 510w, https:\/\/hicabistan.com\/wp-content\/uploads\/2023\/01\/74890794-9ce5-4ff9-8db3-c0145826d8bd-533x800.jpg 533w, https:\/\/hicabistan.com\/wp-content\/uploads\/2023\/01\/74890794-9ce5-4ff9-8db3-c0145826d8bd-768x1152.jpg 768w, https:\/\/hicabistan.com\/wp-content\/uploads\/2023\/01\/74890794-9ce5-4ff9-8db3-c0145826d8bd-1024x1536.jpg 1024w, https:\/\/hicabistan.com\/wp-content\/uploads\/2023\/01\/74890794-9ce5-4ff9-8db3-c0145826d8bd.jpg 1200w\" sizes=\"auto, (max-width: 267px) 100vw, 267px\" \/><figcaption id=\"caption-attachment-597\" class=\"wp-caption-text\">Vente en gros Robe de Pri\u00e8re<\/figcaption><\/figure>\n<h2>Est-il utilis\u00e9 uniquement lors de la pri\u00e8re?<\/h2>\n<p>Vous pouvez l&#039;utiliser non seulement pendant la pri\u00e8re, mais aussi lorsque vous sortez, en portant un <a title=\"Abaya\" href=\"https:\/\/hicabistan.com\/fr\/abaya\/\">Abaya<\/a>. C&#039;est un produit de rapport qualit\u00e9-prix qui peut \u00eatre utilis\u00e9 facilement en 4 saisons. A avoir dans votre magasin.<\/p>\n<h3>Nettoyage et entretien des robes de pri\u00e8re<\/h3>\n<p>Il faut faire attention aux conditions du voile dans la pri\u00e8re, qui est l&#039;un des actes de culte obligatoires pour les musulmans. Il est \u00e9galement souhaitable que le lieu de culte et les v\u00eatements soient propres. Il est important \u00e0 cet \u00e9gard que les v\u00eatements de pri\u00e8re, qui doivent \u00eatre fr\u00e9quemment nettoy\u00e9s, soient faciles \u00e0 entretenir. Les produits fabriqu\u00e9s \u00e0 partir de tissus qui ne n\u00e9cessitent pas de nettoyage \u00e0 sec sont g\u00e9n\u00e9ralement r\u00e9sistants aux taches. Il faut veiller \u00e0 laver les v\u00eatements avec du lycra et une structure souple \u00e0 basse temp\u00e9rature afin qu&#039;ils ne r\u00e9tr\u00e9cissent pas. Si un repassage est n\u00e9cessaire, il est recommand\u00e9 de traiter \u00e0 basse temp\u00e9rature.<br \/>\nLes produits color\u00e9s et \u00e0 motifs doivent \u00eatre s\u00e9ch\u00e9s \u00e0 l&#039;abri de la lumi\u00e8re directe du soleil.<\/p>\n<h3>Que portent les musulmans lorsqu&#039;ils prient ?<\/h3>\n<p>Dans l&#039;islam, vous n&#039;\u00eates pas oblig\u00e9 d&#039;accomplir vos pri\u00e8res uniquement en tenue de pri\u00e8re hijab. Vous pouvez prier dans vos v\u00eatements quotidiens lorsque vous \u00eates \u00e0 l&#039;ext\u00e9rieur ou en visite. Si vous voulez vous sentir plus \u00e0 l&#039;aise, vous pouvez prier avec la robe de pri\u00e8re portable. Parce que tous les produits de cette vente sont l\u00e9gers, ils peuvent facilement se glisser dans vos sacs et sont faciles \u00e0 porter.<\/p>\n<h3>Comment se d\u00e9roule le processus d&#039;achat en gros\u00a0?<\/h3>\n<p>De nombreuses usines et entreprises de vente en gros dans le monde vendent leurs produits en s\u00e9rie. En tant qu&#039;entreprise Hicabistan, nous ne vendons aucun produit en s\u00e9rie. Vous pouvez acheter la couleur que vous souhaitez dans la quantit\u00e9 souhait\u00e9e et la m\u00e9langer avec d&#039;autres produits. De cette fa\u00e7on, nous soutenons les boutiques qui ouvrent de nouvelles entreprises ou les entreprises qui vendent \u00e0 domicile.<\/p>","protected":false},"excerpt":{"rendered":"<p>What is the best wholesale prayer dress material? Dozens of different fabrics are used in the market. However, the best selling product in terms of fabric and quality is the two piece prayer dress produced with Premium Jersey. Is it only used when praying? You can use it not only while praying, but also when [&#8230;]\n","protected":false},"featured_media":598,"comment_status":"open","ping_status":"closed","template":"","meta":[],"product_brand":[],"product_cat":[98],"product_tag":[],"class_list":{"0":"post-596","1":"product","2":"type-product","3":"status-publish","4":"has-post-thumbnail","6":"product_cat-wholesale-prayer-dress","8":"first","9":"instock","10":"shipping-taxable","11":"purchasable","12":"product-type-simple"},"_links":{"self":[{"href":"https:\/\/hicabistan.com\/fr\/wp-json\/wp\/v2\/product\/596","targetHints":{"allow":["GET"]}}],"collection":[{"href":"https:\/\/hicabistan.com\/fr\/wp-json\/wp\/v2\/product"}],"about":[{"href":"https:\/\/hicabistan.com\/fr\/wp-json\/wp\/v2\/types\/product"}],"replies":[{"embeddable":true,"href":"https:\/\/hicabistan.com\/fr\/wp-json\/wp\/v2\/comments?post=596"}],"wp:featuredmedia":[{"embeddable":true,"href":"https:\/\/hicabistan.com\/fr\/wp-json\/wp\/v2\/media\/598"}],"wp:attachment":[{"href":"https:\/\/hicabistan.com\/fr\/wp-json\/wp\/v2\/media?parent=596"}],"wp:term":[{"taxonomy":"product_brand","embeddable":true,"href":"https:\/\/hicabistan.com\/fr\/wp-json\/wp\/v2\/product_brand?post=596"},{"taxonomy":"product_cat","embeddable":true,"href":"https:\/\/hicabistan.com\/fr\/wp-json\/wp\/v2\/product_cat?post=596"},{"taxonomy":"product_tag","embeddable":true,"href":"https:\/\/hicabistan.com\/fr\/wp-json\/wp\/v2\/product_tag?post=596"}],"curies":[{"name":"wp","href":"https:\/\/api.w.org\/{rel}","templated":true}]}}