{"id":5986,"date":"2023-08-22T12:20:17","date_gmt":"2023-08-22T12:20:17","guid":{"rendered":"https:\/\/hicabistan.com\/?post_type=product&#038;p=5986"},"modified":"2024-10-09T10:45:55","modified_gmt":"2024-10-09T10:45:55","slug":"layla-double-abaya-jazz-beige","status":"publish","type":"product","link":"https:\/\/hicabistan.com\/fr\/layla-double-abaya-jazz-beige\/","title":{"rendered":"Abaya Double Layla Jazz Beige"},"content":{"rendered":"<h2 style=\"text-align: center;\">Abaya Double Layla Jazz Beige<\/h2>\n<ul>\n<li>Le produit est saisonnier. Le produit se compose de deux parties, la robe int\u00e9rieure et l&#039;abaya. La taille est ceintur\u00e9e et les poignets des manches sont larges. C&#039;est une abaya hijabi confortable.<\/li>\n<li>Longueur : Robe int\u00e9rieure : 143 cm Abaya ext\u00e9rieure : 150 cm<\/li>\n<li>Caract\u00e9ristique du tissu : il est fabriqu\u00e9 en tissu Aerobin (JAZZ).<\/li>\n<li>Il est recommand\u00e9 de commander la taille que vous utilisez normalement.<\/li>\n<li>Dimensions du mannequin : Taille 38 \/ Hauteur 1,68 cm \/ Hanche 90 cm \/ Taille 77 cm \/ Buste 90 cm<\/li>\n<li>Instructions de lavage : il doit \u00eatre lav\u00e9 \u00e0 l&#039;envers \u00e0 30\u00b0 (degr\u00e9 le plus bas).<\/li>\n<li>Il peut y avoir une diff\u00e9rence de tonalit\u00e9 dans la couleur du produit en raison de la prise de vue<\/li>\n<\/ul>","protected":false},"excerpt":{"rendered":"<p>Layla Double Abaya Jazz Beige The product is seasonal. The product consists of two parts, the inner dress and the abaya. The waist is belted and the sleeve cuffs are wide. It is a comfortable hijabi abaya. Length: Inner Dress: 143cm Outer Abaya: 150cm Fabric Feature: It is made of Aerobin( JAZZ) fabric. It is [&#8230;]\n","protected":false},"featured_media":5992,"comment_status":"closed","ping_status":"closed","template":"","meta":[],"product_brand":[],"product_cat":[82],"product_tag":[],"class_list":{"0":"post-5986","1":"product","2":"type-product","3":"status-publish","4":"has-post-thumbnail","6":"product_cat-abaya","8":"first","9":"instock","10":"sale","11":"shipping-taxable","12":"purchasable","13":"product-type-variable"},"_links":{"self":[{"href":"https:\/\/hicabistan.com\/fr\/wp-json\/wp\/v2\/product\/5986","targetHints":{"allow":["GET"]}}],"collection":[{"href":"https:\/\/hicabistan.com\/fr\/wp-json\/wp\/v2\/product"}],"about":[{"href":"https:\/\/hicabistan.com\/fr\/wp-json\/wp\/v2\/types\/product"}],"replies":[{"embeddable":true,"href":"https:\/\/hicabistan.com\/fr\/wp-json\/wp\/v2\/comments?post=5986"}],"wp:featuredmedia":[{"embeddable":true,"href":"https:\/\/hicabistan.com\/fr\/wp-json\/wp\/v2\/media\/5992"}],"wp:attachment":[{"href":"https:\/\/hicabistan.com\/fr\/wp-json\/wp\/v2\/media?parent=5986"}],"wp:term":[{"taxonomy":"product_brand","embeddable":true,"href":"https:\/\/hicabistan.com\/fr\/wp-json\/wp\/v2\/product_brand?post=5986"},{"taxonomy":"product_cat","embeddable":true,"href":"https:\/\/hicabistan.com\/fr\/wp-json\/wp\/v2\/product_cat?post=5986"},{"taxonomy":"product_tag","embeddable":true,"href":"https:\/\/hicabistan.com\/fr\/wp-json\/wp\/v2\/product_tag?post=5986"}],"curies":[{"name":"wp","href":"https:\/\/api.w.org\/{rel}","templated":true}]}}