{"id":5995,"date":"2023-08-22T12:10:33","date_gmt":"2023-08-22T12:10:33","guid":{"rendered":"https:\/\/hicabistan.com\/?post_type=product&#038;p=5995"},"modified":"2024-10-09T10:45:55","modified_gmt":"2024-10-09T10:45:55","slug":"satin-kimono-abaya-blue","status":"publish","type":"product","link":"https:\/\/hicabistan.com\/fr\/satin-kimono-abaya-blue\/","title":{"rendered":"Abaya Kimono Satin Bleu"},"content":{"rendered":"<h2 style=\"text-align: center;\">Abaya Kimono Satin Bleu<\/h2>\n<ul>\n<li>Le produit est saisonnier. Les poignets ouverts sur le devant sont \u00e9lastiqu\u00e9s et ceintur\u00e9s \u00e0 la taille. Le mod\u00e8le oversize de kimono abaya le plus \u00e9l\u00e9gant, la combinaison confortable est avec vous.<\/li>\n<li>Longueur : 142cm<\/li>\n<li>Caract\u00e9ristique du tissu : fabriqu\u00e9 en tissu satin\u00e9.<\/li>\n<li>Il est recommand\u00e9 de commander la taille que vous utilisez normalement.<\/li>\n<li>Dimensions du mannequin : Taille 38 \/ Hauteur 1,68 cm \/ Hanche 90 cm \/ Taille 77 cm \/ Buste 90 cm<\/li>\n<li>Instructions de lavage : il doit \u00eatre lav\u00e9 \u00e0 l&#039;envers \u00e0 30\u00b0 (degr\u00e9 le plus bas).<\/li>\n<li>Il peut y avoir une diff\u00e9rence de tonalit\u00e9 dans la couleur du produit en raison de la prise de vue.<\/li>\n<\/ul>","protected":false},"excerpt":{"rendered":"<p>Satin Kimono Abaya Blue The product is seasonal. Open front sleeve cuffs are elasticated and belted at the waist. The most stylish abaya kimono oversize model , comfortable combination is with you. Length: 142cm Fabric Feature: Made of satin fabric. It is recommended to order the size you normally use. Model Dimensions: Size 38 \/ [&#8230;]\n","protected":false},"featured_media":6003,"comment_status":"closed","ping_status":"closed","template":"","meta":[],"product_brand":[],"product_cat":[82],"product_tag":[],"class_list":{"0":"post-5995","1":"product","2":"type-product","3":"status-publish","4":"has-post-thumbnail","6":"product_cat-abaya","8":"first","9":"instock","10":"sale","11":"shipping-taxable","12":"purchasable","13":"product-type-variable"},"_links":{"self":[{"href":"https:\/\/hicabistan.com\/fr\/wp-json\/wp\/v2\/product\/5995","targetHints":{"allow":["GET"]}}],"collection":[{"href":"https:\/\/hicabistan.com\/fr\/wp-json\/wp\/v2\/product"}],"about":[{"href":"https:\/\/hicabistan.com\/fr\/wp-json\/wp\/v2\/types\/product"}],"replies":[{"embeddable":true,"href":"https:\/\/hicabistan.com\/fr\/wp-json\/wp\/v2\/comments?post=5995"}],"wp:featuredmedia":[{"embeddable":true,"href":"https:\/\/hicabistan.com\/fr\/wp-json\/wp\/v2\/media\/6003"}],"wp:attachment":[{"href":"https:\/\/hicabistan.com\/fr\/wp-json\/wp\/v2\/media?parent=5995"}],"wp:term":[{"taxonomy":"product_brand","embeddable":true,"href":"https:\/\/hicabistan.com\/fr\/wp-json\/wp\/v2\/product_brand?post=5995"},{"taxonomy":"product_cat","embeddable":true,"href":"https:\/\/hicabistan.com\/fr\/wp-json\/wp\/v2\/product_cat?post=5995"},{"taxonomy":"product_tag","embeddable":true,"href":"https:\/\/hicabistan.com\/fr\/wp-json\/wp\/v2\/product_tag?post=5995"}],"curies":[{"name":"wp","href":"https:\/\/api.w.org\/{rel}","templated":true}]}}