{"id":6035,"date":"2023-08-22T12:25:47","date_gmt":"2023-08-22T12:25:47","guid":{"rendered":"https:\/\/hicabistan.com\/?post_type=product&#038;p=6035"},"modified":"2024-10-09T10:45:55","modified_gmt":"2024-10-09T10:45:55","slug":"jeida-abaya-jazz-kaki","status":"publish","type":"product","link":"https:\/\/hicabistan.com\/fr\/jeida-abaya-jazz-kaki\/","title":{"rendered":"Jeida Abaya Jazz Kaki"},"content":{"rendered":"<h2 style=\"text-align: center;\">Jeida Abaya Jazz Kaki<\/h2>\n<ul>\n<li>Le produit est saisonnier. Le produit est un collier de v\u00e9lo et il y a un bouton \u00e0 l&#039;arri\u00e8re pour une utilisation facile. Les manches sont des manches chauve-souris et les poignets des manches sont d\u00e9taill\u00e9s. Il s&#039;agit d&#039;un mod\u00e8le d&#039;abaya confortable non doubl\u00e9 et overrsize.<\/li>\n<li>Longueur : 147cm<\/li>\n<li>Caract\u00e9ristique du tissu : il est fabriqu\u00e9 en tissu aerobin.<\/li>\n<li>\u00c9tant donn\u00e9 que le produit est enti\u00e8rement moul\u00e9, il est recommand\u00e9 de commander la taille que vous utilisez normalement.<\/li>\n<li>Dimensions du mannequin : Taille 38 \/ Hauteur 1,68 cm \/ Hanche 90 cm \/ Taille 77 cm \/ Buste 90 cm<\/li>\n<li>Instructions de lavage : il doit \u00eatre lav\u00e9 \u00e0 l&#039;envers \u00e0 30\u00b0 (degr\u00e9 le plus bas).<\/li>\n<li>Il peut y avoir une diff\u00e9rence de tonalit\u00e9 dans la couleur du produit en raison de la prise de vue.<\/li>\n<\/ul>","protected":false},"excerpt":{"rendered":"<p>Jeida Abaya Jazz Khaki The product is seasonal. The product is a bicycle collar and there is a button on the back for easy use. The sleeves are bat sleeves and the sleeve cuffs are detailed. It is an unlined, overrsize comfortable abaya model. Length: 147cm Fabric Feature: It is made of aerobin fabric. Since [&#8230;]\n","protected":false},"featured_media":6040,"comment_status":"closed","ping_status":"closed","template":"","meta":[],"product_brand":[],"product_cat":[82],"product_tag":[],"class_list":{"0":"post-6035","1":"product","2":"type-product","3":"status-publish","4":"has-post-thumbnail","6":"product_cat-abaya","8":"first","9":"instock","10":"sale","11":"shipping-taxable","12":"purchasable","13":"product-type-variable"},"_links":{"self":[{"href":"https:\/\/hicabistan.com\/fr\/wp-json\/wp\/v2\/product\/6035","targetHints":{"allow":["GET"]}}],"collection":[{"href":"https:\/\/hicabistan.com\/fr\/wp-json\/wp\/v2\/product"}],"about":[{"href":"https:\/\/hicabistan.com\/fr\/wp-json\/wp\/v2\/types\/product"}],"replies":[{"embeddable":true,"href":"https:\/\/hicabistan.com\/fr\/wp-json\/wp\/v2\/comments?post=6035"}],"wp:featuredmedia":[{"embeddable":true,"href":"https:\/\/hicabistan.com\/fr\/wp-json\/wp\/v2\/media\/6040"}],"wp:attachment":[{"href":"https:\/\/hicabistan.com\/fr\/wp-json\/wp\/v2\/media?parent=6035"}],"wp:term":[{"taxonomy":"product_brand","embeddable":true,"href":"https:\/\/hicabistan.com\/fr\/wp-json\/wp\/v2\/product_brand?post=6035"},{"taxonomy":"product_cat","embeddable":true,"href":"https:\/\/hicabistan.com\/fr\/wp-json\/wp\/v2\/product_cat?post=6035"},{"taxonomy":"product_tag","embeddable":true,"href":"https:\/\/hicabistan.com\/fr\/wp-json\/wp\/v2\/product_tag?post=6035"}],"curies":[{"name":"wp","href":"https:\/\/api.w.org\/{rel}","templated":true}]}}